{"id":6389,"date":"2025-04-29T20:42:38","date_gmt":"2025-04-30T00:42:38","guid":{"rendered":"https:\/\/echappetoi.com\/?page_id=6389"},"modified":"2025-04-29T20:42:38","modified_gmt":"2025-04-30T00:42:38","slug":"jeu-evasion-prison-montreal-2","status":"publish","type":"page","link":"https:\/\/echappetoi.com\/en\/jeu-evasion-montreal\/jeu-evasion-prison-montreal-2\/","title":{"rendered":"The Dungeons of  Pied-du-Courant"},"content":{"rendered":"<div id=\"pl-6389\"  class=\"panel-layout\" ><div id=\"pg-6389-0\"  class=\"panel-grid panel-no-style\" ><div id=\"pgc-6389-0-0\"  class=\"panel-grid-cell\" ><div id=\"panel-6389-0-0-0\" class=\"so-panel widget widget_sow-image panel-first-child panel-last-child\" data-index=\"0\" ><div\n\t\t\t\n\t\t\tclass=\"so-widget-sow-image so-widget-sow-image-default-c67d20f9f743-6389\"\n\t\t\t\n\t\t>\n<div class=\"sow-image-container\">\n\t\t<img fetchpriority=\"high\" \n\tsrc=\"https:\/\/echappetoi.com\/wp-content\/uploads\/2018\/06\/Header-Scenario-Oubliettes-Pied-Courant-Echappe-Toi-EN.jpg\" width=\"1000\" height=\"372\" srcset=\"https:\/\/echappetoi.com\/wp-content\/uploads\/2018\/06\/Header-Scenario-Oubliettes-Pied-Courant-Echappe-Toi-EN.jpg 1000w, https:\/\/echappetoi.com\/wp-content\/uploads\/2018\/06\/Header-Scenario-Oubliettes-Pied-Courant-Echappe-Toi-EN-300x112.jpg 300w, https:\/\/echappetoi.com\/wp-content\/uploads\/2018\/06\/Header-Scenario-Oubliettes-Pied-Courant-Echappe-Toi-EN-768x286.jpg 768w\" sizes=\"(max-width: 1000px) 100vw, 1000px\" alt=\"The Dungeons Of Pied-du-courant - Echappe-Toi Montr\u00e9al\" \t\tclass=\"so-widget-image\"\/>\n\t<\/div>\n\n<\/div><\/div><\/div><\/div><div id=\"pg-6389-1\"  class=\"panel-grid panel-has-style\" ><div class=\"details panel-row-style panel-row-style-for-6389-1\" ><div id=\"pgc-6389-1-0\"  class=\"panel-grid-cell\" ><div id=\"panel-6389-1-0-0\" class=\"so-panel widget widget_pw_icon_box widget-icon-box panel-first-child panel-last-child\" data-index=\"1\" >\n\n\t\t<div class=\"icon-box\">\n\n\t\t<i class=\"fa  fa-users\"><\/i>\n\t\t<h4 class=\"icon-box__title\">Players<\/h4>\n\t\t<span class=\"icon-box__subtitle\">2\/6 people<\/span>\n\n\t\t<\/div>\n\n<\/div><\/div><div id=\"pgc-6389-1-1\"  class=\"panel-grid-cell\" ><div id=\"panel-6389-1-1-0\" class=\"so-panel widget widget_pw_icon_box widget-icon-box panel-first-child panel-last-child\" data-index=\"2\" >\n\n\t\t<div class=\"icon-box\">\n\n\t\t<i class=\"fa  fa-clock-o\"><\/i>\n\t\t<h4 class=\"icon-box__title\">Duration<\/h4>\n\t\t<span class=\"icon-box__subtitle\">60 minutes<\/span>\n\n\t\t<\/div>\n\n<\/div><\/div><div id=\"pgc-6389-1-2\"  class=\"panel-grid-cell\" ><div id=\"panel-6389-1-2-0\" class=\"so-panel widget widget_pw_icon_box widget-icon-box panel-first-child panel-last-child\" data-index=\"3\" >\n\n\t\t<div class=\"icon-box\">\n\n\t\t<i class=\"fa  fa-money\"><\/i>\n\t\t<h4 class=\"icon-box__title\">Adult Price<\/h4>\n\t\t<span class=\"icon-box__subtitle\">$35.5\/pers. + tx<\/span>\n\n\t\t<\/div>\n\n<\/div><\/div><div id=\"pgc-6389-1-3\"  class=\"panel-grid-cell\" ><div id=\"panel-6389-1-3-0\" class=\"so-panel widget widget_pw_icon_box widget-icon-box panel-first-child panel-last-child\" data-index=\"4\" >\n\n\t\t<div class=\"icon-box\">\n\n\t\t<i class=\"fa  fa-graduation-cap\"><\/i>\n\t\t<h4 class=\"icon-box__title\">Student Price<\/h4>\n\t\t<span class=\"icon-box__subtitle\">$30\/pers. + tx<\/span>\n\n\t\t<\/div>\n\n<\/div><\/div><\/div><\/div><div id=\"pg-6389-2\"  class=\"panel-grid panel-no-style\" ><div id=\"pgc-6389-2-0\"  class=\"panel-grid-cell\" ><div id=\"panel-6389-2-0-0\" class=\"so-panel widget widget_black-studio-tinymce widget_black_studio_tinymce panel-first-child panel-last-child\" data-index=\"5\" ><div class=\"textwidget\"><h1>Escape from a prison!<\/h1>\n<p>Dominic is the slightly disturbed guard of the museum. The museum where he works is the old prison of Montreal, which you\u2019ve just visited. In a moment of follie, right before it closed, he decides to lock you up in one of the cells of this decommissioned prison. You will have to escape in less than an hour if you do not want to spend the night there.<\/p>\n<h2>An escape game in Montreal in 2017<\/h2>\n<p>1838. The prison of Pied-du-Courant, in Montreal, is a fortress. It is told that nobody ever escaped, except (maybe), Charles de Chambly. Charles de Chambly is a patriot that supposedly managed to vanish from his prison cell despite the tight security from its many guards. Nobody knows how...<\/p>\n<p>2017. The prison of Pied-du-Courant has become a museum. This museum retraces the many iconic stories of this site. It details, notably, the incarceration of political prisoners.<\/p>\n<p>Dominic is one of the guards of this museum. He is completely obsessed by the history of the prison. He is particularly obsessed by the supposed escape of Charles de Chambly. Thus, every night, he secretly locks up late visitors that are lost in its halls. Taken by his madness, he tries to reenact the path of the prisoners during the time of the Patriots. He hopes to finally be able to understand the mystery around the escape of the most famous escaped prisoner of Pied-du-Courant.<\/p>\n<h2>Your mission inside the prison<\/h2>\n<p>Will you be able to escape this prison lockdown? In order to do this, you will have to retrace the steps of Charles de Chambly. Only then will you be able to escape from the madness of Dominic and the prison. You have 60 minutes, and not one more, to uncover the story of how to escape from this dungeon.<\/p>\n<p>Will you manage to escape from this room?<\/p>\n<h2>For who is the game destined?<\/h2>\n<p>The ideal team consists of 6 adults to be able to succeed in this escape game in less than 60 minutes.<\/p>\n<p>Caution: some parts of this escape game may be dark.<\/p>\n<h2>Additional Information<\/h2>\n<p>The film 15 f\u00e9vrier 1839 by Quebec director Pierre Falardeau was shot entirely in the Pied-du-Courant prison.<\/p>\n<p>Info on <a href=\"http:\/\/ici.radio-canada.ca\/emissions\/le_15_18\/2016-2017\/chronique.asp?idChronique=405026\" target=\"_blank\" rel=\"noopener\">the prison and the Patriots.<\/a><\/p>\n<p><span style=\"font-weight: 400;\">If you have any questions about our escape games in Montreal, you can check our<\/span>\u00a0<a href=\"\/en\/faq\/\">FAQS<\/a><\/p>\n<p><span style=\"font-weight: 400;\">You can also find our other escape games here:<\/span>\u00a0<a href=\"\/en\/jeu-evasion-montreal\/\">ALL SCENARIOS<\/a><\/p>\n<\/div><\/div><\/div><\/div><div id=\"pg-6389-3\"  class=\"panel-grid panel-no-style\" ><div id=\"pgc-6389-3-0\"  class=\"panel-grid-cell\" ><div id=\"panel-6389-3-0-0\" class=\"so-panel widget widget_sow-editor panel-first-child panel-last-child\" data-index=\"6\" ><div\n\t\t\t\n\t\t\tclass=\"so-widget-sow-editor so-widget-sow-editor-base\"\n\t\t\t\n\t\t>\n<div class=\"siteorigin-widget-tinymce textwidget\">\n\t<p><script type=\"text\/javascript\" src=\"https:\/\/bookeo.com\/widget.js?a=3153RYKUJC147FDBD13AE&type=3153ATLXU31574967E199&waitMobile=true&languageCode=en_CA\"><\/script><br \/>\n<script type=\"text\/javascript\">\nvar bookeo_startMobileLabel=\"Book Now\";\n<\/script><\/p>\n<\/div>\n<\/div><\/div><\/div><\/div><\/div>","protected":false},"excerpt":{"rendered":"<p>Un gardien de mus\u00e9e un peu fou va vous enfermer dans la cellule de cette ancienne prison, transform\u00e9e en mus\u00e9e. Vous allez devoir vous en \u00e9vader en moins d\u2019une heure, si vous ne voulez pas y passer la nuit !<\/p>\n","protected":false},"author":9,"featured_media":3049,"parent":2849,"menu_order":0,"comment_status":"closed","ping_status":"closed","template":"","meta":{"_acf_changed":false,"footnotes":""},"class_list":["post-6389","page","type-page","status-publish","has-post-thumbnail","hentry"],"acf":[],"yoast_head":"<!-- This site is optimized with the Yoast SEO plugin v27.3 - https:\/\/yoast.com\/product\/yoast-seo-wordpress\/ -->\n<title>Prison Lockdown Escape Room in Montreal: Flee the Prison - \u00c9chappe-toi<\/title>\n<meta name=\"description\" content=\"In one hour, your team must escape the ancient Pied du Courant prison of Montreal. If not, you risk being trapped for eternity\u2026. This prison lockdown escape game in Montreal will have you rack your brain in an unforgettable experience!\" \/>\n<meta name=\"robots\" content=\"index, follow, max-snippet:-1, max-image-preview:large, max-video-preview:-1\" \/>\n<link rel=\"canonical\" href=\"https:\/\/echappetoi.com\/en\/jeu-evasion-montreal\/jeu-evasion-prison-montreal-2\/\" \/>\n<meta property=\"og:locale\" content=\"en_US\" \/>\n<meta property=\"og:type\" content=\"article\" \/>\n<meta property=\"og:title\" content=\"Prison Lockdown Escape Room in Montreal: Flee the Prison - \u00c9chappe-toi\" \/>\n<meta property=\"og:description\" content=\"In one hour, your team must escape the ancient Pied du Courant prison of Montreal. If not, you risk being trapped for eternity\u2026. This prison lockdown escape game in Montreal will have you rack your brain in an unforgettable experience!\" \/>\n<meta property=\"og:url\" content=\"https:\/\/echappetoi.com\/en\/jeu-evasion-montreal\/jeu-evasion-prison-montreal-2\/\" \/>\n<meta property=\"og:site_name\" content=\"\u00c9chappe Toi\" \/>\n<meta property=\"article:publisher\" content=\"https:\/\/www.facebook.com\/echappetoi\" \/>\n<meta property=\"og:image\" content=\"https:\/\/echappetoi.com\/wp-content\/uploads\/2018\/06\/Scenario-Les-Oubliettes-du-Pied-du-Courant-Echappe-Toi-Montreal-EN.jpg\" \/>\n\t<meta property=\"og:image:width\" content=\"250\" \/>\n\t<meta property=\"og:image:height\" content=\"310\" \/>\n\t<meta property=\"og:image:type\" content=\"image\/jpeg\" \/>\n<meta name=\"twitter:card\" content=\"summary_large_image\" \/>\n<meta name=\"twitter:site\" content=\"@echappet\" \/>\n<meta name=\"twitter:label1\" content=\"Est. reading time\" \/>\n\t<meta name=\"twitter:data1\" content=\"3 minutes\" \/>\n<script type=\"application\/ld+json\" class=\"yoast-schema-graph\">{\"@context\":\"https:\\\/\\\/schema.org\",\"@graph\":[{\"@type\":\"WebPage\",\"@id\":\"https:\\\/\\\/echappetoi.com\\\/en\\\/jeu-evasion-montreal\\\/jeu-evasion-prison-montreal-2\\\/\",\"url\":\"https:\\\/\\\/echappetoi.com\\\/en\\\/jeu-evasion-montreal\\\/jeu-evasion-prison-montreal-2\\\/\",\"name\":\"Prison Lockdown Escape Room in Montreal: Flee the Prison - \u00c9chappe-toi\",\"isPartOf\":{\"@id\":\"https:\\\/\\\/echappetoi.com\\\/#website\"},\"primaryImageOfPage\":{\"@id\":\"https:\\\/\\\/echappetoi.com\\\/en\\\/jeu-evasion-montreal\\\/jeu-evasion-prison-montreal-2\\\/#primaryimage\"},\"image\":{\"@id\":\"https:\\\/\\\/echappetoi.com\\\/en\\\/jeu-evasion-montreal\\\/jeu-evasion-prison-montreal-2\\\/#primaryimage\"},\"thumbnailUrl\":\"https:\\\/\\\/echappetoi.com\\\/wp-content\\\/uploads\\\/2018\\\/06\\\/Scenario-Les-Oubliettes-du-Pied-du-Courant-Echappe-Toi-Montreal-EN.jpg\",\"datePublished\":\"2025-04-30T00:42:38+00:00\",\"description\":\"In one hour, your team must escape the ancient Pied du Courant prison of Montreal. If not, you risk being trapped for eternity\u2026. This prison lockdown escape game in Montreal will have you rack your brain in an unforgettable experience!\",\"breadcrumb\":{\"@id\":\"https:\\\/\\\/echappetoi.com\\\/en\\\/jeu-evasion-montreal\\\/jeu-evasion-prison-montreal-2\\\/#breadcrumb\"},\"inLanguage\":\"en-US\",\"potentialAction\":[{\"@type\":\"ReadAction\",\"target\":[\"https:\\\/\\\/echappetoi.com\\\/en\\\/jeu-evasion-montreal\\\/jeu-evasion-prison-montreal-2\\\/\"]}]},{\"@type\":\"ImageObject\",\"inLanguage\":\"en-US\",\"@id\":\"https:\\\/\\\/echappetoi.com\\\/en\\\/jeu-evasion-montreal\\\/jeu-evasion-prison-montreal-2\\\/#primaryimage\",\"url\":\"https:\\\/\\\/echappetoi.com\\\/wp-content\\\/uploads\\\/2018\\\/06\\\/Scenario-Les-Oubliettes-du-Pied-du-Courant-Echappe-Toi-Montreal-EN.jpg\",\"contentUrl\":\"https:\\\/\\\/echappetoi.com\\\/wp-content\\\/uploads\\\/2018\\\/06\\\/Scenario-Les-Oubliettes-du-Pied-du-Courant-Echappe-Toi-Montreal-EN.jpg\",\"width\":250,\"height\":310,\"caption\":\"The Dungeons Of Pied-du-courant - Echappe-Toi Montr\u00e9al\"},{\"@type\":\"BreadcrumbList\",\"@id\":\"https:\\\/\\\/echappetoi.com\\\/en\\\/jeu-evasion-montreal\\\/jeu-evasion-prison-montreal-2\\\/#breadcrumb\",\"itemListElement\":[{\"@type\":\"ListItem\",\"position\":1,\"name\":\"Accueil\",\"item\":\"https:\\\/\\\/echappetoi.com\\\/en\\\/\"},{\"@type\":\"ListItem\",\"position\":2,\"name\":\"Scenarios\",\"item\":\"https:\\\/\\\/echappetoi.com\\\/en\\\/jeu-evasion-montreal\\\/\"},{\"@type\":\"ListItem\",\"position\":3,\"name\":\"The Dungeons of Pied-du-Courant\"}]},{\"@type\":\"WebSite\",\"@id\":\"https:\\\/\\\/echappetoi.com\\\/#website\",\"url\":\"https:\\\/\\\/echappetoi.com\\\/\",\"name\":\"\u00c9chappe Toi\",\"description\":\"Montr\u00e9al Escape Games\",\"publisher\":{\"@id\":\"https:\\\/\\\/echappetoi.com\\\/#organization\"},\"potentialAction\":[{\"@type\":\"SearchAction\",\"target\":{\"@type\":\"EntryPoint\",\"urlTemplate\":\"https:\\\/\\\/echappetoi.com\\\/?s={search_term_string}\"},\"query-input\":{\"@type\":\"PropertyValueSpecification\",\"valueRequired\":true,\"valueName\":\"search_term_string\"}}],\"inLanguage\":\"en-US\"},{\"@type\":\"Organization\",\"@id\":\"https:\\\/\\\/echappetoi.com\\\/#organization\",\"name\":\"\u00c9chappe-Toi\",\"url\":\"https:\\\/\\\/echappetoi.com\\\/\",\"logo\":{\"@type\":\"ImageObject\",\"inLanguage\":\"en-US\",\"@id\":\"https:\\\/\\\/echappetoi.com\\\/#\\\/schema\\\/logo\\\/image\\\/\",\"url\":\"https:\\\/\\\/echappetoi.com\\\/wp-content\\\/uploads\\\/2018\\\/02\\\/Logo-Echappe-Toi-Aventure-Immersive-big-with-baseline.png\",\"contentUrl\":\"https:\\\/\\\/echappetoi.com\\\/wp-content\\\/uploads\\\/2018\\\/02\\\/Logo-Echappe-Toi-Aventure-Immersive-big-with-baseline.png\",\"width\":\"400\",\"height\":\"234\",\"caption\":\"\u00c9chappe-Toi\"},\"image\":{\"@id\":\"https:\\\/\\\/echappetoi.com\\\/#\\\/schema\\\/logo\\\/image\\\/\"},\"sameAs\":[\"https:\\\/\\\/www.facebook.com\\\/echappetoi\",\"https:\\\/\\\/x.com\\\/echappet\",\"https:\\\/\\\/www.linkedin.com\\\/company\\\/echappe-toi\"]}]}<\/script>\n<!-- \/ Yoast SEO plugin. -->","yoast_head_json":{"title":"Prison Lockdown Escape Room in Montreal: Flee the Prison - \u00c9chappe-toi","description":"In one hour, your team must escape the ancient Pied du Courant prison of Montreal. If not, you risk being trapped for eternity\u2026. This prison lockdown escape game in Montreal will have you rack your brain in an unforgettable experience!","robots":{"index":"index","follow":"follow","max-snippet":"max-snippet:-1","max-image-preview":"max-image-preview:large","max-video-preview":"max-video-preview:-1"},"canonical":"https:\/\/echappetoi.com\/en\/jeu-evasion-montreal\/jeu-evasion-prison-montreal-2\/","og_locale":"en_US","og_type":"article","og_title":"Prison Lockdown Escape Room in Montreal: Flee the Prison - \u00c9chappe-toi","og_description":"In one hour, your team must escape the ancient Pied du Courant prison of Montreal. If not, you risk being trapped for eternity\u2026. This prison lockdown escape game in Montreal will have you rack your brain in an unforgettable experience!","og_url":"https:\/\/echappetoi.com\/en\/jeu-evasion-montreal\/jeu-evasion-prison-montreal-2\/","og_site_name":"\u00c9chappe Toi","article_publisher":"https:\/\/www.facebook.com\/echappetoi","og_image":[{"width":250,"height":310,"url":"https:\/\/echappetoi.com\/wp-content\/uploads\/2018\/06\/Scenario-Les-Oubliettes-du-Pied-du-Courant-Echappe-Toi-Montreal-EN.jpg","type":"image\/jpeg"}],"twitter_card":"summary_large_image","twitter_site":"@echappet","twitter_misc":{"Est. reading time":"3 minutes"},"schema":{"@context":"https:\/\/schema.org","@graph":[{"@type":"WebPage","@id":"https:\/\/echappetoi.com\/en\/jeu-evasion-montreal\/jeu-evasion-prison-montreal-2\/","url":"https:\/\/echappetoi.com\/en\/jeu-evasion-montreal\/jeu-evasion-prison-montreal-2\/","name":"Prison Lockdown Escape Room in Montreal: Flee the Prison - \u00c9chappe-toi","isPartOf":{"@id":"https:\/\/echappetoi.com\/#website"},"primaryImageOfPage":{"@id":"https:\/\/echappetoi.com\/en\/jeu-evasion-montreal\/jeu-evasion-prison-montreal-2\/#primaryimage"},"image":{"@id":"https:\/\/echappetoi.com\/en\/jeu-evasion-montreal\/jeu-evasion-prison-montreal-2\/#primaryimage"},"thumbnailUrl":"https:\/\/echappetoi.com\/wp-content\/uploads\/2018\/06\/Scenario-Les-Oubliettes-du-Pied-du-Courant-Echappe-Toi-Montreal-EN.jpg","datePublished":"2025-04-30T00:42:38+00:00","description":"In one hour, your team must escape the ancient Pied du Courant prison of Montreal. If not, you risk being trapped for eternity\u2026. This prison lockdown escape game in Montreal will have you rack your brain in an unforgettable experience!","breadcrumb":{"@id":"https:\/\/echappetoi.com\/en\/jeu-evasion-montreal\/jeu-evasion-prison-montreal-2\/#breadcrumb"},"inLanguage":"en-US","potentialAction":[{"@type":"ReadAction","target":["https:\/\/echappetoi.com\/en\/jeu-evasion-montreal\/jeu-evasion-prison-montreal-2\/"]}]},{"@type":"ImageObject","inLanguage":"en-US","@id":"https:\/\/echappetoi.com\/en\/jeu-evasion-montreal\/jeu-evasion-prison-montreal-2\/#primaryimage","url":"https:\/\/echappetoi.com\/wp-content\/uploads\/2018\/06\/Scenario-Les-Oubliettes-du-Pied-du-Courant-Echappe-Toi-Montreal-EN.jpg","contentUrl":"https:\/\/echappetoi.com\/wp-content\/uploads\/2018\/06\/Scenario-Les-Oubliettes-du-Pied-du-Courant-Echappe-Toi-Montreal-EN.jpg","width":250,"height":310,"caption":"The Dungeons Of Pied-du-courant - Echappe-Toi Montr\u00e9al"},{"@type":"BreadcrumbList","@id":"https:\/\/echappetoi.com\/en\/jeu-evasion-montreal\/jeu-evasion-prison-montreal-2\/#breadcrumb","itemListElement":[{"@type":"ListItem","position":1,"name":"Accueil","item":"https:\/\/echappetoi.com\/en\/"},{"@type":"ListItem","position":2,"name":"Scenarios","item":"https:\/\/echappetoi.com\/en\/jeu-evasion-montreal\/"},{"@type":"ListItem","position":3,"name":"The Dungeons of Pied-du-Courant"}]},{"@type":"WebSite","@id":"https:\/\/echappetoi.com\/#website","url":"https:\/\/echappetoi.com\/","name":"\u00c9chappe Toi","description":"Montr\u00e9al Escape Games","publisher":{"@id":"https:\/\/echappetoi.com\/#organization"},"potentialAction":[{"@type":"SearchAction","target":{"@type":"EntryPoint","urlTemplate":"https:\/\/echappetoi.com\/?s={search_term_string}"},"query-input":{"@type":"PropertyValueSpecification","valueRequired":true,"valueName":"search_term_string"}}],"inLanguage":"en-US"},{"@type":"Organization","@id":"https:\/\/echappetoi.com\/#organization","name":"\u00c9chappe-Toi","url":"https:\/\/echappetoi.com\/","logo":{"@type":"ImageObject","inLanguage":"en-US","@id":"https:\/\/echappetoi.com\/#\/schema\/logo\/image\/","url":"https:\/\/echappetoi.com\/wp-content\/uploads\/2018\/02\/Logo-Echappe-Toi-Aventure-Immersive-big-with-baseline.png","contentUrl":"https:\/\/echappetoi.com\/wp-content\/uploads\/2018\/02\/Logo-Echappe-Toi-Aventure-Immersive-big-with-baseline.png","width":"400","height":"234","caption":"\u00c9chappe-Toi"},"image":{"@id":"https:\/\/echappetoi.com\/#\/schema\/logo\/image\/"},"sameAs":["https:\/\/www.facebook.com\/echappetoi","https:\/\/x.com\/echappet","https:\/\/www.linkedin.com\/company\/echappe-toi"]}]}},"_links":{"self":[{"href":"https:\/\/echappetoi.com\/en\/wp-json\/wp\/v2\/pages\/6389","targetHints":{"allow":["GET"]}}],"collection":[{"href":"https:\/\/echappetoi.com\/en\/wp-json\/wp\/v2\/pages"}],"about":[{"href":"https:\/\/echappetoi.com\/en\/wp-json\/wp\/v2\/types\/page"}],"author":[{"embeddable":true,"href":"https:\/\/echappetoi.com\/en\/wp-json\/wp\/v2\/users\/9"}],"replies":[{"embeddable":true,"href":"https:\/\/echappetoi.com\/en\/wp-json\/wp\/v2\/comments?post=6389"}],"version-history":[{"count":0,"href":"https:\/\/echappetoi.com\/en\/wp-json\/wp\/v2\/pages\/6389\/revisions"}],"up":[{"embeddable":true,"href":"https:\/\/echappetoi.com\/en\/wp-json\/wp\/v2\/pages\/2849"}],"wp:featuredmedia":[{"embeddable":true,"href":"https:\/\/echappetoi.com\/en\/wp-json\/wp\/v2\/media\/3049"}],"wp:attachment":[{"href":"https:\/\/echappetoi.com\/en\/wp-json\/wp\/v2\/media?parent=6389"}],"curies":[{"name":"wp","href":"https:\/\/api.w.org\/{rel}","templated":true}]}}