{"id":6230,"date":"2024-05-27T14:41:19","date_gmt":"2024-05-27T18:41:19","guid":{"rendered":"https:\/\/echappetoi.com\/?page_id=6230"},"modified":"2024-05-27T14:43:23","modified_gmt":"2024-05-27T18:43:23","slug":"bako-treasure-pirates","status":"publish","type":"page","link":"https:\/\/echappetoi.com\/en\/jeu-evasion-montreal\/bako-treasure-pirates\/","title":{"rendered":"Bako and the treasure of the pirates (for kids)"},"content":{"rendered":"<div id=\"pl-6230\"  class=\"panel-layout\" ><div id=\"pg-6230-0\"  class=\"panel-grid panel-no-style\" ><div id=\"pgc-6230-0-0\"  class=\"panel-grid-cell\" ><div id=\"panel-6230-0-0-0\" class=\"so-panel widget widget_sow-image panel-first-child panel-last-child\" data-index=\"0\" ><div\n\t\t\t\n\t\t\tclass=\"so-widget-sow-image so-widget-sow-image-default-c67d20f9f743-6230\"\n\t\t\t\n\t\t>\n<div class=\"sow-image-container\">\n\t\t<img fetchpriority=\"high\" \n\tsrc=\"https:\/\/echappetoi.com\/wp-content\/uploads\/2024\/05\/Affiche-site-web-Bako-EN.png\" width=\"250\" height=\"310\" srcset=\"https:\/\/echappetoi.com\/wp-content\/uploads\/2024\/05\/Affiche-site-web-Bako-EN.png 250w, https:\/\/echappetoi.com\/wp-content\/uploads\/2024\/05\/Affiche-site-web-Bako-EN-242x300.png 242w\" sizes=\"(max-width: 250px) 100vw, 250px\" title=\"Bako and the treasure of the pirates\" alt=\"\" \t\tclass=\"so-widget-image\"\/>\n\t<\/div>\n\n<\/div><\/div><\/div><\/div><div id=\"pg-6230-1\"  class=\"panel-grid panel-has-style\" ><div class=\"details panel-row-style panel-row-style-for-6230-1\" ><div id=\"pgc-6230-1-0\"  class=\"panel-grid-cell\" ><div id=\"panel-6230-1-0-0\" class=\"so-panel widget widget_pw_icon_box widget-icon-box panel-first-child panel-last-child\" data-index=\"1\" >\n\n\t\t<div class=\"icon-box\">\n\n\t\t<i class=\"fa  fa-users\"><\/i>\n\t\t<h4 class=\"icon-box__title\">Players<\/h4>\n\t\t<span class=\"icon-box__subtitle\">1-5 kids +1 adult<\/span>\n\n\t\t<\/div>\n\n<\/div><\/div><div id=\"pgc-6230-1-1\"  class=\"panel-grid-cell\" ><div id=\"panel-6230-1-1-0\" class=\"so-panel widget widget_pw_icon_box widget-icon-box panel-first-child panel-last-child\" data-index=\"2\" >\n\n\t\t<div class=\"icon-box\">\n\n\t\t<i class=\"fa  fa-clock-o\"><\/i>\n\t\t<h4 class=\"icon-box__title\">Duration<\/h4>\n\t\t<span class=\"icon-box__subtitle\">45 minutes<\/span>\n\n\t\t<\/div>\n\n<\/div><\/div><div id=\"pgc-6230-1-2\"  class=\"panel-grid-cell panel-grid-cell-mobile-last\" ><div id=\"panel-6230-1-2-0\" class=\"so-panel widget widget_pw_icon_box widget-icon-box panel-first-child panel-last-child\" data-index=\"3\" >\n\n\t\t<div class=\"icon-box\">\n\n\t\t<i class=\"fa  fa-money\"><\/i>\n\t\t<h4 class=\"icon-box__title\">Fixed rate<\/h4>\n\t\t<span class=\"icon-box__subtitle\">$130 + taxes<\/span>\n\n\t\t<\/div>\n\n<\/div><\/div><div id=\"pgc-6230-1-3\"  class=\"panel-grid-cell panel-grid-cell-empty\" ><\/div><\/div><\/div><div id=\"pg-6230-2\"  class=\"panel-grid panel-no-style\" ><div id=\"pgc-6230-2-0\"  class=\"panel-grid-cell\" ><div id=\"panel-6230-2-0-0\" class=\"so-panel widget widget_black-studio-tinymce widget_black_studio_tinymce panel-first-child panel-last-child\" data-index=\"4\" ><div class=\"textwidget\"><h1>Search for the treasure of the pirates with Bako!<\/h1>\n<p><strong>This interactive adventure has been created specifically for the little ones between 5-8 years old.<\/strong><\/p>\n<p>Bako, a friendly parrot, has found the shipwreck of the pirate ship on which he sailed for many years and... the treasure seems to still be on board! Can you help Bako to retrieve the treasure of the pirates?<\/p>\n<h2>Your mission in the wreck?<\/h2>\n<p>You are wannabe pirates. Bako reached out to you to help him to retrieve the treasure that was lost by his pirates friends, but as they were pirates, it's not easily said and done! You will have multiple puzzles and riddles to solve in order to find this now famous treasure.<\/p>\n<h2>Who is this escape game for?<\/h2>\n<p>This game is intended for kids from 5 to 8 years old and to entertain 1 to 5 players (kids) accompanied by an adult (mandatory). It is possible to have 2 adults (max) if there is 4 kids or less.<\/p>\n<h2>A completely different adventure!<\/h2>\n<p>The adventure was designed <strong>for children<\/strong>, but there's no way parents will get bored! You will have a leading role throughout the game as <strong>YOU<\/strong> will be the game master. Armed with the <strong>valuable instructions<\/strong> and guidelines that we will send you in advance, you will enjoy watching your little pirates discover and solve puzzles right before your eyes with <strong>your hints<\/strong>. You know your children better than anyone, so you are the best suited to adapt the clues and the story's progression to their own pace to maximize their enjoyment.<\/p>\n<p>To prepare you, we will send you the instructions by email with the reservation confirmation, and 48 hours before your game, a pirate from our customer service team will call you to answer your questions and ensure that you are ready for the adventure! Additionally, a game master will welcome you upon your arrival to review the safety instructions and answer any questions you may have.<\/p>\n<h2>More info?<\/h2>\n<p>Do you know everything about <a href=\"https:\/\/en.wikipedia.org\/wiki\/Parrot\">parrots<\/a>?<\/p>\n<p>If you have any questions about our escape games in Montreal, you can consult our <a href=\"\/faq\/\">FAQS<\/a><\/p>\n<div id=\"pg-1801-2\" class=\"panel-grid panel-no-style\">\n<div id=\"pgc-1801-2-0\" class=\"panel-grid-cell\">\n<div id=\"panel-1801-2-0-0\" class=\"so-panel widget widget_black-studio-tinymce widget_black_studio_tinymce panel-first-child panel-last-child\" data-index=\"5\">\n<div class=\"textwidget\">\n<p>And you can find our other escape games here:\u00a0<a href=\"https:\/\/echappetoi.com\/en\/jeu-evasion-montreal\/\">ALL OUR SCENARIOS<\/a><\/div>\n<\/div>\n<\/div>\n<\/div>\n<\/div><\/div><\/div><\/div><div id=\"pg-6230-3\"  class=\"panel-grid panel-no-style\" ><div id=\"pgc-6230-3-0\"  class=\"panel-grid-cell\" ><div id=\"panel-6230-3-0-0\" class=\"so-panel widget widget_sow-editor panel-first-child panel-last-child\" data-index=\"5\" ><div\n\t\t\t\n\t\t\tclass=\"so-widget-sow-editor so-widget-sow-editor-base\"\n\t\t\t\n\t\t>\n<div class=\"siteorigin-widget-tinymce textwidget\">\n\t<div id=\"forescape\" data-subdomain=\"echappetoi-montreal\" data-type=\"bookings\" data-rooms=\"63dadaa264720b2097ed6289\"><\/div>\n<p><script defer src=\"https:\/\/echappetoi-montreal.4escape.io\/public\/js\/iframe.min.js\"><\/script><\/p>\n<\/div>\n<\/div><\/div><\/div><\/div><\/div>","protected":false},"excerpt":{"rendered":"<p>Le bandit AL-Patraz a laiss\u00e9 de nombreux indices dans sa cellule. Vous avez 1 heure pour les trouver, les d\u00e9chiffrer et vous \u00e9vader !<\/p>\n","protected":false},"author":5,"featured_media":6233,"parent":2849,"menu_order":0,"comment_status":"closed","ping_status":"closed","template":"","meta":{"_acf_changed":false,"footnotes":""},"class_list":["post-6230","page","type-page","status-publish","has-post-thumbnail","hentry"],"acf":[],"yoast_head":"<!-- This site is optimized with the Yoast SEO plugin v27.3 - https:\/\/yoast.com\/product\/yoast-seo-wordpress\/ -->\n<title>Bako and the treasure of the pirates escape game in Montreal<\/title>\n<meta name=\"description\" content=\"You have 45 min to find the treasure of the pirates with the help of Bako the parrot. An adventure for kids 5-8 years old.\" \/>\n<meta name=\"robots\" content=\"index, follow, max-snippet:-1, max-image-preview:large, max-video-preview:-1\" \/>\n<link rel=\"canonical\" href=\"https:\/\/echappetoi.com\/en\/jeu-evasion-montreal\/bako-treasure-pirates\/\" \/>\n<meta property=\"og:locale\" content=\"en_US\" \/>\n<meta property=\"og:type\" content=\"article\" \/>\n<meta property=\"og:title\" content=\"Bako and the treasure of the pirates escape game in Montreal\" \/>\n<meta property=\"og:description\" content=\"You have 45 min to find the treasure of the pirates with the help of Bako the parrot. An adventure for kids 5-8 years old.\" \/>\n<meta property=\"og:url\" content=\"https:\/\/echappetoi.com\/en\/jeu-evasion-montreal\/bako-treasure-pirates\/\" \/>\n<meta property=\"og:site_name\" content=\"\u00c9chappe Toi\" \/>\n<meta property=\"article:publisher\" content=\"https:\/\/www.facebook.com\/echappetoi\" \/>\n<meta property=\"article:modified_time\" content=\"2024-05-27T18:43:23+00:00\" \/>\n<meta property=\"og:image\" content=\"https:\/\/echappetoi.com\/wp-content\/uploads\/2024\/05\/Affiche-site-web-Bako-2.png\" \/>\n\t<meta property=\"og:image:width\" content=\"250\" \/>\n\t<meta property=\"og:image:height\" content=\"310\" \/>\n\t<meta property=\"og:image:type\" content=\"image\/png\" \/>\n<meta name=\"twitter:card\" content=\"summary_large_image\" \/>\n<meta name=\"twitter:site\" content=\"@echappet\" \/>\n<meta name=\"twitter:label1\" content=\"Est. reading time\" \/>\n\t<meta name=\"twitter:data1\" content=\"3 minutes\" \/>\n<script type=\"application\/ld+json\" class=\"yoast-schema-graph\">{\"@context\":\"https:\\\/\\\/schema.org\",\"@graph\":[{\"@type\":\"WebPage\",\"@id\":\"https:\\\/\\\/echappetoi.com\\\/en\\\/jeu-evasion-montreal\\\/bako-treasure-pirates\\\/\",\"url\":\"https:\\\/\\\/echappetoi.com\\\/en\\\/jeu-evasion-montreal\\\/bako-treasure-pirates\\\/\",\"name\":\"Bako and the treasure of the pirates escape game in Montreal\",\"isPartOf\":{\"@id\":\"https:\\\/\\\/echappetoi.com\\\/#website\"},\"primaryImageOfPage\":{\"@id\":\"https:\\\/\\\/echappetoi.com\\\/en\\\/jeu-evasion-montreal\\\/bako-treasure-pirates\\\/#primaryimage\"},\"image\":{\"@id\":\"https:\\\/\\\/echappetoi.com\\\/en\\\/jeu-evasion-montreal\\\/bako-treasure-pirates\\\/#primaryimage\"},\"thumbnailUrl\":\"https:\\\/\\\/echappetoi.com\\\/wp-content\\\/uploads\\\/2024\\\/05\\\/Affiche-site-web-Bako-2.png\",\"datePublished\":\"2024-05-27T18:41:19+00:00\",\"dateModified\":\"2024-05-27T18:43:23+00:00\",\"description\":\"You have 45 min to find the treasure of the pirates with the help of Bako the parrot. An adventure for kids 5-8 years old.\",\"breadcrumb\":{\"@id\":\"https:\\\/\\\/echappetoi.com\\\/en\\\/jeu-evasion-montreal\\\/bako-treasure-pirates\\\/#breadcrumb\"},\"inLanguage\":\"en-US\",\"potentialAction\":[{\"@type\":\"ReadAction\",\"target\":[\"https:\\\/\\\/echappetoi.com\\\/en\\\/jeu-evasion-montreal\\\/bako-treasure-pirates\\\/\"]}]},{\"@type\":\"ImageObject\",\"inLanguage\":\"en-US\",\"@id\":\"https:\\\/\\\/echappetoi.com\\\/en\\\/jeu-evasion-montreal\\\/bako-treasure-pirates\\\/#primaryimage\",\"url\":\"https:\\\/\\\/echappetoi.com\\\/wp-content\\\/uploads\\\/2024\\\/05\\\/Affiche-site-web-Bako-2.png\",\"contentUrl\":\"https:\\\/\\\/echappetoi.com\\\/wp-content\\\/uploads\\\/2024\\\/05\\\/Affiche-site-web-Bako-2.png\",\"width\":250,\"height\":310},{\"@type\":\"BreadcrumbList\",\"@id\":\"https:\\\/\\\/echappetoi.com\\\/en\\\/jeu-evasion-montreal\\\/bako-treasure-pirates\\\/#breadcrumb\",\"itemListElement\":[{\"@type\":\"ListItem\",\"position\":1,\"name\":\"Accueil\",\"item\":\"https:\\\/\\\/echappetoi.com\\\/en\\\/\"},{\"@type\":\"ListItem\",\"position\":2,\"name\":\"Scenarios\",\"item\":\"https:\\\/\\\/echappetoi.com\\\/en\\\/jeu-evasion-montreal\\\/\"},{\"@type\":\"ListItem\",\"position\":3,\"name\":\"Bako and the treasure of the pirates (for kids)\"}]},{\"@type\":\"WebSite\",\"@id\":\"https:\\\/\\\/echappetoi.com\\\/#website\",\"url\":\"https:\\\/\\\/echappetoi.com\\\/\",\"name\":\"\u00c9chappe Toi\",\"description\":\"Montr\u00e9al Escape Games\",\"publisher\":{\"@id\":\"https:\\\/\\\/echappetoi.com\\\/#organization\"},\"potentialAction\":[{\"@type\":\"SearchAction\",\"target\":{\"@type\":\"EntryPoint\",\"urlTemplate\":\"https:\\\/\\\/echappetoi.com\\\/?s={search_term_string}\"},\"query-input\":{\"@type\":\"PropertyValueSpecification\",\"valueRequired\":true,\"valueName\":\"search_term_string\"}}],\"inLanguage\":\"en-US\"},{\"@type\":\"Organization\",\"@id\":\"https:\\\/\\\/echappetoi.com\\\/#organization\",\"name\":\"\u00c9chappe-Toi\",\"url\":\"https:\\\/\\\/echappetoi.com\\\/\",\"logo\":{\"@type\":\"ImageObject\",\"inLanguage\":\"en-US\",\"@id\":\"https:\\\/\\\/echappetoi.com\\\/#\\\/schema\\\/logo\\\/image\\\/\",\"url\":\"https:\\\/\\\/echappetoi.com\\\/wp-content\\\/uploads\\\/2018\\\/02\\\/Logo-Echappe-Toi-Aventure-Immersive-big-with-baseline.png\",\"contentUrl\":\"https:\\\/\\\/echappetoi.com\\\/wp-content\\\/uploads\\\/2018\\\/02\\\/Logo-Echappe-Toi-Aventure-Immersive-big-with-baseline.png\",\"width\":\"400\",\"height\":\"234\",\"caption\":\"\u00c9chappe-Toi\"},\"image\":{\"@id\":\"https:\\\/\\\/echappetoi.com\\\/#\\\/schema\\\/logo\\\/image\\\/\"},\"sameAs\":[\"https:\\\/\\\/www.facebook.com\\\/echappetoi\",\"https:\\\/\\\/x.com\\\/echappet\",\"https:\\\/\\\/www.linkedin.com\\\/company\\\/echappe-toi\"]}]}<\/script>\n<!-- \/ Yoast SEO plugin. -->","yoast_head_json":{"title":"Bako and the treasure of the pirates escape game in Montreal","description":"You have 45 min to find the treasure of the pirates with the help of Bako the parrot. An adventure for kids 5-8 years old.","robots":{"index":"index","follow":"follow","max-snippet":"max-snippet:-1","max-image-preview":"max-image-preview:large","max-video-preview":"max-video-preview:-1"},"canonical":"https:\/\/echappetoi.com\/en\/jeu-evasion-montreal\/bako-treasure-pirates\/","og_locale":"en_US","og_type":"article","og_title":"Bako and the treasure of the pirates escape game in Montreal","og_description":"You have 45 min to find the treasure of the pirates with the help of Bako the parrot. An adventure for kids 5-8 years old.","og_url":"https:\/\/echappetoi.com\/en\/jeu-evasion-montreal\/bako-treasure-pirates\/","og_site_name":"\u00c9chappe Toi","article_publisher":"https:\/\/www.facebook.com\/echappetoi","article_modified_time":"2024-05-27T18:43:23+00:00","og_image":[{"width":250,"height":310,"url":"https:\/\/echappetoi.com\/wp-content\/uploads\/2024\/05\/Affiche-site-web-Bako-2.png","type":"image\/png"}],"twitter_card":"summary_large_image","twitter_site":"@echappet","twitter_misc":{"Est. reading time":"3 minutes"},"schema":{"@context":"https:\/\/schema.org","@graph":[{"@type":"WebPage","@id":"https:\/\/echappetoi.com\/en\/jeu-evasion-montreal\/bako-treasure-pirates\/","url":"https:\/\/echappetoi.com\/en\/jeu-evasion-montreal\/bako-treasure-pirates\/","name":"Bako and the treasure of the pirates escape game in Montreal","isPartOf":{"@id":"https:\/\/echappetoi.com\/#website"},"primaryImageOfPage":{"@id":"https:\/\/echappetoi.com\/en\/jeu-evasion-montreal\/bako-treasure-pirates\/#primaryimage"},"image":{"@id":"https:\/\/echappetoi.com\/en\/jeu-evasion-montreal\/bako-treasure-pirates\/#primaryimage"},"thumbnailUrl":"https:\/\/echappetoi.com\/wp-content\/uploads\/2024\/05\/Affiche-site-web-Bako-2.png","datePublished":"2024-05-27T18:41:19+00:00","dateModified":"2024-05-27T18:43:23+00:00","description":"You have 45 min to find the treasure of the pirates with the help of Bako the parrot. An adventure for kids 5-8 years old.","breadcrumb":{"@id":"https:\/\/echappetoi.com\/en\/jeu-evasion-montreal\/bako-treasure-pirates\/#breadcrumb"},"inLanguage":"en-US","potentialAction":[{"@type":"ReadAction","target":["https:\/\/echappetoi.com\/en\/jeu-evasion-montreal\/bako-treasure-pirates\/"]}]},{"@type":"ImageObject","inLanguage":"en-US","@id":"https:\/\/echappetoi.com\/en\/jeu-evasion-montreal\/bako-treasure-pirates\/#primaryimage","url":"https:\/\/echappetoi.com\/wp-content\/uploads\/2024\/05\/Affiche-site-web-Bako-2.png","contentUrl":"https:\/\/echappetoi.com\/wp-content\/uploads\/2024\/05\/Affiche-site-web-Bako-2.png","width":250,"height":310},{"@type":"BreadcrumbList","@id":"https:\/\/echappetoi.com\/en\/jeu-evasion-montreal\/bako-treasure-pirates\/#breadcrumb","itemListElement":[{"@type":"ListItem","position":1,"name":"Accueil","item":"https:\/\/echappetoi.com\/en\/"},{"@type":"ListItem","position":2,"name":"Scenarios","item":"https:\/\/echappetoi.com\/en\/jeu-evasion-montreal\/"},{"@type":"ListItem","position":3,"name":"Bako and the treasure of the pirates (for kids)"}]},{"@type":"WebSite","@id":"https:\/\/echappetoi.com\/#website","url":"https:\/\/echappetoi.com\/","name":"\u00c9chappe Toi","description":"Montr\u00e9al Escape Games","publisher":{"@id":"https:\/\/echappetoi.com\/#organization"},"potentialAction":[{"@type":"SearchAction","target":{"@type":"EntryPoint","urlTemplate":"https:\/\/echappetoi.com\/?s={search_term_string}"},"query-input":{"@type":"PropertyValueSpecification","valueRequired":true,"valueName":"search_term_string"}}],"inLanguage":"en-US"},{"@type":"Organization","@id":"https:\/\/echappetoi.com\/#organization","name":"\u00c9chappe-Toi","url":"https:\/\/echappetoi.com\/","logo":{"@type":"ImageObject","inLanguage":"en-US","@id":"https:\/\/echappetoi.com\/#\/schema\/logo\/image\/","url":"https:\/\/echappetoi.com\/wp-content\/uploads\/2018\/02\/Logo-Echappe-Toi-Aventure-Immersive-big-with-baseline.png","contentUrl":"https:\/\/echappetoi.com\/wp-content\/uploads\/2018\/02\/Logo-Echappe-Toi-Aventure-Immersive-big-with-baseline.png","width":"400","height":"234","caption":"\u00c9chappe-Toi"},"image":{"@id":"https:\/\/echappetoi.com\/#\/schema\/logo\/image\/"},"sameAs":["https:\/\/www.facebook.com\/echappetoi","https:\/\/x.com\/echappet","https:\/\/www.linkedin.com\/company\/echappe-toi"]}]}},"_links":{"self":[{"href":"https:\/\/echappetoi.com\/en\/wp-json\/wp\/v2\/pages\/6230","targetHints":{"allow":["GET"]}}],"collection":[{"href":"https:\/\/echappetoi.com\/en\/wp-json\/wp\/v2\/pages"}],"about":[{"href":"https:\/\/echappetoi.com\/en\/wp-json\/wp\/v2\/types\/page"}],"author":[{"embeddable":true,"href":"https:\/\/echappetoi.com\/en\/wp-json\/wp\/v2\/users\/5"}],"replies":[{"embeddable":true,"href":"https:\/\/echappetoi.com\/en\/wp-json\/wp\/v2\/comments?post=6230"}],"version-history":[{"count":0,"href":"https:\/\/echappetoi.com\/en\/wp-json\/wp\/v2\/pages\/6230\/revisions"}],"up":[{"embeddable":true,"href":"https:\/\/echappetoi.com\/en\/wp-json\/wp\/v2\/pages\/2849"}],"wp:featuredmedia":[{"embeddable":true,"href":"https:\/\/echappetoi.com\/en\/wp-json\/wp\/v2\/media\/6233"}],"wp:attachment":[{"href":"https:\/\/echappetoi.com\/en\/wp-json\/wp\/v2\/media?parent=6230"}],"curies":[{"name":"wp","href":"https:\/\/api.w.org\/{rel}","templated":true}]}}