{"id":6160,"date":"2024-03-20T08:33:15","date_gmt":"2024-03-20T12:33:15","guid":{"rendered":"https:\/\/echappetoi.com\/?page_id=6160"},"modified":"2024-06-19T09:08:26","modified_gmt":"2024-06-19T13:08:26","slug":"carriere","status":"publish","type":"page","link":"https:\/\/echappetoi.com\/en\/carriere\/","title":{"rendered":"Carri\u00e8re"},"content":{"rendered":"<div id=\"pl-6160\"  class=\"panel-layout\" ><div id=\"pg-6160-0\"  class=\"panel-grid panel-no-style\" ><div id=\"pgc-6160-0-0\"  class=\"panel-grid-cell\" ><div class=\"panel-cell-style panel-cell-style-for-6160-0-0\" ><div id=\"panel-6160-0-0-0\" class=\"so-panel widget widget_black-studio-tinymce widget_black_studio_tinymce panel-first-child\" data-index=\"0\" ><div class=\"widget-title--big panel-widget-style panel-widget-style-for-6160-0-0-0\" ><h2 class=\"widget-title\"><span class=\"widget-title__inline\">Montr\u00e9al<\/span><\/h2><div class=\"textwidget\"><\/div><\/div><\/div><div id=\"panel-6160-0-0-1\" class=\"so-panel widget widget_black-studio-tinymce widget_black_studio_tinymce\" data-index=\"1\" ><div class=\"featured-widget panel-widget-style panel-widget-style-for-6160-0-0-1\" ><div class=\"textwidget\"><p><strong>Offres d'emploi \u00e0 \u00c9chappe Toi<\/strong><\/p>\n<ul>\n<li>Ma\u00eetre de jeu : 2<\/li>\n<li>G\u00e9rant(e) : 0<\/li>\n<li>Charg\u00e9(e) de relation client: 2<\/li>\n<\/ul>\n<hr \/>\n<p><strong>Offres d'emploi \u00e0 Vortex Plateau<\/strong><\/p>\n<ul>\n<li>Ma\u00eetre de jeu : 1<\/li>\n<li>G\u00e9rant(e) : 0<\/li>\n<\/ul>\n<hr \/>\n<p><strong>Offres d'emploi \u00e0 Vortex Quartier Latin<\/strong><\/p>\n<ul>\n<li>Ma\u00eetre de jeu : 1<\/li>\n<li>G\u00e9rant(e) : 0<\/li>\n<\/ul>\n<hr \/>\n<p><strong>Offres d'emploi \u00e0 Find the Key<\/strong><\/p>\n<ul>\n<li>Ma\u00eetre de jeu : 3<\/li>\n<li>G\u00e9rant(e) : 0<\/li>\n<\/ul>\n<hr \/>\n<p><strong>Offres d'emploi \u00e0 Musi'Quiz<\/strong><\/p>\n<ul>\n<li>Ma\u00eetre de jeu : 1<\/li>\n<li>G\u00e9rant(e) : 0<\/li>\n<\/ul>\n<\/div><\/div><\/div><div id=\"panel-6160-0-0-2\" class=\"so-panel widget widget_black-studio-tinymce widget_black_studio_tinymce\" data-index=\"2\" ><div class=\"widget-title--big panel-widget-style panel-widget-style-for-6160-0-0-2\" ><h2 class=\"widget-title\"><span class=\"widget-title__inline\">Qu\u00e9bec<\/span><\/h2><div class=\"textwidget\"><\/div><\/div><\/div><div id=\"panel-6160-0-0-3\" class=\"so-panel widget widget_black-studio-tinymce widget_black_studio_tinymce panel-last-child\" data-index=\"3\" ><div class=\"featured-widget panel-widget-style panel-widget-style-for-6160-0-0-3\" ><div class=\"textwidget\"><p><strong>Offres d'emploi \u00e0 \u00c0 Double Tour<\/strong><\/p>\n<ul>\n<li>Ma\u00eetre de jeu : 3<\/li>\n<li>G\u00e9rant(e) : 0<\/li>\n<\/ul>\n<\/div><\/div><\/div><\/div><\/div><div id=\"pgc-6160-0-1\"  class=\"panel-grid-cell\" ><div id=\"panel-6160-0-1-0\" class=\"so-panel widget widget_text panel-first-child\" data-index=\"4\" ><div class=\"widget-title--big panel-widget-style panel-widget-style-for-6160-0-1-0\" ><h2 class=\"widget-title\"><span class=\"widget-title__inline\">\u00c0 la recherche d&#8217;une exp\u00e9rience de travail unique?<\/span><\/h2>\t\t\t<div class=\"textwidget\"><p>Rejoignez l&#8217;\u00e9quipe dynamique du Groupe \u00c9chappe-toi!<\/p>\n<\/div>\n\t\t<\/div><\/div><div id=\"panel-6160-0-1-1\" class=\"so-panel widget widget_media_gallery\" data-index=\"5\" ><h2 class=\"widget-title\"><span class=\"widget-title__inline\">Notre \u00e9quipe!<\/span><\/h2><div id='gallery-1' class='gallery galleryid-6160 gallery-columns-3 gallery-size-thumbnail'><figure class='gallery-item'>\n\t\t\t<div class='gallery-icon landscape'>\n\t\t\t\t<a href='https:\/\/echappetoi.com\/en\/carriere\/lucien-et-fred-2\/'><img decoding=\"async\" width=\"150\" height=\"150\" src=\"https:\/\/echappetoi.com\/wp-content\/uploads\/2024\/03\/Lucien-et-Fred-150x150.jpg\" class=\"attachment-thumbnail size-thumbnail\" alt=\"\" \/><\/a>\n\t\t\t<\/div><\/figure><figure class='gallery-item'>\n\t\t\t<div class='gallery-icon landscape'>\n\t\t\t\t<a href='https:\/\/echappetoi.com\/en\/carriere\/microsoftteams-image-11-2\/'><img decoding=\"async\" width=\"150\" height=\"150\" src=\"https:\/\/echappetoi.com\/wp-content\/uploads\/2024\/03\/MicrosoftTeams-image-11-150x150.jpg\" class=\"attachment-thumbnail size-thumbnail\" alt=\"\" srcset=\"https:\/\/echappetoi.com\/wp-content\/uploads\/2024\/03\/MicrosoftTeams-image-11-150x150.jpg 150w, https:\/\/echappetoi.com\/wp-content\/uploads\/2024\/03\/MicrosoftTeams-image-11-300x300.jpg 300w, https:\/\/echappetoi.com\/wp-content\/uploads\/2024\/03\/MicrosoftTeams-image-11-768x768.jpg 768w, https:\/\/echappetoi.com\/wp-content\/uploads\/2024\/03\/MicrosoftTeams-image-11.jpg 848w\" sizes=\"(max-width: 150px) 100vw, 150px\" \/><\/a>\n\t\t\t<\/div><\/figure>\n\t\t<\/div>\n<\/div><div id=\"panel-6160-0-1-2\" class=\"so-panel widget widget_text panel-last-child\" data-index=\"6\" ><h2 class=\"widget-title\"><span class=\"widget-title__inline\">Qui sommes-nous?<\/span><\/h2>\t\t\t<div class=\"textwidget\"><p>Le Groupe \u00c9chappe-toi est n\u00e9 de la fusion de trois entreprises montr\u00e9alaises de jeux d\u2019\u00e9vasion<strong>: \u00c9chappe-toi Montr\u00e9al<\/strong>, le leader des jeux d\u2019\u00e9vasion \u00e0 Montr\u00e9al, <strong>Find the Key<\/strong>, l\u2019un des pionniers des jeux d\u2019\u00e9vasion, et <strong>Vortex Montr\u00e9al<\/strong>, ainsi que d&#8217;une entreprise de la ville de Qu\u00e9bec: <strong>\u00c0 Double Tour<\/strong>. La compagnie op\u00e8re 4 centres \u00e0 Montr\u00e9al, un a Qu\u00e9bec et un centre en France, \u00e0 Bordeaux.<\/p>\n<p>La compagnie valorise la cr\u00e9ativit\u00e9, l&#8217;autonomie, le professionnalisme, l&#8217;humilit\u00e9 et le respect.<\/p>\n<p>Les lieux de travail seront situ\u00e9s \u00e0 Montr\u00e9al ou \u00e0 Qu\u00e9bec :<\/p>\n<ul>\n<li>\u00c9chappe-toi: 2244, rue Larivi\u00e8re, Montr\u00e9al, QC H2K 4P8<\/li>\n<li>Vortex Plateau: 3841 boul. St-Laurent, Montr\u00e9al, QC H2W 1&#215;9<\/li>\n<li>Vortex Quartier Latin: 422 rue Ontario E, Montr\u00e9al, QC H2L 4J4<\/li>\n<li>Find the Key: 1000 rue Atateken, #101, Montr\u00e9al, QC H2L 3K5<\/li>\n<li>Musi&#8217;Quiz: 422 Ontario rue E, 2e \u00e9tage, Montr\u00e9al, QC H2L 4J4<\/li>\n<li>\u00c0 Double Tour: 430 rue du Parvis, #201, Qu\u00e9bec, QC G1K 6H8<\/li>\n<\/ul>\n<p>Le travail se fait en pr\u00e9sentiel, majoritairement en soir\u00e9e et les fins de semaines, ainsi que pendant les cong\u00e9s (rel\u00e2che, f\u00e9ri\u00e9s, etc.)<\/p>\n<p>Pour consulter la description de poste et soumettre votre candidature pour l&#8217;un des postes disponibles, cliquez sur les liens ci-apr\u00e8s:<\/p>\n<p><a href=\"https:\/\/echappetoi.com\/maitre-de-jeu\/\">Ma\u00eetre de jeu \/ Game master<\/a><\/p>\n<p><a href=\"https:\/\/echappetoi.com\/gerant\/\">G\u00e9rant(e) \/ Manager<\/a><\/p>\n<p><a href=\"https:\/\/echappetoi.com\/charge-de-relation-client\/\">Charg\u00e9(e) de relation client<\/a><\/p>\n<p><a href=\"https:\/\/echappetoi.com\/autres-fonction-emploi\/\">Autres fonctions<\/a><\/p>\n<\/div>\n\t\t<\/div><\/div><\/div><div id=\"pg-6160-1\"  class=\"panel-grid panel-no-style\" ><div id=\"pgc-6160-1-0\"  class=\"panel-grid-cell panel-grid-cell-empty panel-grid-cell-mobile-last\" ><div class=\"panel-cell-style panel-cell-style-for-6160-1-0\" ><\/div><\/div><div id=\"pgc-6160-1-1\"  class=\"panel-grid-cell panel-grid-cell-empty\" ><\/div><\/div><\/div>","protected":false},"excerpt":{"rendered":"<p>Offres d&#8217;emploi \u00e0 \u00c9chappe Toi Ma\u00eetre de jeu : 2 G\u00e9rant(e) : 0 Charg\u00e9(e) de relation client: 2 Offres d&#8217;emploi \u00e0 Vortex Plateau Ma\u00eetre de jeu : 1 G\u00e9rant(e) : 0 Offres d&#8217;emploi \u00e0 Vortex Quartier Latin Ma\u00eetre de jeu : 1 G\u00e9rant(e) : 0 Offres d&#8217;emploi \u00e0 Find the Key Ma\u00eetre de jeu : &hellip;<\/p>\n","protected":false},"author":5,"featured_media":0,"parent":0,"menu_order":0,"comment_status":"closed","ping_status":"closed","template":"","meta":{"_acf_changed":false,"footnotes":""},"class_list":["post-6160","page","type-page","status-publish","hentry"],"acf":[],"yoast_head":"<!-- This site is optimized with the Yoast SEO plugin v27.5 - https:\/\/yoast.com\/product\/yoast-seo-wordpress\/ -->\n<title>Rejoignez l&#039;\u00e9quipe du Groupe \u00c9chappe-toi!<\/title>\n<meta name=\"description\" content=\"Retrouvez toutes nos offres d&#039;emploi et les opportunit\u00e9s de carri\u00e8re au sein du Groupe \u00c9chappe-toi, le leader en jeux d&#039;\u00e9vasion au Qu\u00e9bec!\" \/>\n<meta name=\"robots\" content=\"index, follow, max-snippet:-1, max-image-preview:large, max-video-preview:-1\" \/>\n<link rel=\"canonical\" href=\"https:\/\/echappetoi.com\/en\/carriere\/\" \/>\n<meta property=\"og:locale\" content=\"en_US\" \/>\n<meta property=\"og:type\" content=\"article\" \/>\n<meta property=\"og:title\" content=\"Rejoignez l&#039;\u00e9quipe du Groupe \u00c9chappe-toi!\" \/>\n<meta property=\"og:description\" content=\"Retrouvez toutes nos offres d&#039;emploi et les opportunit\u00e9s de carri\u00e8re au sein du Groupe \u00c9chappe-toi, le leader en jeux d&#039;\u00e9vasion au Qu\u00e9bec!\" \/>\n<meta property=\"og:url\" content=\"https:\/\/echappetoi.com\/en\/carriere\/\" \/>\n<meta property=\"og:site_name\" content=\"\u00c9chappe Toi\" \/>\n<meta property=\"article:publisher\" content=\"https:\/\/www.facebook.com\/echappetoi\" \/>\n<meta property=\"article:modified_time\" content=\"2024-06-19T13:08:26+00:00\" \/>\n<meta name=\"twitter:card\" content=\"summary_large_image\" \/>\n<meta name=\"twitter:site\" content=\"@echappet\" \/>\n<meta name=\"twitter:label1\" content=\"Est. reading time\" \/>\n\t<meta name=\"twitter:data1\" content=\"3 minutes\" \/>\n<script type=\"application\/ld+json\" class=\"yoast-schema-graph\">{\"@context\":\"https:\\\/\\\/schema.org\",\"@graph\":[{\"@type\":\"WebPage\",\"@id\":\"https:\\\/\\\/echappetoi.com\\\/en\\\/carriere\\\/\",\"url\":\"https:\\\/\\\/echappetoi.com\\\/en\\\/carriere\\\/\",\"name\":\"Rejoignez l'\u00e9quipe du Groupe \u00c9chappe-toi!\",\"isPartOf\":{\"@id\":\"https:\\\/\\\/echappetoi.com\\\/#website\"},\"datePublished\":\"2024-03-20T12:33:15+00:00\",\"dateModified\":\"2024-06-19T13:08:26+00:00\",\"description\":\"Retrouvez toutes nos offres d'emploi et les opportunit\u00e9s de carri\u00e8re au sein du Groupe \u00c9chappe-toi, le leader en jeux d'\u00e9vasion au Qu\u00e9bec!\",\"breadcrumb\":{\"@id\":\"https:\\\/\\\/echappetoi.com\\\/en\\\/carriere\\\/#breadcrumb\"},\"inLanguage\":\"en-US\",\"potentialAction\":[{\"@type\":\"ReadAction\",\"target\":[\"https:\\\/\\\/echappetoi.com\\\/en\\\/carriere\\\/\"]}]},{\"@type\":\"BreadcrumbList\",\"@id\":\"https:\\\/\\\/echappetoi.com\\\/en\\\/carriere\\\/#breadcrumb\",\"itemListElement\":[{\"@type\":\"ListItem\",\"position\":1,\"name\":\"Accueil\",\"item\":\"https:\\\/\\\/echappetoi.com\\\/en\\\/\"},{\"@type\":\"ListItem\",\"position\":2,\"name\":\"Carri\u00e8re\"}]},{\"@type\":\"WebSite\",\"@id\":\"https:\\\/\\\/echappetoi.com\\\/#website\",\"url\":\"https:\\\/\\\/echappetoi.com\\\/\",\"name\":\"\u00c9chappe Toi\",\"description\":\"Montr\u00e9al Escape Games\",\"publisher\":{\"@id\":\"https:\\\/\\\/echappetoi.com\\\/#organization\"},\"potentialAction\":[{\"@type\":\"SearchAction\",\"target\":{\"@type\":\"EntryPoint\",\"urlTemplate\":\"https:\\\/\\\/echappetoi.com\\\/?s={search_term_string}\"},\"query-input\":{\"@type\":\"PropertyValueSpecification\",\"valueRequired\":true,\"valueName\":\"search_term_string\"}}],\"inLanguage\":\"en-US\"},{\"@type\":\"Organization\",\"@id\":\"https:\\\/\\\/echappetoi.com\\\/#organization\",\"name\":\"\u00c9chappe-Toi\",\"url\":\"https:\\\/\\\/echappetoi.com\\\/\",\"logo\":{\"@type\":\"ImageObject\",\"inLanguage\":\"en-US\",\"@id\":\"https:\\\/\\\/echappetoi.com\\\/#\\\/schema\\\/logo\\\/image\\\/\",\"url\":\"https:\\\/\\\/echappetoi.com\\\/wp-content\\\/uploads\\\/2018\\\/02\\\/Logo-Echappe-Toi-Aventure-Immersive-big-with-baseline.png\",\"contentUrl\":\"https:\\\/\\\/echappetoi.com\\\/wp-content\\\/uploads\\\/2018\\\/02\\\/Logo-Echappe-Toi-Aventure-Immersive-big-with-baseline.png\",\"width\":\"400\",\"height\":\"234\",\"caption\":\"\u00c9chappe-Toi\"},\"image\":{\"@id\":\"https:\\\/\\\/echappetoi.com\\\/#\\\/schema\\\/logo\\\/image\\\/\"},\"sameAs\":[\"https:\\\/\\\/www.facebook.com\\\/echappetoi\",\"https:\\\/\\\/x.com\\\/echappet\",\"https:\\\/\\\/www.linkedin.com\\\/company\\\/echappe-toi\"]}]}<\/script>\n<!-- \/ Yoast SEO plugin. -->","yoast_head_json":{"title":"Rejoignez l'\u00e9quipe du Groupe \u00c9chappe-toi!","description":"Retrouvez toutes nos offres d'emploi et les opportunit\u00e9s de carri\u00e8re au sein du Groupe \u00c9chappe-toi, le leader en jeux d'\u00e9vasion au Qu\u00e9bec!","robots":{"index":"index","follow":"follow","max-snippet":"max-snippet:-1","max-image-preview":"max-image-preview:large","max-video-preview":"max-video-preview:-1"},"canonical":"https:\/\/echappetoi.com\/en\/carriere\/","og_locale":"en_US","og_type":"article","og_title":"Rejoignez l'\u00e9quipe du Groupe \u00c9chappe-toi!","og_description":"Retrouvez toutes nos offres d'emploi et les opportunit\u00e9s de carri\u00e8re au sein du Groupe \u00c9chappe-toi, le leader en jeux d'\u00e9vasion au Qu\u00e9bec!","og_url":"https:\/\/echappetoi.com\/en\/carriere\/","og_site_name":"\u00c9chappe Toi","article_publisher":"https:\/\/www.facebook.com\/echappetoi","article_modified_time":"2024-06-19T13:08:26+00:00","twitter_card":"summary_large_image","twitter_site":"@echappet","twitter_misc":{"Est. reading time":"3 minutes"},"schema":{"@context":"https:\/\/schema.org","@graph":[{"@type":"WebPage","@id":"https:\/\/echappetoi.com\/en\/carriere\/","url":"https:\/\/echappetoi.com\/en\/carriere\/","name":"Rejoignez l'\u00e9quipe du Groupe \u00c9chappe-toi!","isPartOf":{"@id":"https:\/\/echappetoi.com\/#website"},"datePublished":"2024-03-20T12:33:15+00:00","dateModified":"2024-06-19T13:08:26+00:00","description":"Retrouvez toutes nos offres d'emploi et les opportunit\u00e9s de carri\u00e8re au sein du Groupe \u00c9chappe-toi, le leader en jeux d'\u00e9vasion au Qu\u00e9bec!","breadcrumb":{"@id":"https:\/\/echappetoi.com\/en\/carriere\/#breadcrumb"},"inLanguage":"en-US","potentialAction":[{"@type":"ReadAction","target":["https:\/\/echappetoi.com\/en\/carriere\/"]}]},{"@type":"BreadcrumbList","@id":"https:\/\/echappetoi.com\/en\/carriere\/#breadcrumb","itemListElement":[{"@type":"ListItem","position":1,"name":"Accueil","item":"https:\/\/echappetoi.com\/en\/"},{"@type":"ListItem","position":2,"name":"Carri\u00e8re"}]},{"@type":"WebSite","@id":"https:\/\/echappetoi.com\/#website","url":"https:\/\/echappetoi.com\/","name":"\u00c9chappe Toi","description":"Montr\u00e9al Escape Games","publisher":{"@id":"https:\/\/echappetoi.com\/#organization"},"potentialAction":[{"@type":"SearchAction","target":{"@type":"EntryPoint","urlTemplate":"https:\/\/echappetoi.com\/?s={search_term_string}"},"query-input":{"@type":"PropertyValueSpecification","valueRequired":true,"valueName":"search_term_string"}}],"inLanguage":"en-US"},{"@type":"Organization","@id":"https:\/\/echappetoi.com\/#organization","name":"\u00c9chappe-Toi","url":"https:\/\/echappetoi.com\/","logo":{"@type":"ImageObject","inLanguage":"en-US","@id":"https:\/\/echappetoi.com\/#\/schema\/logo\/image\/","url":"https:\/\/echappetoi.com\/wp-content\/uploads\/2018\/02\/Logo-Echappe-Toi-Aventure-Immersive-big-with-baseline.png","contentUrl":"https:\/\/echappetoi.com\/wp-content\/uploads\/2018\/02\/Logo-Echappe-Toi-Aventure-Immersive-big-with-baseline.png","width":"400","height":"234","caption":"\u00c9chappe-Toi"},"image":{"@id":"https:\/\/echappetoi.com\/#\/schema\/logo\/image\/"},"sameAs":["https:\/\/www.facebook.com\/echappetoi","https:\/\/x.com\/echappet","https:\/\/www.linkedin.com\/company\/echappe-toi"]}]}},"_links":{"self":[{"href":"https:\/\/echappetoi.com\/en\/wp-json\/wp\/v2\/pages\/6160","targetHints":{"allow":["GET"]}}],"collection":[{"href":"https:\/\/echappetoi.com\/en\/wp-json\/wp\/v2\/pages"}],"about":[{"href":"https:\/\/echappetoi.com\/en\/wp-json\/wp\/v2\/types\/page"}],"author":[{"embeddable":true,"href":"https:\/\/echappetoi.com\/en\/wp-json\/wp\/v2\/users\/5"}],"replies":[{"embeddable":true,"href":"https:\/\/echappetoi.com\/en\/wp-json\/wp\/v2\/comments?post=6160"}],"version-history":[{"count":0,"href":"https:\/\/echappetoi.com\/en\/wp-json\/wp\/v2\/pages\/6160\/revisions"}],"wp:attachment":[{"href":"https:\/\/echappetoi.com\/en\/wp-json\/wp\/v2\/media?parent=6160"}],"curies":[{"name":"wp","href":"https:\/\/api.w.org\/{rel}","templated":true}]}}