{"id":5829,"date":"2023-02-03T19:25:07","date_gmt":"2023-02-04T00:25:07","guid":{"rendered":"https:\/\/echappetoi.com\/?page_id=5829"},"modified":"2025-06-22T19:11:27","modified_gmt":"2025-06-22T23:11:27","slug":"cursed-lovers-saint-laurent","status":"publish","type":"page","link":"https:\/\/echappetoi.com\/en\/jeu-evasion-montreal\/cursed-lovers-saint-laurent\/","title":{"rendered":"The cursed lovers of Saint-Laurent"},"content":{"rendered":"<div id=\"pl-5829\"  class=\"panel-layout\" ><div id=\"pg-5829-0\"  class=\"panel-grid panel-no-style\" ><div id=\"pgc-5829-0-0\"  class=\"panel-grid-cell\" ><div id=\"panel-5829-0-0-0\" class=\"so-panel widget widget_sow-image panel-first-child panel-last-child\" data-index=\"0\" ><div\n\t\t\t\n\t\t\tclass=\"so-widget-sow-image so-widget-sow-image-default-c67d20f9f743-5829\"\n\t\t\t\n\t\t>\n<div class=\"sow-image-container\">\n\t\t<img fetchpriority=\"high\" \n\tsrc=\"https:\/\/echappetoi.com\/wp-content\/uploads\/2023\/02\/Banniere-Amants-maudits-ENG-Site-ETM-1000-\u00d7-372-px-1.jpg\" width=\"1000\" height=\"372\" srcset=\"https:\/\/echappetoi.com\/wp-content\/uploads\/2023\/02\/Banniere-Amants-maudits-ENG-Site-ETM-1000-\u00d7-372-px-1.jpg 1000w, https:\/\/echappetoi.com\/wp-content\/uploads\/2023\/02\/Banniere-Amants-maudits-ENG-Site-ETM-1000-\u00d7-372-px-1-300x112.jpg 300w, https:\/\/echappetoi.com\/wp-content\/uploads\/2023\/02\/Banniere-Amants-maudits-ENG-Site-ETM-1000-\u00d7-372-px-1-768x286.jpg 768w\" sizes=\"(max-width: 1000px) 100vw, 1000px\" title=\"Banni\u00e8re Amants maudits ENG Site ETM (1000\u00a0\u00d7\u00a0372\u00a0px) (1)\" alt=\"\" \t\tclass=\"so-widget-image\"\/>\n\t<\/div>\n\n<\/div><\/div><\/div><\/div><div id=\"pg-5829-1\"  class=\"panel-grid panel-has-style\" ><div class=\"details panel-row-style panel-row-style-for-5829-1\" ><div id=\"pgc-5829-1-0\"  class=\"panel-grid-cell\" ><div id=\"panel-5829-1-0-0\" class=\"so-panel widget widget_pw_icon_box widget-icon-box panel-first-child panel-last-child\" data-index=\"1\" >\n\n\t\t<div class=\"icon-box\">\n\n\t\t<i class=\"fa  fa-users\"><\/i>\n\t\t<h4 class=\"icon-box__title\">Players<\/h4>\n\t\t<span class=\"icon-box__subtitle\">2\/4 persons<\/span>\n\n\t\t<\/div>\n\n<\/div><\/div><div id=\"pgc-5829-1-1\"  class=\"panel-grid-cell\" ><div id=\"panel-5829-1-1-0\" class=\"so-panel widget widget_pw_icon_box widget-icon-box panel-first-child panel-last-child\" data-index=\"2\" >\n\n\t\t<div class=\"icon-box\">\n\n\t\t<i class=\"fa  fa-clock-o\"><\/i>\n\t\t<h4 class=\"icon-box__title\">Duration<\/h4>\n\t\t<span class=\"icon-box__subtitle\">60 minutes<\/span>\n\n\t\t<\/div>\n\n<\/div><\/div><div id=\"pgc-5829-1-2\"  class=\"panel-grid-cell\" ><div id=\"panel-5829-1-2-0\" class=\"so-panel widget widget_pw_icon_box widget-icon-box panel-first-child panel-last-child\" data-index=\"3\" >\n\n\t\t<div class=\"icon-box\">\n\n\t\t<i class=\"fa  fa-money\"><\/i>\n\t\t<h4 class=\"icon-box__title\">Adult rate<\/h4>\n\t\t<span class=\"icon-box__subtitle\">$33\/pers. + taxes<\/span>\n\n\t\t<\/div>\n\n<\/div><\/div><div id=\"pgc-5829-1-3\"  class=\"panel-grid-cell\" ><div id=\"panel-5829-1-3-0\" class=\"so-panel widget widget_pw_icon_box widget-icon-box panel-first-child panel-last-child\" data-index=\"4\" >\n\n\t\t<div class=\"icon-box\">\n\n\t\t<i class=\"fa  fa-graduation-cap\"><\/i>\n\t\t<h4 class=\"icon-box__title\">Student rate<\/h4>\n\t\t<span class=\"icon-box__subtitle\">$27\/pers. + taxes<\/span>\n\n\t\t<\/div>\n\n<\/div><\/div><\/div><\/div><div id=\"pg-5829-2\"  class=\"panel-grid panel-no-style\" ><div id=\"pgc-5829-2-0\"  class=\"panel-grid-cell\" ><div id=\"panel-5829-2-0-0\" class=\"so-panel widget widget_black-studio-tinymce widget_black_studio_tinymce panel-first-child panel-last-child\" data-index=\"5\" ><div class=\"textwidget\"><h1>Search for the treasure!<\/h1>\n<p>This escape game takes you to the wreckage of a pirate ship on an archaeological dig. However, mercenaries seem to be heading to the wreck to steal your research!<\/p>\n<p>You will have to find the treasure before they arrive!<\/p>\n<h2>Dive into the history of the Saint-Laurent pirates<\/h2>\n<p>Before becoming respectable notables in a French town, Eric and Maria Cobham were fierce pirates who plagued the Saint-Laurent Bay. These star-crossed lovers amassed a fortune, only part of which accompanied them to France. It seems that the rest of the treasure has been found...<\/p>\n<h2>Your mission in the wreck?<\/h2>\n<p>You are archaeologists. Your team is on its way to a mysterious place, but beware, the descendants of the pirates have sworn to get their hands on this priceless treasure and you only have a short time before they catch up with you...<\/p>\n<h2>Who is this escape game for?<\/h2>\n<p>This game is for everyone, from 8 years old. From 2 to 4 players. An adult is required if any of the players are under 15 years old.<\/p>\n<h2>More info?<\/h2>\n<p>Do you know all these <a href=\"https:\/\/grandquebec.com\/eaux-du-quebec\/histoire-nom-fleuve-saint-laurent\/\">anecdotes<\/a> about the Saint-Laurent River?<\/p>\n<p>If you have any questions about our escape games in Montreal, you can consult our <a href=\"\/faq\/\">FAQS<\/a><\/p>\n<div id=\"pg-1801-2\" class=\"panel-grid panel-no-style\">\n<div id=\"pgc-1801-2-0\" class=\"panel-grid-cell\">\n<div id=\"panel-1801-2-0-0\" class=\"so-panel widget widget_black-studio-tinymce widget_black_studio_tinymce panel-first-child panel-last-child\" data-index=\"5\">\n<div class=\"textwidget\">\n<p>And you can find our other escape games here:\u00a0<a href=\"https:\/\/echappetoi.com\/en\/jeu-evasion-montreal\/\">ALL OUR SCENARIOS<\/a><\/div>\n<\/div>\n<\/div>\n<\/div>\n<\/div><\/div><\/div><\/div><div id=\"pg-5829-3\"  class=\"panel-grid panel-no-style\" ><div id=\"pgc-5829-3-0\"  class=\"panel-grid-cell\" ><div id=\"panel-5829-3-0-0\" class=\"so-panel widget widget_sow-editor panel-first-child panel-last-child\" data-index=\"6\" ><div\n\t\t\t\n\t\t\tclass=\"so-widget-sow-editor so-widget-sow-editor-base\"\n\t\t\t\n\t\t>\n<div class=\"siteorigin-widget-tinymce textwidget\">\n\t<div id=\"forescape\" data-subdomain=\"echappetoi-montreal\" data-type=\"bookings\" data-rooms=\"63dadaa264720b2097ed6289\"><\/div>\n<p><script defer src=\"https:\/\/echappetoi-montreal.4escape.io\/public\/js\/iframe.min.js\"><\/script><\/p>\n<\/div>\n<\/div><\/div><\/div><\/div><\/div>","protected":false},"excerpt":{"rendered":"<p>Le bandit AL-Patraz a laiss\u00e9 de nombreux indices dans sa cellule. Vous avez 1 heure pour les trouver, les d\u00e9chiffrer et vous \u00e9vader !<\/p>\n","protected":false},"author":17,"featured_media":5838,"parent":2849,"menu_order":0,"comment_status":"closed","ping_status":"closed","template":"","meta":{"_acf_changed":false,"footnotes":""},"class_list":["post-5829","page","type-page","status-publish","has-post-thumbnail","hentry"],"acf":[],"yoast_head":"<!-- This site is optimized with the Yoast SEO plugin v27.4 - https:\/\/yoast.com\/product\/yoast-seo-wordpress\/ -->\n<title>Cursed lovers escape game in Montreal<\/title>\n<meta name=\"description\" content=\"You have 1 hour to find the treasure before the Caduc attack. Follow the trail of the cursed lovers to get out of the wreckage in time!\" \/>\n<meta name=\"robots\" content=\"index, follow, max-snippet:-1, max-image-preview:large, max-video-preview:-1\" \/>\n<link rel=\"canonical\" href=\"https:\/\/echappetoi.com\/en\/jeu-evasion-montreal\/cursed-lovers-saint-laurent\/\" \/>\n<meta property=\"og:locale\" content=\"en_US\" \/>\n<meta property=\"og:type\" content=\"article\" \/>\n<meta property=\"og:title\" content=\"Cursed lovers escape game in Montreal\" \/>\n<meta property=\"og:description\" content=\"You have 1 hour to find the treasure before the Caduc attack. Follow the trail of the cursed lovers to get out of the wreckage in time!\" \/>\n<meta property=\"og:url\" content=\"https:\/\/echappetoi.com\/en\/jeu-evasion-montreal\/cursed-lovers-saint-laurent\/\" \/>\n<meta property=\"og:site_name\" content=\"\u00c9chappe Toi\" \/>\n<meta property=\"article:publisher\" content=\"https:\/\/www.facebook.com\/echappetoi\" \/>\n<meta property=\"article:modified_time\" content=\"2025-06-22T23:11:27+00:00\" \/>\n<meta property=\"og:image\" content=\"https:\/\/echappetoi.com\/wp-content\/uploads\/2023\/02\/Les-pirates-du-saint-laurent-2_page-0001.jpg\" \/>\n\t<meta property=\"og:image:width\" content=\"1357\" \/>\n\t<meta property=\"og:image:height\" content=\"1920\" \/>\n\t<meta property=\"og:image:type\" content=\"image\/jpeg\" \/>\n<meta name=\"twitter:card\" content=\"summary_large_image\" \/>\n<meta name=\"twitter:site\" content=\"@echappet\" \/>\n<meta name=\"twitter:label1\" content=\"Est. reading time\" \/>\n\t<meta name=\"twitter:data1\" content=\"2 minutes\" \/>\n<script type=\"application\/ld+json\" class=\"yoast-schema-graph\">{\"@context\":\"https:\\\/\\\/schema.org\",\"@graph\":[{\"@type\":\"WebPage\",\"@id\":\"https:\\\/\\\/echappetoi.com\\\/en\\\/jeu-evasion-montreal\\\/cursed-lovers-saint-laurent\\\/\",\"url\":\"https:\\\/\\\/echappetoi.com\\\/en\\\/jeu-evasion-montreal\\\/cursed-lovers-saint-laurent\\\/\",\"name\":\"Cursed lovers escape game in Montreal\",\"isPartOf\":{\"@id\":\"https:\\\/\\\/echappetoi.com\\\/#website\"},\"primaryImageOfPage\":{\"@id\":\"https:\\\/\\\/echappetoi.com\\\/en\\\/jeu-evasion-montreal\\\/cursed-lovers-saint-laurent\\\/#primaryimage\"},\"image\":{\"@id\":\"https:\\\/\\\/echappetoi.com\\\/en\\\/jeu-evasion-montreal\\\/cursed-lovers-saint-laurent\\\/#primaryimage\"},\"thumbnailUrl\":\"https:\\\/\\\/echappetoi.com\\\/wp-content\\\/uploads\\\/2023\\\/02\\\/Les-pirates-du-saint-laurent-2_page-0001.jpg\",\"datePublished\":\"2023-02-04T00:25:07+00:00\",\"dateModified\":\"2025-06-22T23:11:27+00:00\",\"description\":\"You have 1 hour to find the treasure before the Caduc attack. Follow the trail of the cursed lovers to get out of the wreckage in time!\",\"breadcrumb\":{\"@id\":\"https:\\\/\\\/echappetoi.com\\\/en\\\/jeu-evasion-montreal\\\/cursed-lovers-saint-laurent\\\/#breadcrumb\"},\"inLanguage\":\"en-US\",\"potentialAction\":[{\"@type\":\"ReadAction\",\"target\":[\"https:\\\/\\\/echappetoi.com\\\/en\\\/jeu-evasion-montreal\\\/cursed-lovers-saint-laurent\\\/\"]}]},{\"@type\":\"ImageObject\",\"inLanguage\":\"en-US\",\"@id\":\"https:\\\/\\\/echappetoi.com\\\/en\\\/jeu-evasion-montreal\\\/cursed-lovers-saint-laurent\\\/#primaryimage\",\"url\":\"https:\\\/\\\/echappetoi.com\\\/wp-content\\\/uploads\\\/2023\\\/02\\\/Les-pirates-du-saint-laurent-2_page-0001.jpg\",\"contentUrl\":\"https:\\\/\\\/echappetoi.com\\\/wp-content\\\/uploads\\\/2023\\\/02\\\/Les-pirates-du-saint-laurent-2_page-0001.jpg\",\"width\":1357,\"height\":1920},{\"@type\":\"BreadcrumbList\",\"@id\":\"https:\\\/\\\/echappetoi.com\\\/en\\\/jeu-evasion-montreal\\\/cursed-lovers-saint-laurent\\\/#breadcrumb\",\"itemListElement\":[{\"@type\":\"ListItem\",\"position\":1,\"name\":\"Accueil\",\"item\":\"https:\\\/\\\/echappetoi.com\\\/en\\\/\"},{\"@type\":\"ListItem\",\"position\":2,\"name\":\"Scenarios\",\"item\":\"https:\\\/\\\/echappetoi.com\\\/en\\\/jeu-evasion-montreal\\\/\"},{\"@type\":\"ListItem\",\"position\":3,\"name\":\"The cursed lovers of Saint-Laurent\"}]},{\"@type\":\"WebSite\",\"@id\":\"https:\\\/\\\/echappetoi.com\\\/#website\",\"url\":\"https:\\\/\\\/echappetoi.com\\\/\",\"name\":\"\u00c9chappe Toi\",\"description\":\"Montr\u00e9al Escape Games\",\"publisher\":{\"@id\":\"https:\\\/\\\/echappetoi.com\\\/#organization\"},\"potentialAction\":[{\"@type\":\"SearchAction\",\"target\":{\"@type\":\"EntryPoint\",\"urlTemplate\":\"https:\\\/\\\/echappetoi.com\\\/?s={search_term_string}\"},\"query-input\":{\"@type\":\"PropertyValueSpecification\",\"valueRequired\":true,\"valueName\":\"search_term_string\"}}],\"inLanguage\":\"en-US\"},{\"@type\":\"Organization\",\"@id\":\"https:\\\/\\\/echappetoi.com\\\/#organization\",\"name\":\"\u00c9chappe-Toi\",\"url\":\"https:\\\/\\\/echappetoi.com\\\/\",\"logo\":{\"@type\":\"ImageObject\",\"inLanguage\":\"en-US\",\"@id\":\"https:\\\/\\\/echappetoi.com\\\/#\\\/schema\\\/logo\\\/image\\\/\",\"url\":\"https:\\\/\\\/echappetoi.com\\\/wp-content\\\/uploads\\\/2018\\\/02\\\/Logo-Echappe-Toi-Aventure-Immersive-big-with-baseline.png\",\"contentUrl\":\"https:\\\/\\\/echappetoi.com\\\/wp-content\\\/uploads\\\/2018\\\/02\\\/Logo-Echappe-Toi-Aventure-Immersive-big-with-baseline.png\",\"width\":\"400\",\"height\":\"234\",\"caption\":\"\u00c9chappe-Toi\"},\"image\":{\"@id\":\"https:\\\/\\\/echappetoi.com\\\/#\\\/schema\\\/logo\\\/image\\\/\"},\"sameAs\":[\"https:\\\/\\\/www.facebook.com\\\/echappetoi\",\"https:\\\/\\\/x.com\\\/echappet\",\"https:\\\/\\\/www.linkedin.com\\\/company\\\/echappe-toi\"]}]}<\/script>\n<!-- \/ Yoast SEO plugin. -->","yoast_head_json":{"title":"Cursed lovers escape game in Montreal","description":"You have 1 hour to find the treasure before the Caduc attack. Follow the trail of the cursed lovers to get out of the wreckage in time!","robots":{"index":"index","follow":"follow","max-snippet":"max-snippet:-1","max-image-preview":"max-image-preview:large","max-video-preview":"max-video-preview:-1"},"canonical":"https:\/\/echappetoi.com\/en\/jeu-evasion-montreal\/cursed-lovers-saint-laurent\/","og_locale":"en_US","og_type":"article","og_title":"Cursed lovers escape game in Montreal","og_description":"You have 1 hour to find the treasure before the Caduc attack. Follow the trail of the cursed lovers to get out of the wreckage in time!","og_url":"https:\/\/echappetoi.com\/en\/jeu-evasion-montreal\/cursed-lovers-saint-laurent\/","og_site_name":"\u00c9chappe Toi","article_publisher":"https:\/\/www.facebook.com\/echappetoi","article_modified_time":"2025-06-22T23:11:27+00:00","og_image":[{"width":1357,"height":1920,"url":"https:\/\/echappetoi.com\/wp-content\/uploads\/2023\/02\/Les-pirates-du-saint-laurent-2_page-0001.jpg","type":"image\/jpeg"}],"twitter_card":"summary_large_image","twitter_site":"@echappet","twitter_misc":{"Est. reading time":"2 minutes"},"schema":{"@context":"https:\/\/schema.org","@graph":[{"@type":"WebPage","@id":"https:\/\/echappetoi.com\/en\/jeu-evasion-montreal\/cursed-lovers-saint-laurent\/","url":"https:\/\/echappetoi.com\/en\/jeu-evasion-montreal\/cursed-lovers-saint-laurent\/","name":"Cursed lovers escape game in Montreal","isPartOf":{"@id":"https:\/\/echappetoi.com\/#website"},"primaryImageOfPage":{"@id":"https:\/\/echappetoi.com\/en\/jeu-evasion-montreal\/cursed-lovers-saint-laurent\/#primaryimage"},"image":{"@id":"https:\/\/echappetoi.com\/en\/jeu-evasion-montreal\/cursed-lovers-saint-laurent\/#primaryimage"},"thumbnailUrl":"https:\/\/echappetoi.com\/wp-content\/uploads\/2023\/02\/Les-pirates-du-saint-laurent-2_page-0001.jpg","datePublished":"2023-02-04T00:25:07+00:00","dateModified":"2025-06-22T23:11:27+00:00","description":"You have 1 hour to find the treasure before the Caduc attack. Follow the trail of the cursed lovers to get out of the wreckage in time!","breadcrumb":{"@id":"https:\/\/echappetoi.com\/en\/jeu-evasion-montreal\/cursed-lovers-saint-laurent\/#breadcrumb"},"inLanguage":"en-US","potentialAction":[{"@type":"ReadAction","target":["https:\/\/echappetoi.com\/en\/jeu-evasion-montreal\/cursed-lovers-saint-laurent\/"]}]},{"@type":"ImageObject","inLanguage":"en-US","@id":"https:\/\/echappetoi.com\/en\/jeu-evasion-montreal\/cursed-lovers-saint-laurent\/#primaryimage","url":"https:\/\/echappetoi.com\/wp-content\/uploads\/2023\/02\/Les-pirates-du-saint-laurent-2_page-0001.jpg","contentUrl":"https:\/\/echappetoi.com\/wp-content\/uploads\/2023\/02\/Les-pirates-du-saint-laurent-2_page-0001.jpg","width":1357,"height":1920},{"@type":"BreadcrumbList","@id":"https:\/\/echappetoi.com\/en\/jeu-evasion-montreal\/cursed-lovers-saint-laurent\/#breadcrumb","itemListElement":[{"@type":"ListItem","position":1,"name":"Accueil","item":"https:\/\/echappetoi.com\/en\/"},{"@type":"ListItem","position":2,"name":"Scenarios","item":"https:\/\/echappetoi.com\/en\/jeu-evasion-montreal\/"},{"@type":"ListItem","position":3,"name":"The cursed lovers of Saint-Laurent"}]},{"@type":"WebSite","@id":"https:\/\/echappetoi.com\/#website","url":"https:\/\/echappetoi.com\/","name":"\u00c9chappe Toi","description":"Montr\u00e9al Escape Games","publisher":{"@id":"https:\/\/echappetoi.com\/#organization"},"potentialAction":[{"@type":"SearchAction","target":{"@type":"EntryPoint","urlTemplate":"https:\/\/echappetoi.com\/?s={search_term_string}"},"query-input":{"@type":"PropertyValueSpecification","valueRequired":true,"valueName":"search_term_string"}}],"inLanguage":"en-US"},{"@type":"Organization","@id":"https:\/\/echappetoi.com\/#organization","name":"\u00c9chappe-Toi","url":"https:\/\/echappetoi.com\/","logo":{"@type":"ImageObject","inLanguage":"en-US","@id":"https:\/\/echappetoi.com\/#\/schema\/logo\/image\/","url":"https:\/\/echappetoi.com\/wp-content\/uploads\/2018\/02\/Logo-Echappe-Toi-Aventure-Immersive-big-with-baseline.png","contentUrl":"https:\/\/echappetoi.com\/wp-content\/uploads\/2018\/02\/Logo-Echappe-Toi-Aventure-Immersive-big-with-baseline.png","width":"400","height":"234","caption":"\u00c9chappe-Toi"},"image":{"@id":"https:\/\/echappetoi.com\/#\/schema\/logo\/image\/"},"sameAs":["https:\/\/www.facebook.com\/echappetoi","https:\/\/x.com\/echappet","https:\/\/www.linkedin.com\/company\/echappe-toi"]}]}},"_links":{"self":[{"href":"https:\/\/echappetoi.com\/en\/wp-json\/wp\/v2\/pages\/5829","targetHints":{"allow":["GET"]}}],"collection":[{"href":"https:\/\/echappetoi.com\/en\/wp-json\/wp\/v2\/pages"}],"about":[{"href":"https:\/\/echappetoi.com\/en\/wp-json\/wp\/v2\/types\/page"}],"author":[{"embeddable":true,"href":"https:\/\/echappetoi.com\/en\/wp-json\/wp\/v2\/users\/17"}],"replies":[{"embeddable":true,"href":"https:\/\/echappetoi.com\/en\/wp-json\/wp\/v2\/comments?post=5829"}],"version-history":[{"count":0,"href":"https:\/\/echappetoi.com\/en\/wp-json\/wp\/v2\/pages\/5829\/revisions"}],"up":[{"embeddable":true,"href":"https:\/\/echappetoi.com\/en\/wp-json\/wp\/v2\/pages\/2849"}],"wp:featuredmedia":[{"embeddable":true,"href":"https:\/\/echappetoi.com\/en\/wp-json\/wp\/v2\/media\/5838"}],"wp:attachment":[{"href":"https:\/\/echappetoi.com\/en\/wp-json\/wp\/v2\/media?parent=5829"}],"curies":[{"name":"wp","href":"https:\/\/api.w.org\/{rel}","templated":true}]}}