{"id":5716,"date":"2022-04-07T19:40:19","date_gmt":"2022-04-07T23:40:19","guid":{"rendered":"https:\/\/echappetoi.com\/?page_id=5716"},"modified":"2025-06-22T20:57:44","modified_gmt":"2025-06-23T00:57:44","slug":"jeu-evasion-blood-pact-montreal-2","status":"publish","type":"page","link":"https:\/\/echappetoi.com\/en\/jeu-evasion-montreal\/jeu-evasion-blood-pact-montreal-2\/","title":{"rendered":"The Blood pact"},"content":{"rendered":"<div id=\"pl-5716\"  class=\"panel-layout\" ><div id=\"pg-5716-0\"  class=\"panel-grid panel-no-style\" ><div id=\"pgc-5716-0-0\"  class=\"panel-grid-cell\" ><div id=\"panel-5716-0-0-0\" class=\"so-panel widget widget_sow-image panel-first-child panel-last-child\" data-index=\"0\" ><div\n\t\t\t\n\t\t\tclass=\"so-widget-sow-image so-widget-sow-image-default-c67d20f9f743-5716\"\n\t\t\t\n\t\t>\n<div class=\"sow-image-container\">\n\t\t<img fetchpriority=\"high\" \n\tsrc=\"https:\/\/echappetoi.com\/wp-content\/uploads\/2023\/02\/Baniere-Blood-Pact.jpg\" width=\"1000\" height=\"372\" srcset=\"https:\/\/echappetoi.com\/wp-content\/uploads\/2023\/02\/Baniere-Blood-Pact.jpg 1000w, https:\/\/echappetoi.com\/wp-content\/uploads\/2023\/02\/Baniere-Blood-Pact-300x112.jpg 300w, https:\/\/echappetoi.com\/wp-content\/uploads\/2023\/02\/Baniere-Blood-Pact-768x286.jpg 768w\" sizes=\"(max-width: 1000px) 100vw, 1000px\" title=\"Bani\u00e8re Blood Pact\" alt=\"\" \t\tclass=\"so-widget-image\"\/>\n\t<\/div>\n\n<\/div><\/div><\/div><\/div><div id=\"pg-5716-1\"  class=\"panel-grid panel-has-style\" ><div class=\"details panel-row-style panel-row-style-for-5716-1\" ><div id=\"pgc-5716-1-0\"  class=\"panel-grid-cell\" ><div id=\"panel-5716-1-0-0\" class=\"so-panel widget widget_pw_icon_box widget-icon-box panel-first-child panel-last-child\" data-index=\"1\" >\n\n\t\t<div class=\"icon-box\">\n\n\t\t<i class=\"fa  fa-users\"><\/i>\n\t\t<h4 class=\"icon-box__title\">Players<\/h4>\n\t\t<span class=\"icon-box__subtitle\">2\/4 persons<\/span>\n\n\t\t<\/div>\n\n<\/div><\/div><div id=\"pgc-5716-1-1\"  class=\"panel-grid-cell\" ><div id=\"panel-5716-1-1-0\" class=\"so-panel widget widget_pw_icon_box widget-icon-box panel-first-child panel-last-child\" data-index=\"2\" >\n\n\t\t<div class=\"icon-box\">\n\n\t\t<i class=\"fa  fa-clock-o\"><\/i>\n\t\t<h4 class=\"icon-box__title\">Duration<\/h4>\n\t\t<span class=\"icon-box__subtitle\">60 minutes<\/span>\n\n\t\t<\/div>\n\n<\/div><\/div><div id=\"pgc-5716-1-2\"  class=\"panel-grid-cell\" ><div id=\"panel-5716-1-2-0\" class=\"so-panel widget widget_pw_icon_box widget-icon-box panel-first-child panel-last-child\" data-index=\"3\" >\n\n\t\t<div class=\"icon-box\">\n\n\t\t<i class=\"fa  fa-money\"><\/i>\n\t\t<h4 class=\"icon-box__title\">Adult rate<\/h4>\n\t\t<span class=\"icon-box__subtitle\">$33\/pers. + taxes<\/span>\n\n\t\t<\/div>\n\n<\/div><\/div><div id=\"pgc-5716-1-3\"  class=\"panel-grid-cell\" ><div id=\"panel-5716-1-3-0\" class=\"so-panel widget widget_pw_icon_box widget-icon-box panel-first-child panel-last-child\" data-index=\"4\" >\n\n\t\t<div class=\"icon-box\">\n\n\t\t<i class=\"fa  fa-graduation-cap\"><\/i>\n\t\t<h4 class=\"icon-box__title\">Student rate<\/h4>\n\t\t<span class=\"icon-box__subtitle\">$27\/pers. + taxes<\/span>\n\n\t\t<\/div>\n\n<\/div><\/div><\/div><\/div><div id=\"pg-5716-2\"  class=\"panel-grid panel-no-style\" ><div id=\"pgc-5716-2-0\"  class=\"panel-grid-cell\" ><div id=\"panel-5716-2-0-0\" class=\"so-panel widget widget_black-studio-tinymce widget_black_studio_tinymce panel-first-child panel-last-child\" data-index=\"5\" ><div class=\"textwidget\"><h1>A horror scene or an escape game?<\/h1>\n<p>Warning: this escape game is intended for an informed public. What happened to all those missing people? It's up to you to find out, but you'll have to put yourself in danger.<\/p>\n<h2>The tattoo shop has become an escape game<\/h2>\n<p>Numerous disappearances have taken place in Montreal. The police are unable to find any connection between the victims. Just as everyone is about to close the case for lack of material, a young detective notices that most of the victims had tattoos from an underground Montreal artist he follows on the networks. Rumours suggest that this tattoo artist is a member of a cult, and that the missing persons are his victims...<\/p>\n<h2>Your mission in the shop ?<\/h2>\n<p>You are mobilised in a police team to go and investigate directly on the scene. When you arrive at the Blood Brothers Tattoo Shop, it is closed. Can you go undercover and try to prevent a terrible massacre?<\/p>\n<h2>Who is this escape game for?<\/h2>\n<p>This game is aimed at an informed public (dark theme).<\/p>\n<p>More info?<\/p>\n<p class=\"p1\">The tattoo industry is flourishing in Montreal. Read more <a href=\"https:\/\/ici.radio-canada.ca\/nouvelle\/1312352\/industrie-tatouage-expansion-canada-tatouage\">here<\/a>.<\/p>\n<p>If you have any questions about our escape games in Montreal, you can consult our <a href=\"\/faq\/\">FAQS<\/a><\/p>\n<div id=\"pg-1801-2\" class=\"panel-grid panel-no-style\">\n<div id=\"pgc-1801-2-0\" class=\"panel-grid-cell\">\n<div id=\"panel-1801-2-0-0\" class=\"so-panel widget widget_black-studio-tinymce widget_black_studio_tinymce panel-first-child panel-last-child\" data-index=\"5\">\n<div class=\"textwidget\">\n<p>And you can find our other escape games here:\u00a0<a href=\"https:\/\/echappetoi.com\/en\/jeu-evasion-montreal\/\">ALL OUR SCENARIOS<\/a><\/div>\n<\/div>\n<\/div>\n<\/div>\n<\/div><\/div><\/div><\/div><div id=\"pg-5716-3\"  class=\"panel-grid panel-no-style\" ><div id=\"pgc-5716-3-0\"  class=\"panel-grid-cell\" ><div id=\"panel-5716-3-0-0\" class=\"so-panel widget widget_sow-editor panel-first-child panel-last-child\" data-index=\"6\" ><div\n\t\t\t\n\t\t\tclass=\"so-widget-sow-editor so-widget-sow-editor-base\"\n\t\t\t\n\t\t>\n<div class=\"siteorigin-widget-tinymce textwidget\">\n\t<div id=\"forescape\" data-subdomain=\"echappetoi-montreal\" data-type=\"bookings\" data-rooms=\"624f5be3ce6aff2417a23646\"><\/div>\n<p><script defer src=\"https:\/\/echappetoi-montreal.4escape.io\/public\/js\/iframe.min.js\"><\/script><\/p>\n<\/div>\n<\/div><\/div><\/div><\/div><\/div>","protected":false},"excerpt":{"rendered":"<p>Le bandit AL-Patraz a laiss\u00e9 de nombreux indices dans sa cellule. Vous avez 1 heure pour les trouver, les d\u00e9chiffrer et vous \u00e9vader !<\/p>\n","protected":false},"author":5,"featured_media":5739,"parent":2849,"menu_order":0,"comment_status":"closed","ping_status":"closed","template":"","meta":{"_acf_changed":false,"footnotes":""},"class_list":["post-5716","page","type-page","status-publish","has-post-thumbnail","hentry"],"acf":[],"yoast_head":"<!-- This site is optimized with the Yoast SEO plugin v27.5 - https:\/\/yoast.com\/product\/yoast-seo-wordpress\/ -->\n<title>Blood Pact escape game in Montreal<\/title>\n<meta name=\"description\" content=\"You have 1 hour to escape from the trap that has been set for you. Find the clues and decipher the riddles to get out of the prison and free yourself.\" \/>\n<meta name=\"robots\" content=\"index, follow, max-snippet:-1, max-image-preview:large, max-video-preview:-1\" \/>\n<link rel=\"canonical\" href=\"https:\/\/echappetoi.com\/en\/jeu-evasion-montreal\/jeu-evasion-blood-pact-montreal-2\/\" \/>\n<meta property=\"og:locale\" content=\"en_US\" \/>\n<meta property=\"og:type\" content=\"article\" \/>\n<meta property=\"og:title\" content=\"Blood Pact escape game in Montreal\" \/>\n<meta property=\"og:description\" content=\"You have 1 hour to escape from the trap that has been set for you. Find the clues and decipher the riddles to get out of the prison and free yourself.\" \/>\n<meta property=\"og:url\" content=\"https:\/\/echappetoi.com\/en\/jeu-evasion-montreal\/jeu-evasion-blood-pact-montreal-2\/\" \/>\n<meta property=\"og:site_name\" content=\"\u00c9chappe Toi\" \/>\n<meta property=\"article:publisher\" content=\"https:\/\/www.facebook.com\/echappetoi\" \/>\n<meta property=\"article:modified_time\" content=\"2025-06-23T00:57:44+00:00\" \/>\n<meta property=\"og:image\" content=\"https:\/\/echappetoi.com\/wp-content\/uploads\/2022\/05\/PactesiteLarge.jpg\" \/>\n\t<meta property=\"og:image:width\" content=\"250\" \/>\n\t<meta property=\"og:image:height\" content=\"310\" \/>\n\t<meta property=\"og:image:type\" content=\"image\/jpeg\" \/>\n<meta name=\"twitter:card\" content=\"summary_large_image\" \/>\n<meta name=\"twitter:site\" content=\"@echappet\" \/>\n<meta name=\"twitter:label1\" content=\"Est. reading time\" \/>\n\t<meta name=\"twitter:data1\" content=\"2 minutes\" \/>\n<script type=\"application\/ld+json\" class=\"yoast-schema-graph\">{\"@context\":\"https:\\\/\\\/schema.org\",\"@graph\":[{\"@type\":\"WebPage\",\"@id\":\"https:\\\/\\\/echappetoi.com\\\/en\\\/jeu-evasion-montreal\\\/jeu-evasion-blood-pact-montreal-2\\\/\",\"url\":\"https:\\\/\\\/echappetoi.com\\\/en\\\/jeu-evasion-montreal\\\/jeu-evasion-blood-pact-montreal-2\\\/\",\"name\":\"Blood Pact escape game in Montreal\",\"isPartOf\":{\"@id\":\"https:\\\/\\\/echappetoi.com\\\/#website\"},\"primaryImageOfPage\":{\"@id\":\"https:\\\/\\\/echappetoi.com\\\/en\\\/jeu-evasion-montreal\\\/jeu-evasion-blood-pact-montreal-2\\\/#primaryimage\"},\"image\":{\"@id\":\"https:\\\/\\\/echappetoi.com\\\/en\\\/jeu-evasion-montreal\\\/jeu-evasion-blood-pact-montreal-2\\\/#primaryimage\"},\"thumbnailUrl\":\"https:\\\/\\\/echappetoi.com\\\/wp-content\\\/uploads\\\/2022\\\/05\\\/PactesiteLarge.jpg\",\"datePublished\":\"2022-04-07T23:40:19+00:00\",\"dateModified\":\"2025-06-23T00:57:44+00:00\",\"description\":\"You have 1 hour to escape from the trap that has been set for you. Find the clues and decipher the riddles to get out of the prison and free yourself.\",\"breadcrumb\":{\"@id\":\"https:\\\/\\\/echappetoi.com\\\/en\\\/jeu-evasion-montreal\\\/jeu-evasion-blood-pact-montreal-2\\\/#breadcrumb\"},\"inLanguage\":\"en-US\",\"potentialAction\":[{\"@type\":\"ReadAction\",\"target\":[\"https:\\\/\\\/echappetoi.com\\\/en\\\/jeu-evasion-montreal\\\/jeu-evasion-blood-pact-montreal-2\\\/\"]}]},{\"@type\":\"ImageObject\",\"inLanguage\":\"en-US\",\"@id\":\"https:\\\/\\\/echappetoi.com\\\/en\\\/jeu-evasion-montreal\\\/jeu-evasion-blood-pact-montreal-2\\\/#primaryimage\",\"url\":\"https:\\\/\\\/echappetoi.com\\\/wp-content\\\/uploads\\\/2022\\\/05\\\/PactesiteLarge.jpg\",\"contentUrl\":\"https:\\\/\\\/echappetoi.com\\\/wp-content\\\/uploads\\\/2022\\\/05\\\/PactesiteLarge.jpg\",\"width\":250,\"height\":310},{\"@type\":\"BreadcrumbList\",\"@id\":\"https:\\\/\\\/echappetoi.com\\\/en\\\/jeu-evasion-montreal\\\/jeu-evasion-blood-pact-montreal-2\\\/#breadcrumb\",\"itemListElement\":[{\"@type\":\"ListItem\",\"position\":1,\"name\":\"Accueil\",\"item\":\"https:\\\/\\\/echappetoi.com\\\/en\\\/\"},{\"@type\":\"ListItem\",\"position\":2,\"name\":\"Scenarios\",\"item\":\"https:\\\/\\\/echappetoi.com\\\/en\\\/jeu-evasion-montreal\\\/\"},{\"@type\":\"ListItem\",\"position\":3,\"name\":\"The Blood pact\"}]},{\"@type\":\"WebSite\",\"@id\":\"https:\\\/\\\/echappetoi.com\\\/#website\",\"url\":\"https:\\\/\\\/echappetoi.com\\\/\",\"name\":\"\u00c9chappe Toi\",\"description\":\"Montr\u00e9al Escape Games\",\"publisher\":{\"@id\":\"https:\\\/\\\/echappetoi.com\\\/#organization\"},\"potentialAction\":[{\"@type\":\"SearchAction\",\"target\":{\"@type\":\"EntryPoint\",\"urlTemplate\":\"https:\\\/\\\/echappetoi.com\\\/?s={search_term_string}\"},\"query-input\":{\"@type\":\"PropertyValueSpecification\",\"valueRequired\":true,\"valueName\":\"search_term_string\"}}],\"inLanguage\":\"en-US\"},{\"@type\":\"Organization\",\"@id\":\"https:\\\/\\\/echappetoi.com\\\/#organization\",\"name\":\"\u00c9chappe-Toi\",\"url\":\"https:\\\/\\\/echappetoi.com\\\/\",\"logo\":{\"@type\":\"ImageObject\",\"inLanguage\":\"en-US\",\"@id\":\"https:\\\/\\\/echappetoi.com\\\/#\\\/schema\\\/logo\\\/image\\\/\",\"url\":\"https:\\\/\\\/echappetoi.com\\\/wp-content\\\/uploads\\\/2018\\\/02\\\/Logo-Echappe-Toi-Aventure-Immersive-big-with-baseline.png\",\"contentUrl\":\"https:\\\/\\\/echappetoi.com\\\/wp-content\\\/uploads\\\/2018\\\/02\\\/Logo-Echappe-Toi-Aventure-Immersive-big-with-baseline.png\",\"width\":\"400\",\"height\":\"234\",\"caption\":\"\u00c9chappe-Toi\"},\"image\":{\"@id\":\"https:\\\/\\\/echappetoi.com\\\/#\\\/schema\\\/logo\\\/image\\\/\"},\"sameAs\":[\"https:\\\/\\\/www.facebook.com\\\/echappetoi\",\"https:\\\/\\\/x.com\\\/echappet\",\"https:\\\/\\\/www.linkedin.com\\\/company\\\/echappe-toi\"]}]}<\/script>\n<!-- \/ Yoast SEO plugin. -->","yoast_head_json":{"title":"Blood Pact escape game in Montreal","description":"You have 1 hour to escape from the trap that has been set for you. Find the clues and decipher the riddles to get out of the prison and free yourself.","robots":{"index":"index","follow":"follow","max-snippet":"max-snippet:-1","max-image-preview":"max-image-preview:large","max-video-preview":"max-video-preview:-1"},"canonical":"https:\/\/echappetoi.com\/en\/jeu-evasion-montreal\/jeu-evasion-blood-pact-montreal-2\/","og_locale":"en_US","og_type":"article","og_title":"Blood Pact escape game in Montreal","og_description":"You have 1 hour to escape from the trap that has been set for you. Find the clues and decipher the riddles to get out of the prison and free yourself.","og_url":"https:\/\/echappetoi.com\/en\/jeu-evasion-montreal\/jeu-evasion-blood-pact-montreal-2\/","og_site_name":"\u00c9chappe Toi","article_publisher":"https:\/\/www.facebook.com\/echappetoi","article_modified_time":"2025-06-23T00:57:44+00:00","og_image":[{"width":250,"height":310,"url":"https:\/\/echappetoi.com\/wp-content\/uploads\/2022\/05\/PactesiteLarge.jpg","type":"image\/jpeg"}],"twitter_card":"summary_large_image","twitter_site":"@echappet","twitter_misc":{"Est. reading time":"2 minutes"},"schema":{"@context":"https:\/\/schema.org","@graph":[{"@type":"WebPage","@id":"https:\/\/echappetoi.com\/en\/jeu-evasion-montreal\/jeu-evasion-blood-pact-montreal-2\/","url":"https:\/\/echappetoi.com\/en\/jeu-evasion-montreal\/jeu-evasion-blood-pact-montreal-2\/","name":"Blood Pact escape game in Montreal","isPartOf":{"@id":"https:\/\/echappetoi.com\/#website"},"primaryImageOfPage":{"@id":"https:\/\/echappetoi.com\/en\/jeu-evasion-montreal\/jeu-evasion-blood-pact-montreal-2\/#primaryimage"},"image":{"@id":"https:\/\/echappetoi.com\/en\/jeu-evasion-montreal\/jeu-evasion-blood-pact-montreal-2\/#primaryimage"},"thumbnailUrl":"https:\/\/echappetoi.com\/wp-content\/uploads\/2022\/05\/PactesiteLarge.jpg","datePublished":"2022-04-07T23:40:19+00:00","dateModified":"2025-06-23T00:57:44+00:00","description":"You have 1 hour to escape from the trap that has been set for you. Find the clues and decipher the riddles to get out of the prison and free yourself.","breadcrumb":{"@id":"https:\/\/echappetoi.com\/en\/jeu-evasion-montreal\/jeu-evasion-blood-pact-montreal-2\/#breadcrumb"},"inLanguage":"en-US","potentialAction":[{"@type":"ReadAction","target":["https:\/\/echappetoi.com\/en\/jeu-evasion-montreal\/jeu-evasion-blood-pact-montreal-2\/"]}]},{"@type":"ImageObject","inLanguage":"en-US","@id":"https:\/\/echappetoi.com\/en\/jeu-evasion-montreal\/jeu-evasion-blood-pact-montreal-2\/#primaryimage","url":"https:\/\/echappetoi.com\/wp-content\/uploads\/2022\/05\/PactesiteLarge.jpg","contentUrl":"https:\/\/echappetoi.com\/wp-content\/uploads\/2022\/05\/PactesiteLarge.jpg","width":250,"height":310},{"@type":"BreadcrumbList","@id":"https:\/\/echappetoi.com\/en\/jeu-evasion-montreal\/jeu-evasion-blood-pact-montreal-2\/#breadcrumb","itemListElement":[{"@type":"ListItem","position":1,"name":"Accueil","item":"https:\/\/echappetoi.com\/en\/"},{"@type":"ListItem","position":2,"name":"Scenarios","item":"https:\/\/echappetoi.com\/en\/jeu-evasion-montreal\/"},{"@type":"ListItem","position":3,"name":"The Blood pact"}]},{"@type":"WebSite","@id":"https:\/\/echappetoi.com\/#website","url":"https:\/\/echappetoi.com\/","name":"\u00c9chappe Toi","description":"Montr\u00e9al Escape Games","publisher":{"@id":"https:\/\/echappetoi.com\/#organization"},"potentialAction":[{"@type":"SearchAction","target":{"@type":"EntryPoint","urlTemplate":"https:\/\/echappetoi.com\/?s={search_term_string}"},"query-input":{"@type":"PropertyValueSpecification","valueRequired":true,"valueName":"search_term_string"}}],"inLanguage":"en-US"},{"@type":"Organization","@id":"https:\/\/echappetoi.com\/#organization","name":"\u00c9chappe-Toi","url":"https:\/\/echappetoi.com\/","logo":{"@type":"ImageObject","inLanguage":"en-US","@id":"https:\/\/echappetoi.com\/#\/schema\/logo\/image\/","url":"https:\/\/echappetoi.com\/wp-content\/uploads\/2018\/02\/Logo-Echappe-Toi-Aventure-Immersive-big-with-baseline.png","contentUrl":"https:\/\/echappetoi.com\/wp-content\/uploads\/2018\/02\/Logo-Echappe-Toi-Aventure-Immersive-big-with-baseline.png","width":"400","height":"234","caption":"\u00c9chappe-Toi"},"image":{"@id":"https:\/\/echappetoi.com\/#\/schema\/logo\/image\/"},"sameAs":["https:\/\/www.facebook.com\/echappetoi","https:\/\/x.com\/echappet","https:\/\/www.linkedin.com\/company\/echappe-toi"]}]}},"_links":{"self":[{"href":"https:\/\/echappetoi.com\/en\/wp-json\/wp\/v2\/pages\/5716","targetHints":{"allow":["GET"]}}],"collection":[{"href":"https:\/\/echappetoi.com\/en\/wp-json\/wp\/v2\/pages"}],"about":[{"href":"https:\/\/echappetoi.com\/en\/wp-json\/wp\/v2\/types\/page"}],"author":[{"embeddable":true,"href":"https:\/\/echappetoi.com\/en\/wp-json\/wp\/v2\/users\/5"}],"replies":[{"embeddable":true,"href":"https:\/\/echappetoi.com\/en\/wp-json\/wp\/v2\/comments?post=5716"}],"version-history":[{"count":0,"href":"https:\/\/echappetoi.com\/en\/wp-json\/wp\/v2\/pages\/5716\/revisions"}],"up":[{"embeddable":true,"href":"https:\/\/echappetoi.com\/en\/wp-json\/wp\/v2\/pages\/2849"}],"wp:featuredmedia":[{"embeddable":true,"href":"https:\/\/echappetoi.com\/en\/wp-json\/wp\/v2\/media\/5739"}],"wp:attachment":[{"href":"https:\/\/echappetoi.com\/en\/wp-json\/wp\/v2\/media?parent=5716"}],"curies":[{"name":"wp","href":"https:\/\/api.w.org\/{rel}","templated":true}]}}