{"id":4893,"date":"2020-05-01T11:18:44","date_gmt":"2020-05-01T15:18:44","guid":{"rendered":"https:\/\/echappetoi.com\/?page_id=4893"},"modified":"2020-05-05T13:04:25","modified_gmt":"2020-05-05T17:04:25","slug":"secret-marchemieux-mbam","status":"publish","type":"page","link":"https:\/\/echappetoi.com\/en\/our-special-events\/secret-marchemieux-mbam\/","title":{"rendered":"The Secret of Archibald Marchemieux"},"content":{"rendered":"<div id=\"pl-4893\"  class=\"panel-layout\" ><div id=\"pg-4893-0\"  class=\"panel-grid panel-no-style\" ><div id=\"pgc-4893-0-0\"  class=\"panel-grid-cell\" ><div id=\"panel-4893-0-0-0\" class=\"so-panel widget widget_sow-image panel-first-child panel-last-child\" data-index=\"0\" ><div\n\t\t\t\n\t\t\tclass=\"so-widget-sow-image so-widget-sow-image-default-c67d20f9f743-4893\"\n\t\t\t\n\t\t>\n<div class=\"sow-image-container\">\n\t\t<img fetchpriority=\"high\" \n\tsrc=\"https:\/\/echappetoi.com\/wp-content\/uploads\/2020\/05\/header-eng-archibald-secret.png\" width=\"1000\" height=\"372\" srcset=\"https:\/\/echappetoi.com\/wp-content\/uploads\/2020\/05\/header-eng-archibald-secret.png 1000w, https:\/\/echappetoi.com\/wp-content\/uploads\/2020\/05\/header-eng-archibald-secret-300x112.png 300w, https:\/\/echappetoi.com\/wp-content\/uploads\/2020\/05\/header-eng-archibald-secret-768x286.png 768w\" sizes=\"(max-width: 1000px) 100vw, 1000px\" title=\"header eng archibald secret\" alt=\"\" \t\tclass=\"so-widget-image\"\/>\n\t<\/div>\n\n<\/div><\/div><\/div><\/div><div id=\"pg-4893-1\"  class=\"panel-grid panel-no-style\" ><div id=\"pgc-4893-1-0\"  class=\"panel-grid-cell panel-grid-cell-empty\" ><\/div><\/div><div id=\"pg-4893-2\"  class=\"panel-grid panel-has-style\" ><div class=\"details panel-row-style panel-row-style-for-4893-2\" ><div id=\"pgc-4893-2-0\"  class=\"panel-grid-cell\" ><div id=\"panel-4893-2-0-0\" class=\"so-panel widget widget_pw_icon_box widget-icon-box panel-first-child panel-last-child\" data-index=\"1\" >\n\n\t\t<div class=\"icon-box\">\n\n\t\t<i class=\"fa  fa-clock-o\"><\/i>\n\t\t<h4 class=\"icon-box__title\">Dates<\/h4>\n\t\t<span class=\"icon-box__subtitle\">Nov18+March19<\/span>\n\n\t\t<\/div>\n\n<\/div><\/div><div id=\"pgc-4893-2-1\"  class=\"panel-grid-cell\" ><div id=\"panel-4893-2-1-0\" class=\"so-panel widget widget_pw_icon_box widget-icon-box panel-first-child panel-last-child\" data-index=\"2\" >\n\n\t\t<div class=\"icon-box\">\n\n\t\t<i class=\"fa  fa-cogs\"><\/i>\n\t\t<h4 class=\"icon-box__title\">Partner<\/h4>\n\t\t<span class=\"icon-box__subtitle\">Montreal Museum of Fine Arts<\/span>\n\n\t\t<\/div>\n\n<\/div><\/div><div id=\"pgc-4893-2-2\"  class=\"panel-grid-cell\" ><div id=\"panel-4893-2-2-0\" class=\"so-panel widget widget_pw_icon_box widget-icon-box panel-first-child panel-last-child\" data-index=\"3\" >\n\n\t\t<div class=\"icon-box\">\n\n\t\t<i class=\"fa  fa-info-circle\"><\/i>\n\t\t<h4 class=\"icon-box__title\">Location<\/h4>\n\t\t<span class=\"icon-box__subtitle\">Museum<\/span>\n\n\t\t<\/div>\n\n<\/div><\/div><\/div><\/div><div id=\"pg-4893-3\"  class=\"panel-grid panel-no-style\" ><div id=\"pgc-4893-3-0\"  class=\"panel-grid-cell\" ><div id=\"panel-4893-3-0-0\" class=\"so-panel widget widget_black-studio-tinymce widget_black_studio_tinymce panel-first-child panel-last-child\" data-index=\"4\" ><div class=\"textwidget\"><h1>The Montreal Museum of Fine Arts as a playground!<\/h1>\n<p>In November 2018 and March 2019, The Grand Escape presented a special edition in the Canadian and Quebec Arts Pavilion of the Montreal Museum of Fine Arts, in order to showcase the exhibition to a wide audience.<\/p>\n<p>Players, in teams of 2 to 6, walked down the 6 floors of the pavilion with their game book and were greeted on each level by professional actors playing characters related to the riddles. From Inuit art to contemporary art, players discovered the jewels of the MMFA while having fun.<\/p>\n<h2>The mission in the museum?<\/h2>\n<p>Archibald Marchemieux, a great admirer of the MMFA, wanted to donate an emblematic work to the museum to mark memories and escape oblivion. The story went that he had found the trail to a unique masterpiece. After years of searching, having swallowed up his entire fortune, considered insane by his family and friends, he was finally rewarded! He then decided to protect his extraordinary discovery by hiding it in the MBAM among the works already on display. He created a true initiatory journey, a mission that only the most deserving defenders and protectors of the arts could deserve to succeed.<\/p>\n<h2>Who was this escape game for?<\/h2>\n<p>This game was for everyone, from 8 years old. From 2 to 6 players. An adult was mandatory if the other players were under 15 years old.<\/p>\n<h2>More information?<\/h2>\n<p>More information about the Montreal Museum of Fine Arts <a href=\"https:\/\/www.mbam.qc.ca\/en\/\" target=\"_blank\" rel=\"noopener\">here<\/a>.<\/p>\n<\/div><\/div><\/div><\/div><\/div>","protected":false},"excerpt":{"rendered":"<p>Vous aurez 60 minutes, pas une de plus, pour braquer la banque de la p\u00e8gre de Montr\u00e9al, et vous \u00e9vader avec leur argent et leurs secrets !<\/p>\n","protected":false},"author":5,"featured_media":4900,"parent":3932,"menu_order":0,"comment_status":"closed","ping_status":"closed","template":"","meta":{"_acf_changed":false,"footnotes":""},"class_list":["post-4893","page","type-page","status-publish","has-post-thumbnail","hentry"],"acf":[],"yoast_head":"<!-- This site is optimized with the Yoast SEO plugin v27.3 - https:\/\/yoast.com\/product\/yoast-seo-wordpress\/ -->\n<title>montreal fine arts museum escape game<\/title>\n<meta name=\"description\" content=\"In 2018 and 2019, The Grand Escape presented an escape game in the Canadian and Quebec Arts Pavilion of the Montreal Museum of Fine Arts\" \/>\n<meta name=\"robots\" content=\"index, follow, max-snippet:-1, max-image-preview:large, max-video-preview:-1\" \/>\n<link rel=\"canonical\" href=\"https:\/\/echappetoi.com\/en\/our-special-events\/secret-marchemieux-mbam\/\" \/>\n<meta property=\"og:locale\" content=\"en_US\" \/>\n<meta property=\"og:type\" content=\"article\" \/>\n<meta property=\"og:title\" content=\"montreal fine arts museum escape game\" \/>\n<meta property=\"og:description\" content=\"In 2018 and 2019, The Grand Escape presented an escape game in the Canadian and Quebec Arts Pavilion of the Montreal Museum of Fine Arts\" \/>\n<meta property=\"og:url\" content=\"https:\/\/echappetoi.com\/en\/our-special-events\/secret-marchemieux-mbam\/\" \/>\n<meta property=\"og:site_name\" content=\"\u00c9chappe Toi\" \/>\n<meta property=\"article:publisher\" content=\"https:\/\/www.facebook.com\/echappetoi\" \/>\n<meta property=\"article:modified_time\" content=\"2020-05-05T17:04:25+00:00\" \/>\n<meta property=\"og:image\" content=\"https:\/\/echappetoi.com\/wp-content\/uploads\/2020\/05\/Archibald_EN_250x310.png\" \/>\n\t<meta property=\"og:image:width\" content=\"250\" \/>\n\t<meta property=\"og:image:height\" content=\"310\" \/>\n\t<meta property=\"og:image:type\" content=\"image\/png\" \/>\n<meta name=\"twitter:card\" content=\"summary_large_image\" \/>\n<meta name=\"twitter:site\" content=\"@echappet\" \/>\n<meta name=\"twitter:label1\" content=\"Est. reading time\" \/>\n\t<meta name=\"twitter:data1\" content=\"1 minute\" \/>\n<script type=\"application\/ld+json\" class=\"yoast-schema-graph\">{\"@context\":\"https:\\\/\\\/schema.org\",\"@graph\":[{\"@type\":\"WebPage\",\"@id\":\"https:\\\/\\\/echappetoi.com\\\/en\\\/our-special-events\\\/secret-marchemieux-mbam\\\/\",\"url\":\"https:\\\/\\\/echappetoi.com\\\/en\\\/our-special-events\\\/secret-marchemieux-mbam\\\/\",\"name\":\"montreal fine arts museum escape game\",\"isPartOf\":{\"@id\":\"https:\\\/\\\/echappetoi.com\\\/#website\"},\"primaryImageOfPage\":{\"@id\":\"https:\\\/\\\/echappetoi.com\\\/en\\\/our-special-events\\\/secret-marchemieux-mbam\\\/#primaryimage\"},\"image\":{\"@id\":\"https:\\\/\\\/echappetoi.com\\\/en\\\/our-special-events\\\/secret-marchemieux-mbam\\\/#primaryimage\"},\"thumbnailUrl\":\"https:\\\/\\\/echappetoi.com\\\/wp-content\\\/uploads\\\/2020\\\/05\\\/Archibald_EN_250x310.png\",\"datePublished\":\"2020-05-01T15:18:44+00:00\",\"dateModified\":\"2020-05-05T17:04:25+00:00\",\"description\":\"In 2018 and 2019, The Grand Escape presented an escape game in the Canadian and Quebec Arts Pavilion of the Montreal Museum of Fine Arts\",\"breadcrumb\":{\"@id\":\"https:\\\/\\\/echappetoi.com\\\/en\\\/our-special-events\\\/secret-marchemieux-mbam\\\/#breadcrumb\"},\"inLanguage\":\"en-US\",\"potentialAction\":[{\"@type\":\"ReadAction\",\"target\":[\"https:\\\/\\\/echappetoi.com\\\/en\\\/our-special-events\\\/secret-marchemieux-mbam\\\/\"]}]},{\"@type\":\"ImageObject\",\"inLanguage\":\"en-US\",\"@id\":\"https:\\\/\\\/echappetoi.com\\\/en\\\/our-special-events\\\/secret-marchemieux-mbam\\\/#primaryimage\",\"url\":\"https:\\\/\\\/echappetoi.com\\\/wp-content\\\/uploads\\\/2020\\\/05\\\/Archibald_EN_250x310.png\",\"contentUrl\":\"https:\\\/\\\/echappetoi.com\\\/wp-content\\\/uploads\\\/2020\\\/05\\\/Archibald_EN_250x310.png\",\"width\":250,\"height\":310},{\"@type\":\"BreadcrumbList\",\"@id\":\"https:\\\/\\\/echappetoi.com\\\/en\\\/our-special-events\\\/secret-marchemieux-mbam\\\/#breadcrumb\",\"itemListElement\":[{\"@type\":\"ListItem\",\"position\":1,\"name\":\"Accueil\",\"item\":\"https:\\\/\\\/echappetoi.com\\\/en\\\/\"},{\"@type\":\"ListItem\",\"position\":2,\"name\":\"Our Special Events\",\"item\":\"https:\\\/\\\/echappetoi.com\\\/en\\\/our-special-events\\\/\"},{\"@type\":\"ListItem\",\"position\":3,\"name\":\"The Secret of Archibald Marchemieux\"}]},{\"@type\":\"WebSite\",\"@id\":\"https:\\\/\\\/echappetoi.com\\\/#website\",\"url\":\"https:\\\/\\\/echappetoi.com\\\/\",\"name\":\"\u00c9chappe Toi\",\"description\":\"Montr\u00e9al Escape Games\",\"publisher\":{\"@id\":\"https:\\\/\\\/echappetoi.com\\\/#organization\"},\"potentialAction\":[{\"@type\":\"SearchAction\",\"target\":{\"@type\":\"EntryPoint\",\"urlTemplate\":\"https:\\\/\\\/echappetoi.com\\\/?s={search_term_string}\"},\"query-input\":{\"@type\":\"PropertyValueSpecification\",\"valueRequired\":true,\"valueName\":\"search_term_string\"}}],\"inLanguage\":\"en-US\"},{\"@type\":\"Organization\",\"@id\":\"https:\\\/\\\/echappetoi.com\\\/#organization\",\"name\":\"\u00c9chappe-Toi\",\"url\":\"https:\\\/\\\/echappetoi.com\\\/\",\"logo\":{\"@type\":\"ImageObject\",\"inLanguage\":\"en-US\",\"@id\":\"https:\\\/\\\/echappetoi.com\\\/#\\\/schema\\\/logo\\\/image\\\/\",\"url\":\"https:\\\/\\\/echappetoi.com\\\/wp-content\\\/uploads\\\/2018\\\/02\\\/Logo-Echappe-Toi-Aventure-Immersive-big-with-baseline.png\",\"contentUrl\":\"https:\\\/\\\/echappetoi.com\\\/wp-content\\\/uploads\\\/2018\\\/02\\\/Logo-Echappe-Toi-Aventure-Immersive-big-with-baseline.png\",\"width\":\"400\",\"height\":\"234\",\"caption\":\"\u00c9chappe-Toi\"},\"image\":{\"@id\":\"https:\\\/\\\/echappetoi.com\\\/#\\\/schema\\\/logo\\\/image\\\/\"},\"sameAs\":[\"https:\\\/\\\/www.facebook.com\\\/echappetoi\",\"https:\\\/\\\/x.com\\\/echappet\",\"https:\\\/\\\/www.linkedin.com\\\/company\\\/echappe-toi\"]}]}<\/script>\n<!-- \/ Yoast SEO plugin. -->","yoast_head_json":{"title":"montreal fine arts museum escape game","description":"In 2018 and 2019, The Grand Escape presented an escape game in the Canadian and Quebec Arts Pavilion of the Montreal Museum of Fine Arts","robots":{"index":"index","follow":"follow","max-snippet":"max-snippet:-1","max-image-preview":"max-image-preview:large","max-video-preview":"max-video-preview:-1"},"canonical":"https:\/\/echappetoi.com\/en\/our-special-events\/secret-marchemieux-mbam\/","og_locale":"en_US","og_type":"article","og_title":"montreal fine arts museum escape game","og_description":"In 2018 and 2019, The Grand Escape presented an escape game in the Canadian and Quebec Arts Pavilion of the Montreal Museum of Fine Arts","og_url":"https:\/\/echappetoi.com\/en\/our-special-events\/secret-marchemieux-mbam\/","og_site_name":"\u00c9chappe Toi","article_publisher":"https:\/\/www.facebook.com\/echappetoi","article_modified_time":"2020-05-05T17:04:25+00:00","og_image":[{"width":250,"height":310,"url":"https:\/\/echappetoi.com\/wp-content\/uploads\/2020\/05\/Archibald_EN_250x310.png","type":"image\/png"}],"twitter_card":"summary_large_image","twitter_site":"@echappet","twitter_misc":{"Est. reading time":"1 minute"},"schema":{"@context":"https:\/\/schema.org","@graph":[{"@type":"WebPage","@id":"https:\/\/echappetoi.com\/en\/our-special-events\/secret-marchemieux-mbam\/","url":"https:\/\/echappetoi.com\/en\/our-special-events\/secret-marchemieux-mbam\/","name":"montreal fine arts museum escape game","isPartOf":{"@id":"https:\/\/echappetoi.com\/#website"},"primaryImageOfPage":{"@id":"https:\/\/echappetoi.com\/en\/our-special-events\/secret-marchemieux-mbam\/#primaryimage"},"image":{"@id":"https:\/\/echappetoi.com\/en\/our-special-events\/secret-marchemieux-mbam\/#primaryimage"},"thumbnailUrl":"https:\/\/echappetoi.com\/wp-content\/uploads\/2020\/05\/Archibald_EN_250x310.png","datePublished":"2020-05-01T15:18:44+00:00","dateModified":"2020-05-05T17:04:25+00:00","description":"In 2018 and 2019, The Grand Escape presented an escape game in the Canadian and Quebec Arts Pavilion of the Montreal Museum of Fine Arts","breadcrumb":{"@id":"https:\/\/echappetoi.com\/en\/our-special-events\/secret-marchemieux-mbam\/#breadcrumb"},"inLanguage":"en-US","potentialAction":[{"@type":"ReadAction","target":["https:\/\/echappetoi.com\/en\/our-special-events\/secret-marchemieux-mbam\/"]}]},{"@type":"ImageObject","inLanguage":"en-US","@id":"https:\/\/echappetoi.com\/en\/our-special-events\/secret-marchemieux-mbam\/#primaryimage","url":"https:\/\/echappetoi.com\/wp-content\/uploads\/2020\/05\/Archibald_EN_250x310.png","contentUrl":"https:\/\/echappetoi.com\/wp-content\/uploads\/2020\/05\/Archibald_EN_250x310.png","width":250,"height":310},{"@type":"BreadcrumbList","@id":"https:\/\/echappetoi.com\/en\/our-special-events\/secret-marchemieux-mbam\/#breadcrumb","itemListElement":[{"@type":"ListItem","position":1,"name":"Accueil","item":"https:\/\/echappetoi.com\/en\/"},{"@type":"ListItem","position":2,"name":"Our Special Events","item":"https:\/\/echappetoi.com\/en\/our-special-events\/"},{"@type":"ListItem","position":3,"name":"The Secret of Archibald Marchemieux"}]},{"@type":"WebSite","@id":"https:\/\/echappetoi.com\/#website","url":"https:\/\/echappetoi.com\/","name":"\u00c9chappe Toi","description":"Montr\u00e9al Escape Games","publisher":{"@id":"https:\/\/echappetoi.com\/#organization"},"potentialAction":[{"@type":"SearchAction","target":{"@type":"EntryPoint","urlTemplate":"https:\/\/echappetoi.com\/?s={search_term_string}"},"query-input":{"@type":"PropertyValueSpecification","valueRequired":true,"valueName":"search_term_string"}}],"inLanguage":"en-US"},{"@type":"Organization","@id":"https:\/\/echappetoi.com\/#organization","name":"\u00c9chappe-Toi","url":"https:\/\/echappetoi.com\/","logo":{"@type":"ImageObject","inLanguage":"en-US","@id":"https:\/\/echappetoi.com\/#\/schema\/logo\/image\/","url":"https:\/\/echappetoi.com\/wp-content\/uploads\/2018\/02\/Logo-Echappe-Toi-Aventure-Immersive-big-with-baseline.png","contentUrl":"https:\/\/echappetoi.com\/wp-content\/uploads\/2018\/02\/Logo-Echappe-Toi-Aventure-Immersive-big-with-baseline.png","width":"400","height":"234","caption":"\u00c9chappe-Toi"},"image":{"@id":"https:\/\/echappetoi.com\/#\/schema\/logo\/image\/"},"sameAs":["https:\/\/www.facebook.com\/echappetoi","https:\/\/x.com\/echappet","https:\/\/www.linkedin.com\/company\/echappe-toi"]}]}},"_links":{"self":[{"href":"https:\/\/echappetoi.com\/en\/wp-json\/wp\/v2\/pages\/4893","targetHints":{"allow":["GET"]}}],"collection":[{"href":"https:\/\/echappetoi.com\/en\/wp-json\/wp\/v2\/pages"}],"about":[{"href":"https:\/\/echappetoi.com\/en\/wp-json\/wp\/v2\/types\/page"}],"author":[{"embeddable":true,"href":"https:\/\/echappetoi.com\/en\/wp-json\/wp\/v2\/users\/5"}],"replies":[{"embeddable":true,"href":"https:\/\/echappetoi.com\/en\/wp-json\/wp\/v2\/comments?post=4893"}],"version-history":[{"count":0,"href":"https:\/\/echappetoi.com\/en\/wp-json\/wp\/v2\/pages\/4893\/revisions"}],"up":[{"embeddable":true,"href":"https:\/\/echappetoi.com\/en\/wp-json\/wp\/v2\/pages\/3932"}],"wp:featuredmedia":[{"embeddable":true,"href":"https:\/\/echappetoi.com\/en\/wp-json\/wp\/v2\/media\/4900"}],"wp:attachment":[{"href":"https:\/\/echappetoi.com\/en\/wp-json\/wp\/v2\/media?parent=4893"}],"curies":[{"name":"wp","href":"https:\/\/api.w.org\/{rel}","templated":true}]}}