{"id":4205,"date":"2020-01-25T09:09:36","date_gmt":"2020-01-25T14:09:36","guid":{"rendered":"https:\/\/echappetoi.com\/?page_id=4205"},"modified":"2020-05-05T11:34:12","modified_gmt":"2020-05-05T15:34:12","slug":"escape-game-centre-earth-chaos","status":"publish","type":"page","link":"https:\/\/echappetoi.com\/en\/our-special-events\/escape-game-centre-earth-chaos\/","title":{"rendered":"Chaos: Save Art, Save Mankind!"},"content":{"rendered":"<div id=\"pl-4205\"  class=\"panel-layout\" ><div id=\"pg-4205-0\"  class=\"panel-grid panel-no-style\" ><div id=\"pgc-4205-0-0\"  class=\"panel-grid-cell\" ><div id=\"panel-4205-0-0-0\" class=\"so-panel widget widget_sow-image panel-first-child panel-last-child\" data-index=\"0\" ><div\n\t\t\t\n\t\t\tclass=\"so-widget-sow-image so-widget-sow-image-default-8b5b6f678277-4205\"\n\t\t\t\n\t\t>\n<div class=\"sow-image-container\">\n\t\t\t<a href=\"https:\/\/thegrandescape-canada.4escape.io\/booking\/2020-02-29?iframe=1&#038;UID=7f1341a4-a522-4329-aa7e-fb161d34bad1&#038;fbclid=IwAR3wcRuSkRbaYhmHBD-NyfAiuuYZrkYJiFyGNF0Ag4lYc06jpvAy3SWpP6o#rooms=5e1f90c246bdee61b3fa97a7&#038;date=2020-02-29&#038;UID=7f1341a4-a522-4329-aa7e-fb161d34bad1\"\n\t\t\ttarget=\"_blank\" rel=\"noopener noreferrer\" \t\t>\n\t\t\t<img fetchpriority=\"high\" \n\tsrc=\"https:\/\/echappetoi.com\/wp-content\/uploads\/2020\/02\/Echappetoi_CHAOS_SiteWebET_72dpi_1000x372_EN_v2.jpg\" width=\"1000\" height=\"372\" srcset=\"https:\/\/echappetoi.com\/wp-content\/uploads\/2020\/02\/Echappetoi_CHAOS_SiteWebET_72dpi_1000x372_EN_v2.jpg 1000w, https:\/\/echappetoi.com\/wp-content\/uploads\/2020\/02\/Echappetoi_CHAOS_SiteWebET_72dpi_1000x372_EN_v2-300x112.jpg 300w, https:\/\/echappetoi.com\/wp-content\/uploads\/2020\/02\/Echappetoi_CHAOS_SiteWebET_72dpi_1000x372_EN_v2-768x286.jpg 768w\" sizes=\"(max-width: 1000px) 100vw, 1000px\" title=\"Voyage au centre de la Terre\" alt=\"\" \t\tclass=\"so-widget-image\"\/>\n\t\t\t<\/a><\/div>\n\n<\/div><\/div><\/div><\/div><div id=\"pg-4205-1\"  class=\"panel-grid panel-no-style\" ><div id=\"pgc-4205-1-0\"  class=\"panel-grid-cell panel-grid-cell-empty\" ><\/div><\/div><div id=\"pg-4205-2\"  class=\"panel-grid panel-no-style\" ><div id=\"pgc-4205-2-0\"  class=\"panel-grid-cell\" ><div id=\"panel-4205-2-0-0\" class=\"so-panel widget widget_pw_icon_box widget-icon-box panel-first-child panel-last-child\" data-index=\"1\" >\n\n\t\t<div class=\"icon-box\">\n\n\t\t<i class=\"fa  fa-clock-o\"><\/i>\n\t\t<h4 class=\"icon-box__title\">Dates<\/h4>\n\t\t<span class=\"icon-box__subtitle\">Feb.+March 2020<\/span>\n\n\t\t<\/div>\n\n<\/div><\/div><div id=\"pgc-4205-2-1\"  class=\"panel-grid-cell\" ><div id=\"panel-4205-2-1-0\" class=\"so-panel widget widget_pw_icon_box widget-icon-box panel-first-child panel-last-child\" data-index=\"2\" >\n\n\t\t<div class=\"icon-box\">\n\n\t\t<i class=\"fa  fa-cogs\"><\/i>\n\t\t<h4 class=\"icon-box__title\">Partner<\/h4>\n\t\t<span class=\"icon-box__subtitle\">Art Souterrain<\/span>\n\n\t\t<\/div>\n\n<\/div><\/div><div id=\"pgc-4205-2-2\"  class=\"panel-grid-cell\" ><div id=\"panel-4205-2-2-0\" class=\"so-panel widget widget_pw_icon_box widget-icon-box panel-first-child panel-last-child\" data-index=\"3\" >\n\n\t\t<div class=\"icon-box\">\n\n\t\t<i class=\"fa  fa-info-circle\"><\/i>\n\t\t<h4 class=\"icon-box__title\">Location<\/h4>\n\t\t<span class=\"icon-box__subtitle\">Underground City<\/span>\n\n\t\t<\/div>\n\n<\/div><\/div><\/div><div id=\"pg-4205-3\"  class=\"panel-grid panel-no-style\" ><div id=\"pgc-4205-3-0\"  class=\"panel-grid-cell\" ><div id=\"panel-4205-3-0-0\" class=\"so-panel widget widget_black-studio-tinymce widget_black_studio_tinymce panel-first-child panel-last-child\" data-index=\"4\" ><div class=\"textwidget\"><h1>The World's Biggest Immersive Adventure... Part II!<\/h1>\n<p><strong>Chaos is the second scenario of a project - in collaboration with Art Souterrain - whose playground was none other than the Palais des Congr\u00e8s de Montr\u00e9al ! This one was only played on two dates, February 29th and March 1st, 2020.\u00a0<\/strong><\/p>\n<p>An extraordinary opportunity to (re)discover Montreal and its History while having fun and to take an interest in the Art Souterrain Festival, dedicated to the visual arts and the revitalization of public space through the arts.<\/p>\n<h2>Prevent a world without emotions!<\/h2>\n<p>Dr. Habitus is sent from the future to destroy emotions that are deemed harmful to humanity. With the help of several members of the special forces of the psychic state control service, he seeks to identify the source of the emotions in order to destroy them before returning to his time.<\/p>\n<h2>The mission in the underground?<\/h2>\n<div class=\"page\" title=\"Page 1\">\n<div class=\"section\">\n<div class=\"layoutArea\">\n<div class=\"column\">\n<p>Players were tasked with thwarting his diabolical plans that could lead to the annihilation of the human race. Players had to answer various enigmas along the way and meet different characters as they discovered clues that allowed them to give Dr. Habitus back his lost emotions.<\/p>\n<h2>Who was this escape game for?<\/h2>\n<p>This game was for everyone, from 8 years old. From 2 to 6 players. One adult was required if the other players were under 15.<\/p><\/div>\n<\/div>\n<\/div>\n<\/div>\n<h2>More info?<\/h2>\n<p>More information about <a href=\"https:\/\/www.artsouterrain.com\/en\/\" target=\"_blank\" rel=\"noopener\">Art Souterrain<\/a>.<\/p>\n<p>You will find more information about <a href=\"https:\/\/www.mtlblog.com\/things-to-do-in-mtl\/montreals-underground-city\">Montreal's underground city<\/a>.<\/p>\n<\/div><\/div><\/div><\/div><div id=\"pg-4205-4\"  class=\"panel-grid panel-no-style\" ><div id=\"pgc-4205-4-0\"  class=\"panel-grid-cell panel-grid-cell-empty panel-grid-cell-mobile-last\" ><\/div><div id=\"pgc-4205-4-1\"  class=\"panel-grid-cell panel-grid-cell-empty\" ><\/div><\/div><\/div>","protected":false},"excerpt":{"rendered":"<p>Vous aurez 60 minutes, pas une de plus, pour braquer la banque de la p\u00e8gre de Montr\u00e9al, et vous \u00e9vader avec leur argent et leurs secrets !<\/p>\n","protected":false},"author":5,"featured_media":4393,"parent":3932,"menu_order":0,"comment_status":"closed","ping_status":"closed","template":"","meta":{"_acf_changed":false,"footnotes":""},"class_list":["post-4205","page","type-page","status-publish","has-post-thumbnail","hentry"],"acf":[],"yoast_head":"<!-- This site is optimized with the Yoast SEO plugin v27.5 - https:\/\/yoast.com\/product\/yoast-seo-wordpress\/ -->\n<title>Underground City escape game in Montreal: Chaos Convention Centre<\/title>\n<meta name=\"description\" content=\"You have 1 hour to rediscover Montreal&#039;s Underground City in this scenario number 2 of the greatest escape game in the world! Chaos\" \/>\n<meta name=\"robots\" content=\"index, follow, max-snippet:-1, max-image-preview:large, max-video-preview:-1\" \/>\n<link rel=\"canonical\" href=\"https:\/\/echappetoi.com\/en\/our-special-events\/escape-game-centre-earth-chaos\/\" \/>\n<meta property=\"og:locale\" content=\"en_US\" \/>\n<meta property=\"og:type\" content=\"article\" \/>\n<meta property=\"og:title\" content=\"Underground City escape game in Montreal: Chaos Convention Centre\" \/>\n<meta property=\"og:description\" content=\"You have 1 hour to rediscover Montreal&#039;s Underground City in this scenario number 2 of the greatest escape game in the world! Chaos\" \/>\n<meta property=\"og:url\" content=\"https:\/\/echappetoi.com\/en\/our-special-events\/escape-game-centre-earth-chaos\/\" \/>\n<meta property=\"og:site_name\" content=\"\u00c9chappe Toi\" \/>\n<meta property=\"article:publisher\" content=\"https:\/\/www.facebook.com\/echappetoi\" \/>\n<meta property=\"article:modified_time\" content=\"2020-05-05T15:34:12+00:00\" \/>\n<meta property=\"og:image\" content=\"https:\/\/echappetoi.com\/wp-content\/uploads\/2020\/02\/Echappetoi_CHAOS_SiteWebET_72dpi_250x310_EN_v2.jpg\" \/>\n\t<meta property=\"og:image:width\" content=\"250\" \/>\n\t<meta property=\"og:image:height\" content=\"310\" \/>\n\t<meta property=\"og:image:type\" content=\"image\/jpeg\" \/>\n<meta name=\"twitter:card\" content=\"summary_large_image\" \/>\n<meta name=\"twitter:site\" content=\"@echappet\" \/>\n<meta name=\"twitter:label1\" content=\"Est. reading time\" \/>\n\t<meta name=\"twitter:data1\" content=\"1 minute\" \/>\n<script type=\"application\/ld+json\" class=\"yoast-schema-graph\">{\"@context\":\"https:\\\/\\\/schema.org\",\"@graph\":[{\"@type\":\"WebPage\",\"@id\":\"https:\\\/\\\/echappetoi.com\\\/en\\\/our-special-events\\\/escape-game-centre-earth-chaos\\\/\",\"url\":\"https:\\\/\\\/echappetoi.com\\\/en\\\/our-special-events\\\/escape-game-centre-earth-chaos\\\/\",\"name\":\"Underground City escape game in Montreal: Chaos Convention Centre\",\"isPartOf\":{\"@id\":\"https:\\\/\\\/echappetoi.com\\\/#website\"},\"primaryImageOfPage\":{\"@id\":\"https:\\\/\\\/echappetoi.com\\\/en\\\/our-special-events\\\/escape-game-centre-earth-chaos\\\/#primaryimage\"},\"image\":{\"@id\":\"https:\\\/\\\/echappetoi.com\\\/en\\\/our-special-events\\\/escape-game-centre-earth-chaos\\\/#primaryimage\"},\"thumbnailUrl\":\"https:\\\/\\\/echappetoi.com\\\/wp-content\\\/uploads\\\/2020\\\/02\\\/Echappetoi_CHAOS_SiteWebET_72dpi_250x310_EN_v2.jpg\",\"datePublished\":\"2020-01-25T14:09:36+00:00\",\"dateModified\":\"2020-05-05T15:34:12+00:00\",\"description\":\"You have 1 hour to rediscover Montreal's Underground City in this scenario number 2 of the greatest escape game in the world! Chaos\",\"breadcrumb\":{\"@id\":\"https:\\\/\\\/echappetoi.com\\\/en\\\/our-special-events\\\/escape-game-centre-earth-chaos\\\/#breadcrumb\"},\"inLanguage\":\"en-US\",\"potentialAction\":[{\"@type\":\"ReadAction\",\"target\":[\"https:\\\/\\\/echappetoi.com\\\/en\\\/our-special-events\\\/escape-game-centre-earth-chaos\\\/\"]}]},{\"@type\":\"ImageObject\",\"inLanguage\":\"en-US\",\"@id\":\"https:\\\/\\\/echappetoi.com\\\/en\\\/our-special-events\\\/escape-game-centre-earth-chaos\\\/#primaryimage\",\"url\":\"https:\\\/\\\/echappetoi.com\\\/wp-content\\\/uploads\\\/2020\\\/02\\\/Echappetoi_CHAOS_SiteWebET_72dpi_250x310_EN_v2.jpg\",\"contentUrl\":\"https:\\\/\\\/echappetoi.com\\\/wp-content\\\/uploads\\\/2020\\\/02\\\/Echappetoi_CHAOS_SiteWebET_72dpi_250x310_EN_v2.jpg\",\"width\":250,\"height\":310},{\"@type\":\"BreadcrumbList\",\"@id\":\"https:\\\/\\\/echappetoi.com\\\/en\\\/our-special-events\\\/escape-game-centre-earth-chaos\\\/#breadcrumb\",\"itemListElement\":[{\"@type\":\"ListItem\",\"position\":1,\"name\":\"Accueil\",\"item\":\"https:\\\/\\\/echappetoi.com\\\/en\\\/\"},{\"@type\":\"ListItem\",\"position\":2,\"name\":\"Our Special Events\",\"item\":\"https:\\\/\\\/echappetoi.com\\\/en\\\/our-special-events\\\/\"},{\"@type\":\"ListItem\",\"position\":3,\"name\":\"Chaos: Save Art, Save Mankind!\"}]},{\"@type\":\"WebSite\",\"@id\":\"https:\\\/\\\/echappetoi.com\\\/#website\",\"url\":\"https:\\\/\\\/echappetoi.com\\\/\",\"name\":\"\u00c9chappe Toi\",\"description\":\"Montr\u00e9al Escape Games\",\"publisher\":{\"@id\":\"https:\\\/\\\/echappetoi.com\\\/#organization\"},\"potentialAction\":[{\"@type\":\"SearchAction\",\"target\":{\"@type\":\"EntryPoint\",\"urlTemplate\":\"https:\\\/\\\/echappetoi.com\\\/?s={search_term_string}\"},\"query-input\":{\"@type\":\"PropertyValueSpecification\",\"valueRequired\":true,\"valueName\":\"search_term_string\"}}],\"inLanguage\":\"en-US\"},{\"@type\":\"Organization\",\"@id\":\"https:\\\/\\\/echappetoi.com\\\/#organization\",\"name\":\"\u00c9chappe-Toi\",\"url\":\"https:\\\/\\\/echappetoi.com\\\/\",\"logo\":{\"@type\":\"ImageObject\",\"inLanguage\":\"en-US\",\"@id\":\"https:\\\/\\\/echappetoi.com\\\/#\\\/schema\\\/logo\\\/image\\\/\",\"url\":\"https:\\\/\\\/echappetoi.com\\\/wp-content\\\/uploads\\\/2018\\\/02\\\/Logo-Echappe-Toi-Aventure-Immersive-big-with-baseline.png\",\"contentUrl\":\"https:\\\/\\\/echappetoi.com\\\/wp-content\\\/uploads\\\/2018\\\/02\\\/Logo-Echappe-Toi-Aventure-Immersive-big-with-baseline.png\",\"width\":\"400\",\"height\":\"234\",\"caption\":\"\u00c9chappe-Toi\"},\"image\":{\"@id\":\"https:\\\/\\\/echappetoi.com\\\/#\\\/schema\\\/logo\\\/image\\\/\"},\"sameAs\":[\"https:\\\/\\\/www.facebook.com\\\/echappetoi\",\"https:\\\/\\\/x.com\\\/echappet\",\"https:\\\/\\\/www.linkedin.com\\\/company\\\/echappe-toi\"]}]}<\/script>\n<!-- \/ Yoast SEO plugin. -->","yoast_head_json":{"title":"Underground City escape game in Montreal: Chaos Convention Centre","description":"You have 1 hour to rediscover Montreal's Underground City in this scenario number 2 of the greatest escape game in the world! Chaos","robots":{"index":"index","follow":"follow","max-snippet":"max-snippet:-1","max-image-preview":"max-image-preview:large","max-video-preview":"max-video-preview:-1"},"canonical":"https:\/\/echappetoi.com\/en\/our-special-events\/escape-game-centre-earth-chaos\/","og_locale":"en_US","og_type":"article","og_title":"Underground City escape game in Montreal: Chaos Convention Centre","og_description":"You have 1 hour to rediscover Montreal's Underground City in this scenario number 2 of the greatest escape game in the world! Chaos","og_url":"https:\/\/echappetoi.com\/en\/our-special-events\/escape-game-centre-earth-chaos\/","og_site_name":"\u00c9chappe Toi","article_publisher":"https:\/\/www.facebook.com\/echappetoi","article_modified_time":"2020-05-05T15:34:12+00:00","og_image":[{"width":250,"height":310,"url":"https:\/\/echappetoi.com\/wp-content\/uploads\/2020\/02\/Echappetoi_CHAOS_SiteWebET_72dpi_250x310_EN_v2.jpg","type":"image\/jpeg"}],"twitter_card":"summary_large_image","twitter_site":"@echappet","twitter_misc":{"Est. reading time":"1 minute"},"schema":{"@context":"https:\/\/schema.org","@graph":[{"@type":"WebPage","@id":"https:\/\/echappetoi.com\/en\/our-special-events\/escape-game-centre-earth-chaos\/","url":"https:\/\/echappetoi.com\/en\/our-special-events\/escape-game-centre-earth-chaos\/","name":"Underground City escape game in Montreal: Chaos Convention Centre","isPartOf":{"@id":"https:\/\/echappetoi.com\/#website"},"primaryImageOfPage":{"@id":"https:\/\/echappetoi.com\/en\/our-special-events\/escape-game-centre-earth-chaos\/#primaryimage"},"image":{"@id":"https:\/\/echappetoi.com\/en\/our-special-events\/escape-game-centre-earth-chaos\/#primaryimage"},"thumbnailUrl":"https:\/\/echappetoi.com\/wp-content\/uploads\/2020\/02\/Echappetoi_CHAOS_SiteWebET_72dpi_250x310_EN_v2.jpg","datePublished":"2020-01-25T14:09:36+00:00","dateModified":"2020-05-05T15:34:12+00:00","description":"You have 1 hour to rediscover Montreal's Underground City in this scenario number 2 of the greatest escape game in the world! Chaos","breadcrumb":{"@id":"https:\/\/echappetoi.com\/en\/our-special-events\/escape-game-centre-earth-chaos\/#breadcrumb"},"inLanguage":"en-US","potentialAction":[{"@type":"ReadAction","target":["https:\/\/echappetoi.com\/en\/our-special-events\/escape-game-centre-earth-chaos\/"]}]},{"@type":"ImageObject","inLanguage":"en-US","@id":"https:\/\/echappetoi.com\/en\/our-special-events\/escape-game-centre-earth-chaos\/#primaryimage","url":"https:\/\/echappetoi.com\/wp-content\/uploads\/2020\/02\/Echappetoi_CHAOS_SiteWebET_72dpi_250x310_EN_v2.jpg","contentUrl":"https:\/\/echappetoi.com\/wp-content\/uploads\/2020\/02\/Echappetoi_CHAOS_SiteWebET_72dpi_250x310_EN_v2.jpg","width":250,"height":310},{"@type":"BreadcrumbList","@id":"https:\/\/echappetoi.com\/en\/our-special-events\/escape-game-centre-earth-chaos\/#breadcrumb","itemListElement":[{"@type":"ListItem","position":1,"name":"Accueil","item":"https:\/\/echappetoi.com\/en\/"},{"@type":"ListItem","position":2,"name":"Our Special Events","item":"https:\/\/echappetoi.com\/en\/our-special-events\/"},{"@type":"ListItem","position":3,"name":"Chaos: Save Art, Save Mankind!"}]},{"@type":"WebSite","@id":"https:\/\/echappetoi.com\/#website","url":"https:\/\/echappetoi.com\/","name":"\u00c9chappe Toi","description":"Montr\u00e9al Escape Games","publisher":{"@id":"https:\/\/echappetoi.com\/#organization"},"potentialAction":[{"@type":"SearchAction","target":{"@type":"EntryPoint","urlTemplate":"https:\/\/echappetoi.com\/?s={search_term_string}"},"query-input":{"@type":"PropertyValueSpecification","valueRequired":true,"valueName":"search_term_string"}}],"inLanguage":"en-US"},{"@type":"Organization","@id":"https:\/\/echappetoi.com\/#organization","name":"\u00c9chappe-Toi","url":"https:\/\/echappetoi.com\/","logo":{"@type":"ImageObject","inLanguage":"en-US","@id":"https:\/\/echappetoi.com\/#\/schema\/logo\/image\/","url":"https:\/\/echappetoi.com\/wp-content\/uploads\/2018\/02\/Logo-Echappe-Toi-Aventure-Immersive-big-with-baseline.png","contentUrl":"https:\/\/echappetoi.com\/wp-content\/uploads\/2018\/02\/Logo-Echappe-Toi-Aventure-Immersive-big-with-baseline.png","width":"400","height":"234","caption":"\u00c9chappe-Toi"},"image":{"@id":"https:\/\/echappetoi.com\/#\/schema\/logo\/image\/"},"sameAs":["https:\/\/www.facebook.com\/echappetoi","https:\/\/x.com\/echappet","https:\/\/www.linkedin.com\/company\/echappe-toi"]}]}},"_links":{"self":[{"href":"https:\/\/echappetoi.com\/en\/wp-json\/wp\/v2\/pages\/4205","targetHints":{"allow":["GET"]}}],"collection":[{"href":"https:\/\/echappetoi.com\/en\/wp-json\/wp\/v2\/pages"}],"about":[{"href":"https:\/\/echappetoi.com\/en\/wp-json\/wp\/v2\/types\/page"}],"author":[{"embeddable":true,"href":"https:\/\/echappetoi.com\/en\/wp-json\/wp\/v2\/users\/5"}],"replies":[{"embeddable":true,"href":"https:\/\/echappetoi.com\/en\/wp-json\/wp\/v2\/comments?post=4205"}],"version-history":[{"count":0,"href":"https:\/\/echappetoi.com\/en\/wp-json\/wp\/v2\/pages\/4205\/revisions"}],"up":[{"embeddable":true,"href":"https:\/\/echappetoi.com\/en\/wp-json\/wp\/v2\/pages\/3932"}],"wp:featuredmedia":[{"embeddable":true,"href":"https:\/\/echappetoi.com\/en\/wp-json\/wp\/v2\/media\/4393"}],"wp:attachment":[{"href":"https:\/\/echappetoi.com\/en\/wp-json\/wp\/v2\/media?parent=4205"}],"curies":[{"name":"wp","href":"https:\/\/api.w.org\/{rel}","templated":true}]}}