{"id":3656,"date":"2019-09-26T17:12:53","date_gmt":"2019-09-26T21:12:53","guid":{"rendered":"https:\/\/echappetoi.com\/?page_id=3656"},"modified":"2020-05-05T12:46:14","modified_gmt":"2020-05-05T16:46:14","slug":"escape-game-calliere","status":"publish","type":"page","link":"https:\/\/echappetoi.com\/en\/our-special-events\/escape-game-calliere\/","title":{"rendered":"The mysterious legacy of the cursed governor"},"content":{"rendered":"<div id=\"pl-3656\"  class=\"panel-layout\" ><div id=\"pg-3656-0\"  class=\"panel-grid panel-no-style\" ><div id=\"pgc-3656-0-0\"  class=\"panel-grid-cell\" ><div id=\"panel-3656-0-0-0\" class=\"so-panel widget widget_sow-image panel-first-child panel-last-child\" data-index=\"0\" ><div\n\t\t\t\n\t\t\tclass=\"so-widget-sow-image so-widget-sow-image-default-c67d20f9f743-3656\"\n\t\t\t\n\t\t>\n<div class=\"sow-image-container\">\n\t\t<img fetchpriority=\"high\" \n\tsrc=\"https:\/\/echappetoi.com\/wp-content\/uploads\/2019\/09\/1920x600.jpg\" width=\"1920\" height=\"600\" srcset=\"https:\/\/echappetoi.com\/wp-content\/uploads\/2019\/09\/1920x600.jpg 1920w, https:\/\/echappetoi.com\/wp-content\/uploads\/2019\/09\/1920x600-300x94.jpg 300w, https:\/\/echappetoi.com\/wp-content\/uploads\/2019\/09\/1920x600-768x240.jpg 768w, https:\/\/echappetoi.com\/wp-content\/uploads\/2019\/09\/1920x600-1024x320.jpg 1024w, https:\/\/echappetoi.com\/wp-content\/uploads\/2019\/09\/1920x600-960x300.jpg 960w, https:\/\/echappetoi.com\/wp-content\/uploads\/2019\/09\/1920x600-480x150.jpg 480w\" sizes=\"(max-width: 1920px) 100vw, 1920px\" title=\"1920&#215;600\" alt=\"\" \t\tclass=\"so-widget-image\"\/>\n\t<\/div>\n\n<\/div><\/div><\/div><\/div><div id=\"pg-3656-1\"  class=\"panel-grid panel-no-style\" ><div id=\"pgc-3656-1-0\"  class=\"panel-grid-cell panel-grid-cell-empty\" ><\/div><\/div><div id=\"pg-3656-2\"  class=\"panel-grid panel-has-style\" ><div class=\"details panel-row-style panel-row-style-for-3656-2\" ><div id=\"pgc-3656-2-0\"  class=\"panel-grid-cell\" ><div id=\"panel-3656-2-0-0\" class=\"so-panel widget widget_pw_icon_box widget-icon-box panel-first-child panel-last-child\" data-index=\"1\" >\n\n\t\t<div class=\"icon-box\">\n\n\t\t<i class=\"fa  fa-clock-o\"><\/i>\n\t\t<h4 class=\"icon-box__title\">Dates<\/h4>\n\t\t<span class=\"icon-box__subtitle\">October 31, 2019<\/span>\n\n\t\t<\/div>\n\n<\/div><\/div><div id=\"pgc-3656-2-1\"  class=\"panel-grid-cell\" ><div id=\"panel-3656-2-1-0\" class=\"so-panel widget widget_pw_icon_box widget-icon-box panel-first-child panel-last-child\" data-index=\"2\" >\n\n\t\t<div class=\"icon-box\">\n\n\t\t<i class=\"fa  fa-cogs\"><\/i>\n\t\t<h4 class=\"icon-box__title\">Partner<\/h4>\n\t\t<span class=\"icon-box__subtitle\">Pointe-\u00e0-Calli\u00e8re<\/span>\n\n\t\t<\/div>\n\n<\/div><\/div><div id=\"pgc-3656-2-2\"  class=\"panel-grid-cell\" ><div id=\"panel-3656-2-2-0\" class=\"so-panel widget widget_pw_icon_box widget-icon-box panel-first-child panel-last-child\" data-index=\"3\" >\n\n\t\t<div class=\"icon-box\">\n\n\t\t<i class=\"fa  fa-info-circle\"><\/i>\n\t\t<h4 class=\"icon-box__title\">Location<\/h4>\n\t\t<span class=\"icon-box__subtitle\">Archaeological Remains<\/span>\n\n\t\t<\/div>\n\n<\/div><\/div><\/div><\/div><div id=\"pg-3656-3\"  class=\"panel-grid panel-no-style\" ><div id=\"pgc-3656-3-0\"  class=\"panel-grid-cell\" ><div id=\"panel-3656-3-0-0\" class=\"so-panel widget widget_black-studio-tinymce widget_black_studio_tinymce panel-first-child panel-last-child\" data-index=\"4\" ><div class=\"textwidget\"><h1>An adventure at the Museum for a unique Halloween evening!<\/h1>\n<p>On October 31, 2019, The Grand Escape and Pointe-\u00e0-Calli\u00e8re offered a giant escape game in the archaeological remains of the Museum to free the cursed governor of Montr\u00e9al from his curse ...<\/p>\n<h2>A party and a giant escape game on the occasion of the 5th anniversary of Echappe-toi!<\/h2>\n<p>Welcomed to Pointe-\u00e0-Calli\u00e8re to the sound of a DJ, players could enjoy free drinks offered by our sponsors - Belle Gueule and 1642Orange - before rushing into the remains of Pointe-\u00e0-Calli\u00e8re as a team with their game booklet. They had to answer various riddles while passing through the first Catholic cemetery in Ville-Marie, the first collector sewer in North America or walking on the remains of Fort Ville-Marie. Along the way, they met various characters and discovered clues that allowed them to escape from the Museum and free the evil spirit! A complete 2-hour experience!<\/p>\n<h2>Who was this escape game for?<\/h2>\n<p>This game was only for 18 years old and over.<\/p>\n<h2>More information?<\/h2>\n<p>You will find more information about Pointe-\u00e0-Calli\u00e8re <a href=\"https:\/\/pacmusee.qc.ca\/en\/\" target=\"_blank\" rel=\"noopener\">here<\/a>.<\/p>\n<\/div><\/div><\/div><\/div><\/div>","protected":false},"excerpt":{"rendered":"<p>Vous aurez 60 minutes, pas une de plus, pour braquer la banque de la p\u00e8gre de Montr\u00e9al, et vous \u00e9vader avec leur argent et leurs secrets !<\/p>\n","protected":false},"author":5,"featured_media":3668,"parent":3932,"menu_order":0,"comment_status":"closed","ping_status":"closed","template":"","meta":{"_acf_changed":false,"footnotes":""},"class_list":["post-3656","page","type-page","status-publish","has-post-thumbnail","hentry"],"acf":[],"yoast_head":"<!-- This site is optimized with the Yoast SEO plugin v27.3 - https:\/\/yoast.com\/product\/yoast-seo-wordpress\/ -->\n<title>Museum Halloween Echappe toi<\/title>\n<meta name=\"description\" content=\"On October 31, 2019, The Grand Escape and Pointe-\u00e0-Calli\u00e8re offered a giant escape game in the archaeological remains of the Museum\" \/>\n<meta name=\"robots\" content=\"index, follow, max-snippet:-1, max-image-preview:large, max-video-preview:-1\" \/>\n<link rel=\"canonical\" href=\"https:\/\/echappetoi.com\/en\/our-special-events\/escape-game-calliere\/\" \/>\n<meta property=\"og:locale\" content=\"en_US\" \/>\n<meta property=\"og:type\" content=\"article\" \/>\n<meta property=\"og:title\" content=\"Museum Halloween Echappe toi\" \/>\n<meta property=\"og:description\" content=\"On October 31, 2019, The Grand Escape and Pointe-\u00e0-Calli\u00e8re offered a giant escape game in the archaeological remains of the Museum\" \/>\n<meta property=\"og:url\" content=\"https:\/\/echappetoi.com\/en\/our-special-events\/escape-game-calliere\/\" \/>\n<meta property=\"og:site_name\" content=\"\u00c9chappe Toi\" \/>\n<meta property=\"article:publisher\" content=\"https:\/\/www.facebook.com\/echappetoi\" \/>\n<meta property=\"article:modified_time\" content=\"2020-05-05T16:46:14+00:00\" \/>\n<meta property=\"og:image\" content=\"https:\/\/echappetoi.com\/wp-content\/uploads\/2019\/09\/250x310.jpg\" \/>\n\t<meta property=\"og:image:width\" content=\"250\" \/>\n\t<meta property=\"og:image:height\" content=\"310\" \/>\n\t<meta property=\"og:image:type\" content=\"image\/jpeg\" \/>\n<meta name=\"twitter:card\" content=\"summary_large_image\" \/>\n<meta name=\"twitter:site\" content=\"@echappet\" \/>\n<meta name=\"twitter:label1\" content=\"Est. reading time\" \/>\n\t<meta name=\"twitter:data1\" content=\"1 minute\" \/>\n<script type=\"application\/ld+json\" class=\"yoast-schema-graph\">{\"@context\":\"https:\\\/\\\/schema.org\",\"@graph\":[{\"@type\":\"WebPage\",\"@id\":\"https:\\\/\\\/echappetoi.com\\\/en\\\/our-special-events\\\/escape-game-calliere\\\/\",\"url\":\"https:\\\/\\\/echappetoi.com\\\/en\\\/our-special-events\\\/escape-game-calliere\\\/\",\"name\":\"Museum Halloween Echappe toi\",\"isPartOf\":{\"@id\":\"https:\\\/\\\/echappetoi.com\\\/#website\"},\"primaryImageOfPage\":{\"@id\":\"https:\\\/\\\/echappetoi.com\\\/en\\\/our-special-events\\\/escape-game-calliere\\\/#primaryimage\"},\"image\":{\"@id\":\"https:\\\/\\\/echappetoi.com\\\/en\\\/our-special-events\\\/escape-game-calliere\\\/#primaryimage\"},\"thumbnailUrl\":\"https:\\\/\\\/echappetoi.com\\\/wp-content\\\/uploads\\\/2019\\\/09\\\/250x310.jpg\",\"datePublished\":\"2019-09-26T21:12:53+00:00\",\"dateModified\":\"2020-05-05T16:46:14+00:00\",\"description\":\"On October 31, 2019, The Grand Escape and Pointe-\u00e0-Calli\u00e8re offered a giant escape game in the archaeological remains of the Museum\",\"breadcrumb\":{\"@id\":\"https:\\\/\\\/echappetoi.com\\\/en\\\/our-special-events\\\/escape-game-calliere\\\/#breadcrumb\"},\"inLanguage\":\"en-US\",\"potentialAction\":[{\"@type\":\"ReadAction\",\"target\":[\"https:\\\/\\\/echappetoi.com\\\/en\\\/our-special-events\\\/escape-game-calliere\\\/\"]}]},{\"@type\":\"ImageObject\",\"inLanguage\":\"en-US\",\"@id\":\"https:\\\/\\\/echappetoi.com\\\/en\\\/our-special-events\\\/escape-game-calliere\\\/#primaryimage\",\"url\":\"https:\\\/\\\/echappetoi.com\\\/wp-content\\\/uploads\\\/2019\\\/09\\\/250x310.jpg\",\"contentUrl\":\"https:\\\/\\\/echappetoi.com\\\/wp-content\\\/uploads\\\/2019\\\/09\\\/250x310.jpg\",\"width\":250,\"height\":310},{\"@type\":\"BreadcrumbList\",\"@id\":\"https:\\\/\\\/echappetoi.com\\\/en\\\/our-special-events\\\/escape-game-calliere\\\/#breadcrumb\",\"itemListElement\":[{\"@type\":\"ListItem\",\"position\":1,\"name\":\"Accueil\",\"item\":\"https:\\\/\\\/echappetoi.com\\\/en\\\/\"},{\"@type\":\"ListItem\",\"position\":2,\"name\":\"Our Special Events\",\"item\":\"https:\\\/\\\/echappetoi.com\\\/en\\\/our-special-events\\\/\"},{\"@type\":\"ListItem\",\"position\":3,\"name\":\"The mysterious legacy of the cursed governor\"}]},{\"@type\":\"WebSite\",\"@id\":\"https:\\\/\\\/echappetoi.com\\\/#website\",\"url\":\"https:\\\/\\\/echappetoi.com\\\/\",\"name\":\"\u00c9chappe Toi\",\"description\":\"Montr\u00e9al Escape Games\",\"publisher\":{\"@id\":\"https:\\\/\\\/echappetoi.com\\\/#organization\"},\"potentialAction\":[{\"@type\":\"SearchAction\",\"target\":{\"@type\":\"EntryPoint\",\"urlTemplate\":\"https:\\\/\\\/echappetoi.com\\\/?s={search_term_string}\"},\"query-input\":{\"@type\":\"PropertyValueSpecification\",\"valueRequired\":true,\"valueName\":\"search_term_string\"}}],\"inLanguage\":\"en-US\"},{\"@type\":\"Organization\",\"@id\":\"https:\\\/\\\/echappetoi.com\\\/#organization\",\"name\":\"\u00c9chappe-Toi\",\"url\":\"https:\\\/\\\/echappetoi.com\\\/\",\"logo\":{\"@type\":\"ImageObject\",\"inLanguage\":\"en-US\",\"@id\":\"https:\\\/\\\/echappetoi.com\\\/#\\\/schema\\\/logo\\\/image\\\/\",\"url\":\"https:\\\/\\\/echappetoi.com\\\/wp-content\\\/uploads\\\/2018\\\/02\\\/Logo-Echappe-Toi-Aventure-Immersive-big-with-baseline.png\",\"contentUrl\":\"https:\\\/\\\/echappetoi.com\\\/wp-content\\\/uploads\\\/2018\\\/02\\\/Logo-Echappe-Toi-Aventure-Immersive-big-with-baseline.png\",\"width\":\"400\",\"height\":\"234\",\"caption\":\"\u00c9chappe-Toi\"},\"image\":{\"@id\":\"https:\\\/\\\/echappetoi.com\\\/#\\\/schema\\\/logo\\\/image\\\/\"},\"sameAs\":[\"https:\\\/\\\/www.facebook.com\\\/echappetoi\",\"https:\\\/\\\/x.com\\\/echappet\",\"https:\\\/\\\/www.linkedin.com\\\/company\\\/echappe-toi\"]}]}<\/script>\n<!-- \/ Yoast SEO plugin. -->","yoast_head_json":{"title":"Museum Halloween Echappe toi","description":"On October 31, 2019, The Grand Escape and Pointe-\u00e0-Calli\u00e8re offered a giant escape game in the archaeological remains of the Museum","robots":{"index":"index","follow":"follow","max-snippet":"max-snippet:-1","max-image-preview":"max-image-preview:large","max-video-preview":"max-video-preview:-1"},"canonical":"https:\/\/echappetoi.com\/en\/our-special-events\/escape-game-calliere\/","og_locale":"en_US","og_type":"article","og_title":"Museum Halloween Echappe toi","og_description":"On October 31, 2019, The Grand Escape and Pointe-\u00e0-Calli\u00e8re offered a giant escape game in the archaeological remains of the Museum","og_url":"https:\/\/echappetoi.com\/en\/our-special-events\/escape-game-calliere\/","og_site_name":"\u00c9chappe Toi","article_publisher":"https:\/\/www.facebook.com\/echappetoi","article_modified_time":"2020-05-05T16:46:14+00:00","og_image":[{"width":250,"height":310,"url":"https:\/\/echappetoi.com\/wp-content\/uploads\/2019\/09\/250x310.jpg","type":"image\/jpeg"}],"twitter_card":"summary_large_image","twitter_site":"@echappet","twitter_misc":{"Est. reading time":"1 minute"},"schema":{"@context":"https:\/\/schema.org","@graph":[{"@type":"WebPage","@id":"https:\/\/echappetoi.com\/en\/our-special-events\/escape-game-calliere\/","url":"https:\/\/echappetoi.com\/en\/our-special-events\/escape-game-calliere\/","name":"Museum Halloween Echappe toi","isPartOf":{"@id":"https:\/\/echappetoi.com\/#website"},"primaryImageOfPage":{"@id":"https:\/\/echappetoi.com\/en\/our-special-events\/escape-game-calliere\/#primaryimage"},"image":{"@id":"https:\/\/echappetoi.com\/en\/our-special-events\/escape-game-calliere\/#primaryimage"},"thumbnailUrl":"https:\/\/echappetoi.com\/wp-content\/uploads\/2019\/09\/250x310.jpg","datePublished":"2019-09-26T21:12:53+00:00","dateModified":"2020-05-05T16:46:14+00:00","description":"On October 31, 2019, The Grand Escape and Pointe-\u00e0-Calli\u00e8re offered a giant escape game in the archaeological remains of the Museum","breadcrumb":{"@id":"https:\/\/echappetoi.com\/en\/our-special-events\/escape-game-calliere\/#breadcrumb"},"inLanguage":"en-US","potentialAction":[{"@type":"ReadAction","target":["https:\/\/echappetoi.com\/en\/our-special-events\/escape-game-calliere\/"]}]},{"@type":"ImageObject","inLanguage":"en-US","@id":"https:\/\/echappetoi.com\/en\/our-special-events\/escape-game-calliere\/#primaryimage","url":"https:\/\/echappetoi.com\/wp-content\/uploads\/2019\/09\/250x310.jpg","contentUrl":"https:\/\/echappetoi.com\/wp-content\/uploads\/2019\/09\/250x310.jpg","width":250,"height":310},{"@type":"BreadcrumbList","@id":"https:\/\/echappetoi.com\/en\/our-special-events\/escape-game-calliere\/#breadcrumb","itemListElement":[{"@type":"ListItem","position":1,"name":"Accueil","item":"https:\/\/echappetoi.com\/en\/"},{"@type":"ListItem","position":2,"name":"Our Special Events","item":"https:\/\/echappetoi.com\/en\/our-special-events\/"},{"@type":"ListItem","position":3,"name":"The mysterious legacy of the cursed governor"}]},{"@type":"WebSite","@id":"https:\/\/echappetoi.com\/#website","url":"https:\/\/echappetoi.com\/","name":"\u00c9chappe Toi","description":"Montr\u00e9al Escape Games","publisher":{"@id":"https:\/\/echappetoi.com\/#organization"},"potentialAction":[{"@type":"SearchAction","target":{"@type":"EntryPoint","urlTemplate":"https:\/\/echappetoi.com\/?s={search_term_string}"},"query-input":{"@type":"PropertyValueSpecification","valueRequired":true,"valueName":"search_term_string"}}],"inLanguage":"en-US"},{"@type":"Organization","@id":"https:\/\/echappetoi.com\/#organization","name":"\u00c9chappe-Toi","url":"https:\/\/echappetoi.com\/","logo":{"@type":"ImageObject","inLanguage":"en-US","@id":"https:\/\/echappetoi.com\/#\/schema\/logo\/image\/","url":"https:\/\/echappetoi.com\/wp-content\/uploads\/2018\/02\/Logo-Echappe-Toi-Aventure-Immersive-big-with-baseline.png","contentUrl":"https:\/\/echappetoi.com\/wp-content\/uploads\/2018\/02\/Logo-Echappe-Toi-Aventure-Immersive-big-with-baseline.png","width":"400","height":"234","caption":"\u00c9chappe-Toi"},"image":{"@id":"https:\/\/echappetoi.com\/#\/schema\/logo\/image\/"},"sameAs":["https:\/\/www.facebook.com\/echappetoi","https:\/\/x.com\/echappet","https:\/\/www.linkedin.com\/company\/echappe-toi"]}]}},"_links":{"self":[{"href":"https:\/\/echappetoi.com\/en\/wp-json\/wp\/v2\/pages\/3656","targetHints":{"allow":["GET"]}}],"collection":[{"href":"https:\/\/echappetoi.com\/en\/wp-json\/wp\/v2\/pages"}],"about":[{"href":"https:\/\/echappetoi.com\/en\/wp-json\/wp\/v2\/types\/page"}],"author":[{"embeddable":true,"href":"https:\/\/echappetoi.com\/en\/wp-json\/wp\/v2\/users\/5"}],"replies":[{"embeddable":true,"href":"https:\/\/echappetoi.com\/en\/wp-json\/wp\/v2\/comments?post=3656"}],"version-history":[{"count":0,"href":"https:\/\/echappetoi.com\/en\/wp-json\/wp\/v2\/pages\/3656\/revisions"}],"up":[{"embeddable":true,"href":"https:\/\/echappetoi.com\/en\/wp-json\/wp\/v2\/pages\/3932"}],"wp:featuredmedia":[{"embeddable":true,"href":"https:\/\/echappetoi.com\/en\/wp-json\/wp\/v2\/media\/3668"}],"wp:attachment":[{"href":"https:\/\/echappetoi.com\/en\/wp-json\/wp\/v2\/media?parent=3656"}],"curies":[{"name":"wp","href":"https:\/\/api.w.org\/{rel}","templated":true}]}}