{"id":2903,"date":"2018-02-27T12:00:20","date_gmt":"2018-02-27T17:00:20","guid":{"rendered":"https:\/\/echappetoi.com\/occasions\/jeu-evasion-vacances-montreal\/"},"modified":"2025-06-22T21:23:14","modified_gmt":"2025-06-23T01:23:14","slug":"jeu-evasion-vacances-montreal","status":"publish","type":"page","link":"https:\/\/echappetoi.com\/en\/occasions\/jeu-evasion-vacances-montreal\/","title":{"rendered":"School Vacations"},"content":{"rendered":"<div id=\"pl-2903\"  class=\"panel-layout\" ><div id=\"pg-2903-0\"  class=\"panel-grid panel-no-style\" ><div id=\"pgc-2903-0-0\"  class=\"panel-grid-cell\" ><div id=\"panel-2903-0-0-0\" class=\"so-panel widget widget_black-studio-tinymce widget_black_studio_tinymce panel-first-child\" data-index=\"0\" ><div class=\"widget-title--big panel-widget-style panel-widget-style-for-2903-0-0-0\" ><div class=\"textwidget\"><h1>An escape room for school vacations in montreal<\/h1>\n<p>Did you know that escape games are the perfect place to spend your vacations off from school? According to child psychologist Nathalie Parent, \u201cWhen they\u2019re given the opportunity to amuse themselves freely, children are able to develop their creativity, independence, and initiative.\u201d Echappe-Toi is the ideal location to escape and bond as a family during school vacations.<\/p>\n<ul>\n<li>Get to know each other better<\/li>\n<li>Take some time to recharge<\/li>\n<li>Rest<\/li>\n<li>Reduce stress<\/li>\n<li>Enrich your relationships with your children<\/li>\n<\/ul>\n<h2>Our escape room offer for your vacations in montreal<\/h2>\n<h3>How to prepare for an escape game during school vacations in Montreal at Echappe-Toi:<\/h3>\n<ul>\n<li>Don\u2019t forget to reserve, online or by phone, to ensure that the scenario you want to play is available.<\/li>\n<li>Arrive 15 minutes before the time of your reservation. No need to arrive too early: it\u2019ll just raise your stress levels. Don\u2019t arrive late either: you\u2019ll risk not living the full immersive experience.<\/li>\n<li>Relax. Escape rooms are made to provide you with quality entertainment during your time off in Montreal. They tell stories of Montreal and its rich culture. No need to crack open those textbooks; you don\u2019t need any special knowledge to have fun!<\/li>\n<li>Learn to listen to each other. The success of your game depends on your ability to work as a team. Avoid coming to play while under the influence; you\u2019re going to need those neurons!<\/li>\n<\/ul>\n<h3>90 minutes of fun<\/h3>\n<p>The full experience lasts 90 minutes, with 5 steps:<\/p>\n<ol>\n<li>Reception: Our ambassadors will receive you. They explain the rules of the game. They also provide tips for a successful game.<\/li>\n<li>Immersion: The group is sent to the gameroom. They are then received by one of our actors in costume who\u2019ll introduce them to the world they\u2019ll be entering.<\/li>\n<li>Game: It\u2019s go time! You have 60 minutes to complete your mission. Puzzles, codes, secret passages, riddles. You must succeed to get out of this escape room!<\/li>\n<li>Debriefing: At the end of the experience, the actor will come to relieve your team, if you have not yet escaped, they will explain the rest of the game and answer all questions about the room.<\/li>\n<li>Photo and Departure: The photoshoot allows you to leave with memories of your vacation before the end of your experience.<\/li>\n<\/ol>\n<h3>Useful Information<\/h3>\n<p><strong>Room Capacity<\/strong>: 9 escape rooms. \u00a0Each room can accommodate 2 to 8 players.<br \/>\n<strong>Duration of Experience<\/strong>: 90 minutes total, 60 inside the room.<br \/>\n<strong>Reservation<\/strong>: You can\u00a0<span class=\"s1\"><a href=\"\/en\/reservation\/\">reserve<\/a><\/span><span class=\"s2\"> or\u00a0<a href=\"tel:+15149072200\"><span class=\"s3\">call us<\/span><\/a><\/span>\u00a0if your group has more than 6 players.<br \/>\n<strong>Price<\/strong>: 33$ + tax per person for adults, 27$ + tax for children and students.<\/p>\n<\/div><\/div><\/div><div id=\"panel-2903-0-0-1\" class=\"so-panel widget widget_pw_testimonials widget-testimonials panel-last-child\" data-index=\"1\" >\n\n\t<div class=\"testimonial\">\n\n\t\t<h2 class=\"widget-title\"><span class=\"widget-title__inline\">What families have to say about their escape game experience at echappe-toi montreal during school vacations<\/span><\/h2>\n\n\t\t<div class=\"testimonial__container\">\n\n\t\t\t\t<a class=\"testimonial__carousel  testimonial__carousel--left\" href=\"#carousel-testimonials-widget-0-0-1\" data-slide=\"prev\"><i class=\"fa  fa-caret-left\" aria-hidden=\"true\"><\/i><span class=\"sr-only\" role=\"button\">Next<\/span><\/a>\n\n\t\t\t<div id=\"carousel-testimonials-widget-0-0-1\" class=\"carousel slide\" data-ride=\"carousel\" data-interval=\"4000\">\n\t\t\t\t<!-- Wrapper for slides -->\n\t\t\t\t<div class=\"testimonial__backgroundquotes\"><\/div>  <!-- fix for sticky menu -->\n\t\t\t\t<div class=\"carousel-inner\" role=\"listbox\">\n\t\t\t\t\t<div class=\"item active\">\n\t\t\t\t\t\t<blockquote>\n\t\t\t\t\t\t\t<p class=\"testimonial__quote\">\n\t\t\t\t\t\t\t\t\"Very nice activity in family !! We went with 3 teenagers and there was not even a chicane!\"\n\t\t\t\t\t\t\t<\/p>\n\t\t\t\t\t\t\t<cite class=\"testimonial__author\">\n\t\t\t\t\t\t\t\t\n\t\t\t\t\t\t\t<\/cite>\n\n\n\t\t\t\t\t\t<\/blockquote>\n\t\t\t\t\t\t<\/div>\n\t\t\t\t\t<div class=\"item \">\n\t\t\t\t\t\t<blockquote>\n\t\t\t\t\t\t\t<p class=\"testimonial__quote\">\n\t\t\t\t\t\t\t\t\"Fun for all the family, prepare you to rack your brains !! Well organized and well thought out. I recommend\"\n\t\t\t\t\t\t\t<\/p>\n\t\t\t\t\t\t\t<cite class=\"testimonial__author\">\n\t\t\t\t\t\t\t\t\n\t\t\t\t\t\t\t<\/cite>\n\n\n\t\t\t\t\t\t<\/blockquote>\n\t\t\t\t\t\t<\/div>\n\t\t\t\t\t<div class=\"item \">\n\t\t\t\t\t\t<blockquote>\n\t\t\t\t\t\t\t<p class=\"testimonial__quote\">\n\t\t\t\t\t\t\t\t\"My teen and I had a lot of fun trying to solve the riddles of the Alpatraz scenario. We did not manage to get out of the room in the allotted time but we made good progress in the game thanks to the clues provided by an employee. An hour that went very (too) quickly. Good scenario, friendly and dynamic employees. We will return to experience the other rooms!\"\n\t\t\t\t\t\t\t<\/p>\n\t\t\t\t\t\t\t<cite class=\"testimonial__author\">\n\t\t\t\t\t\t\t\t\n\t\t\t\t\t\t\t<\/cite>\n\n\n\t\t\t\t\t\t<\/blockquote>\n\t\t\t\t\t\t<\/div>\n\t\t\t\t\t<div class=\"item \">\n\t\t\t\t\t\t<blockquote>\n\t\t\t\t\t\t\t<p class=\"testimonial__quote\">\n\t\t\t\t\t\t\t\t\"Family activity to do again with family, we loved it and everyone could find an enigma despite the difference in age.\"\n\t\t\t\t\t\t\t<\/p>\n\t\t\t\t\t\t\t<cite class=\"testimonial__author\">\n\t\t\t\t\t\t\t\t\n\t\t\t\t\t\t\t<\/cite>\n\n\n\t\t\t\t\t\t<\/blockquote>\n\t\t\t\t\t\t<\/div>\n\t\t\t\t<\/div>\n\t\t\t<\/div>\n\n\t\t\t\t<a class=\"testimonial__carousel  testimonial__carousel--right\" href=\"#carousel-testimonials-widget-0-0-1\" data-slide=\"next\"><i class=\"fa  fa-caret-right\" aria-hidden=\"true\"><\/i><span class=\"sr-only\" role=\"button\">Previous<\/span><\/a>\n\t\t<\/div>\n\n\t<\/div>\n\n<\/div><\/div><\/div><\/div>","protected":false},"excerpt":{"rendered":"<p>An escape game to occupy your school holidays in Montreal&#8230;<\/p>\n","protected":false},"author":5,"featured_media":2242,"parent":2858,"menu_order":0,"comment_status":"closed","ping_status":"closed","template":"","meta":{"_acf_changed":false,"footnotes":""},"class_list":["post-2903","page","type-page","status-publish","has-post-thumbnail","hentry"],"acf":[],"yoast_head":"<!-- This site is optimized with the Yoast SEO plugin v27.4 - https:\/\/yoast.com\/product\/yoast-seo-wordpress\/ -->\n<title>Le jeu d\u2019\u00e9vasion pour les vacances \u00e0 Montr\u00e9al - Echappe-Toi<\/title>\n<meta name=\"robots\" content=\"index, follow, max-snippet:-1, max-image-preview:large, max-video-preview:-1\" \/>\n<link rel=\"canonical\" href=\"https:\/\/echappetoi.com\/en\/occasions\/jeu-evasion-vacances-montreal\/\" \/>\n<meta property=\"og:locale\" content=\"en_US\" \/>\n<meta property=\"og:type\" content=\"article\" \/>\n<meta property=\"og:title\" content=\"Le jeu d\u2019\u00e9vasion pour les vacances \u00e0 Montr\u00e9al - Echappe-Toi\" \/>\n<meta property=\"og:description\" content=\"An escape game to occupy your school holidays in Montreal...\" \/>\n<meta property=\"og:url\" content=\"https:\/\/echappetoi.com\/en\/occasions\/jeu-evasion-vacances-montreal\/\" \/>\n<meta property=\"og:site_name\" content=\"\u00c9chappe Toi\" \/>\n<meta property=\"article:publisher\" content=\"https:\/\/www.facebook.com\/echappetoi\" \/>\n<meta property=\"article:modified_time\" content=\"2025-06-23T01:23:14+00:00\" \/>\n<meta property=\"og:image\" content=\"https:\/\/echappetoi.com\/wp-content\/uploads\/2018\/02\/Occasion-Vacances-Scolaires-Echappe-Toi.jpg\" \/>\n\t<meta property=\"og:image:width\" content=\"360\" \/>\n\t<meta property=\"og:image:height\" content=\"203\" \/>\n\t<meta property=\"og:image:type\" content=\"image\/jpeg\" \/>\n<meta name=\"twitter:card\" content=\"summary_large_image\" \/>\n<meta name=\"twitter:site\" content=\"@echappet\" \/>\n<meta name=\"twitter:label1\" content=\"Est. reading time\" \/>\n\t<meta name=\"twitter:data1\" content=\"3 minutes\" \/>\n<script type=\"application\/ld+json\" class=\"yoast-schema-graph\">{\"@context\":\"https:\\\/\\\/schema.org\",\"@graph\":[{\"@type\":\"WebPage\",\"@id\":\"https:\\\/\\\/echappetoi.com\\\/en\\\/occasions\\\/jeu-evasion-vacances-montreal\\\/\",\"url\":\"https:\\\/\\\/echappetoi.com\\\/en\\\/occasions\\\/jeu-evasion-vacances-montreal\\\/\",\"name\":\"Le jeu d\u2019\u00e9vasion pour les vacances \u00e0 Montr\u00e9al - Echappe-Toi\",\"isPartOf\":{\"@id\":\"https:\\\/\\\/echappetoi.com\\\/#website\"},\"primaryImageOfPage\":{\"@id\":\"https:\\\/\\\/echappetoi.com\\\/en\\\/occasions\\\/jeu-evasion-vacances-montreal\\\/#primaryimage\"},\"image\":{\"@id\":\"https:\\\/\\\/echappetoi.com\\\/en\\\/occasions\\\/jeu-evasion-vacances-montreal\\\/#primaryimage\"},\"thumbnailUrl\":\"https:\\\/\\\/echappetoi.com\\\/wp-content\\\/uploads\\\/2018\\\/02\\\/Occasion-Vacances-Scolaires-Echappe-Toi.jpg\",\"datePublished\":\"2018-02-27T17:00:20+00:00\",\"dateModified\":\"2025-06-23T01:23:14+00:00\",\"breadcrumb\":{\"@id\":\"https:\\\/\\\/echappetoi.com\\\/en\\\/occasions\\\/jeu-evasion-vacances-montreal\\\/#breadcrumb\"},\"inLanguage\":\"en-US\",\"potentialAction\":[{\"@type\":\"ReadAction\",\"target\":[\"https:\\\/\\\/echappetoi.com\\\/en\\\/occasions\\\/jeu-evasion-vacances-montreal\\\/\"]}]},{\"@type\":\"ImageObject\",\"inLanguage\":\"en-US\",\"@id\":\"https:\\\/\\\/echappetoi.com\\\/en\\\/occasions\\\/jeu-evasion-vacances-montreal\\\/#primaryimage\",\"url\":\"https:\\\/\\\/echappetoi.com\\\/wp-content\\\/uploads\\\/2018\\\/02\\\/Occasion-Vacances-Scolaires-Echappe-Toi.jpg\",\"contentUrl\":\"https:\\\/\\\/echappetoi.com\\\/wp-content\\\/uploads\\\/2018\\\/02\\\/Occasion-Vacances-Scolaires-Echappe-Toi.jpg\",\"width\":360,\"height\":203,\"caption\":\"Occasion Vacances Scolaires - Echappe-Toi\"},{\"@type\":\"BreadcrumbList\",\"@id\":\"https:\\\/\\\/echappetoi.com\\\/en\\\/occasions\\\/jeu-evasion-vacances-montreal\\\/#breadcrumb\",\"itemListElement\":[{\"@type\":\"ListItem\",\"position\":1,\"name\":\"Accueil\",\"item\":\"https:\\\/\\\/echappetoi.com\\\/en\\\/\"},{\"@type\":\"ListItem\",\"position\":2,\"name\":\"Occasions\",\"item\":\"https:\\\/\\\/echappetoi.com\\\/en\\\/occasions\\\/\"},{\"@type\":\"ListItem\",\"position\":3,\"name\":\"School Vacations\"}]},{\"@type\":\"WebSite\",\"@id\":\"https:\\\/\\\/echappetoi.com\\\/#website\",\"url\":\"https:\\\/\\\/echappetoi.com\\\/\",\"name\":\"\u00c9chappe Toi\",\"description\":\"Montr\u00e9al Escape Games\",\"publisher\":{\"@id\":\"https:\\\/\\\/echappetoi.com\\\/#organization\"},\"potentialAction\":[{\"@type\":\"SearchAction\",\"target\":{\"@type\":\"EntryPoint\",\"urlTemplate\":\"https:\\\/\\\/echappetoi.com\\\/?s={search_term_string}\"},\"query-input\":{\"@type\":\"PropertyValueSpecification\",\"valueRequired\":true,\"valueName\":\"search_term_string\"}}],\"inLanguage\":\"en-US\"},{\"@type\":\"Organization\",\"@id\":\"https:\\\/\\\/echappetoi.com\\\/#organization\",\"name\":\"\u00c9chappe-Toi\",\"url\":\"https:\\\/\\\/echappetoi.com\\\/\",\"logo\":{\"@type\":\"ImageObject\",\"inLanguage\":\"en-US\",\"@id\":\"https:\\\/\\\/echappetoi.com\\\/#\\\/schema\\\/logo\\\/image\\\/\",\"url\":\"https:\\\/\\\/echappetoi.com\\\/wp-content\\\/uploads\\\/2018\\\/02\\\/Logo-Echappe-Toi-Aventure-Immersive-big-with-baseline.png\",\"contentUrl\":\"https:\\\/\\\/echappetoi.com\\\/wp-content\\\/uploads\\\/2018\\\/02\\\/Logo-Echappe-Toi-Aventure-Immersive-big-with-baseline.png\",\"width\":\"400\",\"height\":\"234\",\"caption\":\"\u00c9chappe-Toi\"},\"image\":{\"@id\":\"https:\\\/\\\/echappetoi.com\\\/#\\\/schema\\\/logo\\\/image\\\/\"},\"sameAs\":[\"https:\\\/\\\/www.facebook.com\\\/echappetoi\",\"https:\\\/\\\/x.com\\\/echappet\",\"https:\\\/\\\/www.linkedin.com\\\/company\\\/echappe-toi\"]}]}<\/script>\n<!-- \/ Yoast SEO plugin. -->","yoast_head_json":{"title":"Le jeu d\u2019\u00e9vasion pour les vacances \u00e0 Montr\u00e9al - Echappe-Toi","robots":{"index":"index","follow":"follow","max-snippet":"max-snippet:-1","max-image-preview":"max-image-preview:large","max-video-preview":"max-video-preview:-1"},"canonical":"https:\/\/echappetoi.com\/en\/occasions\/jeu-evasion-vacances-montreal\/","og_locale":"en_US","og_type":"article","og_title":"Le jeu d\u2019\u00e9vasion pour les vacances \u00e0 Montr\u00e9al - Echappe-Toi","og_description":"An escape game to occupy your school holidays in Montreal...","og_url":"https:\/\/echappetoi.com\/en\/occasions\/jeu-evasion-vacances-montreal\/","og_site_name":"\u00c9chappe Toi","article_publisher":"https:\/\/www.facebook.com\/echappetoi","article_modified_time":"2025-06-23T01:23:14+00:00","og_image":[{"width":360,"height":203,"url":"https:\/\/echappetoi.com\/wp-content\/uploads\/2018\/02\/Occasion-Vacances-Scolaires-Echappe-Toi.jpg","type":"image\/jpeg"}],"twitter_card":"summary_large_image","twitter_site":"@echappet","twitter_misc":{"Est. reading time":"3 minutes"},"schema":{"@context":"https:\/\/schema.org","@graph":[{"@type":"WebPage","@id":"https:\/\/echappetoi.com\/en\/occasions\/jeu-evasion-vacances-montreal\/","url":"https:\/\/echappetoi.com\/en\/occasions\/jeu-evasion-vacances-montreal\/","name":"Le jeu d\u2019\u00e9vasion pour les vacances \u00e0 Montr\u00e9al - Echappe-Toi","isPartOf":{"@id":"https:\/\/echappetoi.com\/#website"},"primaryImageOfPage":{"@id":"https:\/\/echappetoi.com\/en\/occasions\/jeu-evasion-vacances-montreal\/#primaryimage"},"image":{"@id":"https:\/\/echappetoi.com\/en\/occasions\/jeu-evasion-vacances-montreal\/#primaryimage"},"thumbnailUrl":"https:\/\/echappetoi.com\/wp-content\/uploads\/2018\/02\/Occasion-Vacances-Scolaires-Echappe-Toi.jpg","datePublished":"2018-02-27T17:00:20+00:00","dateModified":"2025-06-23T01:23:14+00:00","breadcrumb":{"@id":"https:\/\/echappetoi.com\/en\/occasions\/jeu-evasion-vacances-montreal\/#breadcrumb"},"inLanguage":"en-US","potentialAction":[{"@type":"ReadAction","target":["https:\/\/echappetoi.com\/en\/occasions\/jeu-evasion-vacances-montreal\/"]}]},{"@type":"ImageObject","inLanguage":"en-US","@id":"https:\/\/echappetoi.com\/en\/occasions\/jeu-evasion-vacances-montreal\/#primaryimage","url":"https:\/\/echappetoi.com\/wp-content\/uploads\/2018\/02\/Occasion-Vacances-Scolaires-Echappe-Toi.jpg","contentUrl":"https:\/\/echappetoi.com\/wp-content\/uploads\/2018\/02\/Occasion-Vacances-Scolaires-Echappe-Toi.jpg","width":360,"height":203,"caption":"Occasion Vacances Scolaires - Echappe-Toi"},{"@type":"BreadcrumbList","@id":"https:\/\/echappetoi.com\/en\/occasions\/jeu-evasion-vacances-montreal\/#breadcrumb","itemListElement":[{"@type":"ListItem","position":1,"name":"Accueil","item":"https:\/\/echappetoi.com\/en\/"},{"@type":"ListItem","position":2,"name":"Occasions","item":"https:\/\/echappetoi.com\/en\/occasions\/"},{"@type":"ListItem","position":3,"name":"School Vacations"}]},{"@type":"WebSite","@id":"https:\/\/echappetoi.com\/#website","url":"https:\/\/echappetoi.com\/","name":"\u00c9chappe Toi","description":"Montr\u00e9al Escape Games","publisher":{"@id":"https:\/\/echappetoi.com\/#organization"},"potentialAction":[{"@type":"SearchAction","target":{"@type":"EntryPoint","urlTemplate":"https:\/\/echappetoi.com\/?s={search_term_string}"},"query-input":{"@type":"PropertyValueSpecification","valueRequired":true,"valueName":"search_term_string"}}],"inLanguage":"en-US"},{"@type":"Organization","@id":"https:\/\/echappetoi.com\/#organization","name":"\u00c9chappe-Toi","url":"https:\/\/echappetoi.com\/","logo":{"@type":"ImageObject","inLanguage":"en-US","@id":"https:\/\/echappetoi.com\/#\/schema\/logo\/image\/","url":"https:\/\/echappetoi.com\/wp-content\/uploads\/2018\/02\/Logo-Echappe-Toi-Aventure-Immersive-big-with-baseline.png","contentUrl":"https:\/\/echappetoi.com\/wp-content\/uploads\/2018\/02\/Logo-Echappe-Toi-Aventure-Immersive-big-with-baseline.png","width":"400","height":"234","caption":"\u00c9chappe-Toi"},"image":{"@id":"https:\/\/echappetoi.com\/#\/schema\/logo\/image\/"},"sameAs":["https:\/\/www.facebook.com\/echappetoi","https:\/\/x.com\/echappet","https:\/\/www.linkedin.com\/company\/echappe-toi"]}]}},"_links":{"self":[{"href":"https:\/\/echappetoi.com\/en\/wp-json\/wp\/v2\/pages\/2903","targetHints":{"allow":["GET"]}}],"collection":[{"href":"https:\/\/echappetoi.com\/en\/wp-json\/wp\/v2\/pages"}],"about":[{"href":"https:\/\/echappetoi.com\/en\/wp-json\/wp\/v2\/types\/page"}],"author":[{"embeddable":true,"href":"https:\/\/echappetoi.com\/en\/wp-json\/wp\/v2\/users\/5"}],"replies":[{"embeddable":true,"href":"https:\/\/echappetoi.com\/en\/wp-json\/wp\/v2\/comments?post=2903"}],"version-history":[{"count":0,"href":"https:\/\/echappetoi.com\/en\/wp-json\/wp\/v2\/pages\/2903\/revisions"}],"up":[{"embeddable":true,"href":"https:\/\/echappetoi.com\/en\/wp-json\/wp\/v2\/pages\/2858"}],"wp:featuredmedia":[{"embeddable":true,"href":"https:\/\/echappetoi.com\/en\/wp-json\/wp\/v2\/media\/2242"}],"wp:attachment":[{"href":"https:\/\/echappetoi.com\/en\/wp-json\/wp\/v2\/media?parent=2903"}],"curies":[{"name":"wp","href":"https:\/\/api.w.org\/{rel}","templated":true}]}}