{"id":2858,"date":"2018-02-14T14:25:45","date_gmt":"2018-02-14T19:25:45","guid":{"rendered":"https:\/\/echappetoi.com\/occasions\/"},"modified":"2018-05-30T16:02:47","modified_gmt":"2018-05-30T20:02:47","slug":"occasions","status":"publish","type":"page","link":"https:\/\/echappetoi.com\/en\/occasions\/","title":{"rendered":"Occasions"},"content":{"rendered":"<div id=\"pl-2858\"  class=\"panel-layout\" ><div id=\"pg-2858-0\"  class=\"panel-grid panel-no-style\" ><div id=\"pgc-2858-0-0\"  class=\"panel-grid-cell\" ><div id=\"panel-2858-0-0-0\" class=\"so-panel widget widget_pw_title_with_button widget-title-with-button panel-first-child\" data-index=\"0\" ><div class=\"widget-title--big panel-widget-style panel-widget-style-for-2858-0-0-0\" >\t\t\t\t<div class=\"title-with-button\">\n\t\t\t\t\t<h2 class=\"widget-title\"><span class=\"widget-title__inline\">All occasions are good\u2026<\/span><\/h2>\t\t\t\t\t<a href=\"\/en\/reservation\/\" target=\"_self\" class=\"btn  btn-primary  title-with-button__button\" title=\"Book\">Book<\/a>\n\t\t\t\t<\/div>\n\t\t\t<\/div><\/div><div id=\"panel-2858-0-0-1\" class=\"so-panel widget widget_black-studio-tinymce widget_black_studio_tinymce panel-last-child\" data-index=\"1\" ><div class=\"widget-title--big panel-widget-style panel-widget-style-for-2858-0-0-1\" ><div class=\"textwidget\"><p><span style=\"font-weight: 400;\">What good reasons do you have to participate in an escape game at \u00c9chappe-Toi Montr\u00e9al?<\/span><\/p>\n<p><span style=\"font-weight: 400;\">A desire for entertainment with your group of friends? A team of your business colleagues to motivate and federate? A birthday? A Bachelor\/Bachelorette party? Some school holidays to fill? A desire to discover Montreal? Or a school trip to prepare? <\/span><\/p>\n<p><span style=\"font-weight: 400;\">Stop looking: the escape game, \u00c9chappe-Toi Montr\u00e9al, meets your needs, desires, and expectations!<\/span><\/p><\/p>\n<\/div><\/div><\/div><\/div><\/div><div id=\"pg-2858-1\"  class=\"panel-grid panel-no-style\" ><div id=\"pgc-2858-1-0\"  class=\"panel-grid-cell\" ><div id=\"panel-2858-1-0-0\" class=\"so-panel widget widget_pw_featured_page widget-featured-page panel-first-child\" data-index=\"2\" >\n\n\t<div class=\"page-box  page-box--block\">\n\t\t\t<a class=\"page-box__picture\" href=\"https:\/\/echappetoi.com\/en\/occasions\/jeu-evasion-groupe-prive-montreal\/\"><img fetchpriority=\"high\" decoding=\"async\" src=\"https:\/\/echappetoi.com\/wp-content\/uploads\/2018\/02\/Occasion-Evenement-Prive-Echappe-Toi-360x203.jpg\" width=\"360\" height=\"203\" srcset=\"https:\/\/echappetoi.com\/wp-content\/uploads\/2018\/02\/Occasion-Evenement-Prive-Echappe-Toi-360x203.jpg 360w, https:\/\/echappetoi.com\/wp-content\/uploads\/2018\/02\/Occasion-Evenement-Prive-Echappe-Toi.jpg 360w\" sizes=\"(min-width: 992px) 360px, calc(100vw - 30px)\" class=\"wp-post-image\" alt=\"Private Events\"><\/a>\n\t\t<div class=\"page-box__content\">\n\t\t\t<h5 class=\"page-box__title  text-uppercase\"><a href=\"https:\/\/echappetoi.com\/en\/occasions\/jeu-evasion-groupe-prive-montreal\/\">Private Events<\/a><\/h5>\n\t\t\t<p>The game to entertain your group of friends whatever the event...<\/p>\n\t\t\t\t<p><a href=\"https:\/\/echappetoi.com\/en\/occasions\/jeu-evasion-groupe-prive-montreal\/\" class=\"more-link  more-link--page-box\">Learn More<\/a><\/p>\n\t\t<\/div>\n\t<\/div>\n\n<\/div><div id=\"panel-2858-1-0-1\" class=\"so-panel widget widget_pw_featured_page widget-featured-page panel-last-child\" data-index=\"3\" >\n\n\t<div class=\"page-box  page-box--block\">\n\t\t\t<a class=\"page-box__picture\" href=\"https:\/\/echappetoi.com\/en\/occasions\/jeu-evasion-entreprise-montreal\/\"><img decoding=\"async\" src=\"https:\/\/echappetoi.com\/wp-content\/uploads\/2018\/02\/Occasion-Evenement-Entreprise-Echappe-Toi-360x203.jpg\" width=\"360\" height=\"203\" srcset=\"https:\/\/echappetoi.com\/wp-content\/uploads\/2018\/02\/Occasion-Evenement-Entreprise-Echappe-Toi-360x203.jpg 360w, https:\/\/echappetoi.com\/wp-content\/uploads\/2018\/02\/Occasion-Evenement-Entreprise-Echappe-Toi.jpg 360w\" sizes=\"(min-width: 992px) 360px, calc(100vw - 30px)\" class=\"wp-post-image\" alt=\"Business Events\"><\/a>\n\t\t<div class=\"page-box__content\">\n\t\t\t<h5 class=\"page-box__title  text-uppercase\"><a href=\"https:\/\/echappetoi.com\/en\/occasions\/jeu-evasion-entreprise-montreal\/\">Business Events<\/a><\/h5>\n\t\t\t<p>The game to motivate, federate and better know your teams...<\/p>\n\t\t\t\t<p><a href=\"https:\/\/echappetoi.com\/en\/occasions\/jeu-evasion-entreprise-montreal\/\" class=\"more-link  more-link--page-box\">Learn More<\/a><\/p>\n\t\t<\/div>\n\t<\/div>\n\n<\/div><\/div><div id=\"pgc-2858-1-1\"  class=\"panel-grid-cell\" ><div id=\"panel-2858-1-1-0\" class=\"so-panel widget widget_pw_featured_page widget-featured-page panel-first-child\" data-index=\"4\" >\n\n\t<div class=\"page-box  page-box--block\">\n\t\t\t<a class=\"page-box__picture\" href=\"https:\/\/echappetoi.com\/en\/?page_id=2761\"><img decoding=\"async\" src=\"https:\/\/echappetoi.com\/wp-content\/uploads\/2018\/02\/Occasion-Anniversaires-Echappe-Toi-360x203.jpg\" width=\"360\" height=\"203\" srcset=\"https:\/\/echappetoi.com\/wp-content\/uploads\/2018\/02\/Occasion-Anniversaires-Echappe-Toi-360x203.jpg 360w, https:\/\/echappetoi.com\/wp-content\/uploads\/2018\/02\/Occasion-Anniversaires-Echappe-Toi.jpg 360w\" sizes=\"(min-width: 992px) 360px, calc(100vw - 30px)\" class=\"wp-post-image\" alt=\"Birthdays\"><\/a>\n\t\t<div class=\"page-box__content\">\n\t\t\t<h5 class=\"page-box__title  text-uppercase\"><a href=\"https:\/\/echappetoi.com\/en\/?page_id=2761\">Birthdays<\/a><\/h5>\n\t\t\t<p>The escape game, to organize a successful birthday party...<\/p>\n\t\t\t\t<p><a href=\"https:\/\/echappetoi.com\/en\/?page_id=2761\" class=\"more-link  more-link--page-box\">Learn More<\/a><\/p>\n\t\t<\/div>\n\t<\/div>\n\n<\/div><div id=\"panel-2858-1-1-1\" class=\"so-panel widget widget_pw_featured_page widget-featured-page panel-last-child\" data-index=\"5\" >\n\n\t<div class=\"page-box  page-box--block\">\n\t\t\t<a class=\"page-box__picture\" href=\"https:\/\/echappetoi.com\/en\/occasions\/jeu-evasion-vacances-montreal\/\"><img loading=\"lazy\" decoding=\"async\" src=\"https:\/\/echappetoi.com\/wp-content\/uploads\/2018\/02\/Occasion-Vacances-Scolaires-Echappe-Toi-360x203.jpg\" width=\"360\" height=\"203\" srcset=\"https:\/\/echappetoi.com\/wp-content\/uploads\/2018\/02\/Occasion-Vacances-Scolaires-Echappe-Toi-360x203.jpg 360w, https:\/\/echappetoi.com\/wp-content\/uploads\/2018\/02\/Occasion-Vacances-Scolaires-Echappe-Toi.jpg 360w\" sizes=\"(min-width: 992px) 360px, calc(100vw - 30px)\" class=\"wp-post-image\" alt=\"School Vacations\"><\/a>\n\t\t<div class=\"page-box__content\">\n\t\t\t<h5 class=\"page-box__title  text-uppercase\"><a href=\"https:\/\/echappetoi.com\/en\/occasions\/jeu-evasion-vacances-montreal\/\">School Vacations<\/a><\/h5>\n\t\t\t<p>An escape game to occupy your school holidays in Montreal...<\/p>\n\t\t\t\t<p><a href=\"https:\/\/echappetoi.com\/en\/occasions\/jeu-evasion-vacances-montreal\/\" class=\"more-link  more-link--page-box\">Learn More<\/a><\/p>\n\t\t<\/div>\n\t<\/div>\n\n<\/div><\/div><div id=\"pgc-2858-1-2\"  class=\"panel-grid-cell\" ><div id=\"panel-2858-1-2-0\" class=\"so-panel widget widget_pw_featured_page widget-featured-page panel-first-child\" data-index=\"6\" >\n\n\t<div class=\"page-box  page-box--block\">\n\t\t\t<a class=\"page-box__picture\" href=\"https:\/\/echappetoi.com\/en\/occasions\/jeu-evasion-bachelor-montreal\/\"><img loading=\"lazy\" decoding=\"async\" src=\"https:\/\/echappetoi.com\/wp-content\/uploads\/2018\/02\/Occasion-Bachelor-Echappe-Toi-360x203.jpg\" width=\"360\" height=\"203\" srcset=\"https:\/\/echappetoi.com\/wp-content\/uploads\/2018\/02\/Occasion-Bachelor-Echappe-Toi-360x203.jpg 360w, https:\/\/echappetoi.com\/wp-content\/uploads\/2018\/02\/Occasion-Bachelor-Echappe-Toi.jpg 360w\" sizes=\"(min-width: 992px) 360px, calc(100vw - 30px)\" class=\"wp-post-image\" alt=\"Bachelor\/Bachelorette\"><\/a>\n\t\t<div class=\"page-box__content\">\n\t\t\t<h5 class=\"page-box__title  text-uppercase\"><a href=\"https:\/\/echappetoi.com\/en\/occasions\/jeu-evasion-bachelor-montreal\/\">Bachelor\/Bachelorette<\/a><\/h5>\n\t\t\t<p>An escape game to immortalize the bachelor \/ bachelorette party ...<\/p>\n\t\t\t\t<p><a href=\"https:\/\/echappetoi.com\/en\/occasions\/jeu-evasion-bachelor-montreal\/\" class=\"more-link  more-link--page-box\">Learn More<\/a><\/p>\n\t\t<\/div>\n\t<\/div>\n\n<\/div><div id=\"panel-2858-1-2-1\" class=\"so-panel widget widget_pw_featured_page widget-featured-page panel-last-child\" data-index=\"7\" >\n\n\t<div class=\"page-box  page-box--block\">\n\t\t\t<a class=\"page-box__picture\" href=\"https:\/\/echappetoi.com\/en\/occasions\/jeu-evasion-activite-familiale-montreal\/\"><img loading=\"lazy\" decoding=\"async\" src=\"https:\/\/echappetoi.com\/wp-content\/uploads\/2018\/02\/Occasion-Decouvrir-Montreal-Echappe-Toi-360x203.jpg\" width=\"360\" height=\"203\" srcset=\"https:\/\/echappetoi.com\/wp-content\/uploads\/2018\/02\/Occasion-Decouvrir-Montreal-Echappe-Toi-360x203.jpg 360w, https:\/\/echappetoi.com\/wp-content\/uploads\/2018\/02\/Occasion-Decouvrir-Montreal-Echappe-Toi.jpg 360w\" sizes=\"(min-width: 992px) 360px, calc(100vw - 30px)\" class=\"wp-post-image\" alt=\"Discovering Montreal\"><\/a>\n\t\t<div class=\"page-box__content\">\n\t\t\t<h5 class=\"page-box__title  text-uppercase\"><a href=\"https:\/\/echappetoi.com\/en\/occasions\/jeu-evasion-activite-familiale-montreal\/\">Discovering Montreal<\/a><\/h5>\n\t\t\t<p>Discover Montreal with an escape game at Echappe-Toi ...<\/p>\n\t\t\t\t<p><a href=\"https:\/\/echappetoi.com\/en\/occasions\/jeu-evasion-activite-familiale-montreal\/\" class=\"more-link  more-link--page-box\">Learn More<\/a><\/p>\n\t\t<\/div>\n\t<\/div>\n\n<\/div><\/div><div id=\"pgc-2858-1-3\"  class=\"panel-grid-cell\" ><div id=\"panel-2858-1-3-0\" class=\"so-panel widget widget_pw_featured_page widget-featured-page panel-first-child panel-last-child\" data-index=\"8\" >\n\n\t<div class=\"page-box  page-box--block\">\n\t\t\t<a class=\"page-box__picture\" href=\"https:\/\/echappetoi.com\/en\/occasions\/jeu-evasion-ecole-montreal\/\"><img loading=\"lazy\" decoding=\"async\" src=\"https:\/\/echappetoi.com\/wp-content\/uploads\/2018\/02\/Occasion-Sorties-Scolaires-Echappe-Toi-360x203.jpg\" width=\"360\" height=\"203\" srcset=\"https:\/\/echappetoi.com\/wp-content\/uploads\/2018\/02\/Occasion-Sorties-Scolaires-Echappe-Toi-360x203.jpg 360w, https:\/\/echappetoi.com\/wp-content\/uploads\/2018\/02\/Occasion-Sorties-Scolaires-Echappe-Toi.jpg 360w\" sizes=\"(min-width: 992px) 360px, calc(100vw - 30px)\" class=\"wp-post-image\" alt=\"School Field trips\"><\/a>\n\t\t<div class=\"page-box__content\">\n\t\t\t<h5 class=\"page-box__title  text-uppercase\"><a href=\"https:\/\/echappetoi.com\/en\/occasions\/jeu-evasion-ecole-montreal\/\">School Field trips<\/a><\/h5>\n\t\t\t<p>Echappe-Toi, the ideal place to organize your school trips...<\/p>\n\t\t\t\t<p><a href=\"https:\/\/echappetoi.com\/en\/occasions\/jeu-evasion-ecole-montreal\/\" class=\"more-link  more-link--page-box\">Learn More<\/a><\/p>\n\t\t<\/div>\n\t<\/div>\n\n<\/div><\/div><\/div><\/div>","protected":false},"excerpt":{"rendered":"<p>What good reasons do you have to participate in an escape game at \u00c9chappe-Toi Montr\u00e9al?A desire for entertainment with your group of friends? A team of your business colleagues to motivate and federate? A birthday? A Bachelor\/Bachelorette party? Some school holidays to fill? A desire to discover Montreal? Or a school trip to prepare? Stop &hellip;<\/p>\n","protected":false},"author":5,"featured_media":0,"parent":0,"menu_order":0,"comment_status":"closed","ping_status":"closed","template":"","meta":{"_acf_changed":false,"footnotes":""},"class_list":["post-2858","page","type-page","status-publish","hentry"],"acf":[],"yoast_head":"<!-- This site is optimized with the Yoast SEO plugin v27.4 - https:\/\/yoast.com\/product\/yoast-seo-wordpress\/ -->\n<title>Occasions - \u00c9chappe Toi<\/title>\n<meta name=\"robots\" content=\"index, follow, max-snippet:-1, max-image-preview:large, max-video-preview:-1\" \/>\n<link rel=\"canonical\" href=\"https:\/\/echappetoi.com\/en\/occasions\/\" \/>\n<meta property=\"og:locale\" content=\"en_US\" \/>\n<meta property=\"og:type\" content=\"article\" \/>\n<meta property=\"og:title\" content=\"Occasions - \u00c9chappe Toi\" \/>\n<meta property=\"og:description\" content=\"What good reasons do you have to participate in an escape game at \u00c9chappe-Toi Montr\u00e9al?A desire for entertainment with your group of friends? A team of your business colleagues to motivate and federate? A birthday? A Bachelor\/Bachelorette party? Some school holidays to fill? A desire to discover Montreal? Or a school trip to prepare? Stop &hellip;\" \/>\n<meta property=\"og:url\" content=\"https:\/\/echappetoi.com\/en\/occasions\/\" \/>\n<meta property=\"og:site_name\" content=\"\u00c9chappe Toi\" \/>\n<meta property=\"article:publisher\" content=\"https:\/\/www.facebook.com\/echappetoi\" \/>\n<meta property=\"article:modified_time\" content=\"2018-05-30T20:02:47+00:00\" \/>\n<meta name=\"twitter:card\" content=\"summary_large_image\" \/>\n<meta name=\"twitter:site\" content=\"@echappet\" \/>\n<meta name=\"twitter:label1\" content=\"Est. reading time\" \/>\n\t<meta name=\"twitter:data1\" content=\"1 minute\" \/>\n<script type=\"application\/ld+json\" class=\"yoast-schema-graph\">{\"@context\":\"https:\\\/\\\/schema.org\",\"@graph\":[{\"@type\":\"WebPage\",\"@id\":\"https:\\\/\\\/echappetoi.com\\\/en\\\/occasions\\\/\",\"url\":\"https:\\\/\\\/echappetoi.com\\\/en\\\/occasions\\\/\",\"name\":\"Occasions - \u00c9chappe Toi\",\"isPartOf\":{\"@id\":\"https:\\\/\\\/echappetoi.com\\\/#website\"},\"datePublished\":\"2018-02-14T19:25:45+00:00\",\"dateModified\":\"2018-05-30T20:02:47+00:00\",\"breadcrumb\":{\"@id\":\"https:\\\/\\\/echappetoi.com\\\/en\\\/occasions\\\/#breadcrumb\"},\"inLanguage\":\"en-US\",\"potentialAction\":[{\"@type\":\"ReadAction\",\"target\":[\"https:\\\/\\\/echappetoi.com\\\/en\\\/occasions\\\/\"]}]},{\"@type\":\"BreadcrumbList\",\"@id\":\"https:\\\/\\\/echappetoi.com\\\/en\\\/occasions\\\/#breadcrumb\",\"itemListElement\":[{\"@type\":\"ListItem\",\"position\":1,\"name\":\"Accueil\",\"item\":\"https:\\\/\\\/echappetoi.com\\\/en\\\/\"},{\"@type\":\"ListItem\",\"position\":2,\"name\":\"Occasions\"}]},{\"@type\":\"WebSite\",\"@id\":\"https:\\\/\\\/echappetoi.com\\\/#website\",\"url\":\"https:\\\/\\\/echappetoi.com\\\/\",\"name\":\"\u00c9chappe Toi\",\"description\":\"Montr\u00e9al Escape Games\",\"publisher\":{\"@id\":\"https:\\\/\\\/echappetoi.com\\\/#organization\"},\"potentialAction\":[{\"@type\":\"SearchAction\",\"target\":{\"@type\":\"EntryPoint\",\"urlTemplate\":\"https:\\\/\\\/echappetoi.com\\\/?s={search_term_string}\"},\"query-input\":{\"@type\":\"PropertyValueSpecification\",\"valueRequired\":true,\"valueName\":\"search_term_string\"}}],\"inLanguage\":\"en-US\"},{\"@type\":\"Organization\",\"@id\":\"https:\\\/\\\/echappetoi.com\\\/#organization\",\"name\":\"\u00c9chappe-Toi\",\"url\":\"https:\\\/\\\/echappetoi.com\\\/\",\"logo\":{\"@type\":\"ImageObject\",\"inLanguage\":\"en-US\",\"@id\":\"https:\\\/\\\/echappetoi.com\\\/#\\\/schema\\\/logo\\\/image\\\/\",\"url\":\"https:\\\/\\\/echappetoi.com\\\/wp-content\\\/uploads\\\/2018\\\/02\\\/Logo-Echappe-Toi-Aventure-Immersive-big-with-baseline.png\",\"contentUrl\":\"https:\\\/\\\/echappetoi.com\\\/wp-content\\\/uploads\\\/2018\\\/02\\\/Logo-Echappe-Toi-Aventure-Immersive-big-with-baseline.png\",\"width\":\"400\",\"height\":\"234\",\"caption\":\"\u00c9chappe-Toi\"},\"image\":{\"@id\":\"https:\\\/\\\/echappetoi.com\\\/#\\\/schema\\\/logo\\\/image\\\/\"},\"sameAs\":[\"https:\\\/\\\/www.facebook.com\\\/echappetoi\",\"https:\\\/\\\/x.com\\\/echappet\",\"https:\\\/\\\/www.linkedin.com\\\/company\\\/echappe-toi\"]}]}<\/script>\n<!-- \/ Yoast SEO plugin. -->","yoast_head_json":{"title":"Occasions - \u00c9chappe Toi","robots":{"index":"index","follow":"follow","max-snippet":"max-snippet:-1","max-image-preview":"max-image-preview:large","max-video-preview":"max-video-preview:-1"},"canonical":"https:\/\/echappetoi.com\/en\/occasions\/","og_locale":"en_US","og_type":"article","og_title":"Occasions - \u00c9chappe Toi","og_description":"What good reasons do you have to participate in an escape game at \u00c9chappe-Toi Montr\u00e9al?A desire for entertainment with your group of friends? A team of your business colleagues to motivate and federate? A birthday? A Bachelor\/Bachelorette party? Some school holidays to fill? A desire to discover Montreal? Or a school trip to prepare? Stop &hellip;","og_url":"https:\/\/echappetoi.com\/en\/occasions\/","og_site_name":"\u00c9chappe Toi","article_publisher":"https:\/\/www.facebook.com\/echappetoi","article_modified_time":"2018-05-30T20:02:47+00:00","twitter_card":"summary_large_image","twitter_site":"@echappet","twitter_misc":{"Est. reading time":"1 minute"},"schema":{"@context":"https:\/\/schema.org","@graph":[{"@type":"WebPage","@id":"https:\/\/echappetoi.com\/en\/occasions\/","url":"https:\/\/echappetoi.com\/en\/occasions\/","name":"Occasions - \u00c9chappe Toi","isPartOf":{"@id":"https:\/\/echappetoi.com\/#website"},"datePublished":"2018-02-14T19:25:45+00:00","dateModified":"2018-05-30T20:02:47+00:00","breadcrumb":{"@id":"https:\/\/echappetoi.com\/en\/occasions\/#breadcrumb"},"inLanguage":"en-US","potentialAction":[{"@type":"ReadAction","target":["https:\/\/echappetoi.com\/en\/occasions\/"]}]},{"@type":"BreadcrumbList","@id":"https:\/\/echappetoi.com\/en\/occasions\/#breadcrumb","itemListElement":[{"@type":"ListItem","position":1,"name":"Accueil","item":"https:\/\/echappetoi.com\/en\/"},{"@type":"ListItem","position":2,"name":"Occasions"}]},{"@type":"WebSite","@id":"https:\/\/echappetoi.com\/#website","url":"https:\/\/echappetoi.com\/","name":"\u00c9chappe Toi","description":"Montr\u00e9al Escape Games","publisher":{"@id":"https:\/\/echappetoi.com\/#organization"},"potentialAction":[{"@type":"SearchAction","target":{"@type":"EntryPoint","urlTemplate":"https:\/\/echappetoi.com\/?s={search_term_string}"},"query-input":{"@type":"PropertyValueSpecification","valueRequired":true,"valueName":"search_term_string"}}],"inLanguage":"en-US"},{"@type":"Organization","@id":"https:\/\/echappetoi.com\/#organization","name":"\u00c9chappe-Toi","url":"https:\/\/echappetoi.com\/","logo":{"@type":"ImageObject","inLanguage":"en-US","@id":"https:\/\/echappetoi.com\/#\/schema\/logo\/image\/","url":"https:\/\/echappetoi.com\/wp-content\/uploads\/2018\/02\/Logo-Echappe-Toi-Aventure-Immersive-big-with-baseline.png","contentUrl":"https:\/\/echappetoi.com\/wp-content\/uploads\/2018\/02\/Logo-Echappe-Toi-Aventure-Immersive-big-with-baseline.png","width":"400","height":"234","caption":"\u00c9chappe-Toi"},"image":{"@id":"https:\/\/echappetoi.com\/#\/schema\/logo\/image\/"},"sameAs":["https:\/\/www.facebook.com\/echappetoi","https:\/\/x.com\/echappet","https:\/\/www.linkedin.com\/company\/echappe-toi"]}]}},"_links":{"self":[{"href":"https:\/\/echappetoi.com\/en\/wp-json\/wp\/v2\/pages\/2858","targetHints":{"allow":["GET"]}}],"collection":[{"href":"https:\/\/echappetoi.com\/en\/wp-json\/wp\/v2\/pages"}],"about":[{"href":"https:\/\/echappetoi.com\/en\/wp-json\/wp\/v2\/types\/page"}],"author":[{"embeddable":true,"href":"https:\/\/echappetoi.com\/en\/wp-json\/wp\/v2\/users\/5"}],"replies":[{"embeddable":true,"href":"https:\/\/echappetoi.com\/en\/wp-json\/wp\/v2\/comments?post=2858"}],"version-history":[{"count":0,"href":"https:\/\/echappetoi.com\/en\/wp-json\/wp\/v2\/pages\/2858\/revisions"}],"wp:attachment":[{"href":"https:\/\/echappetoi.com\/en\/wp-json\/wp\/v2\/media?parent=2858"}],"curies":[{"name":"wp","href":"https:\/\/api.w.org\/{rel}","templated":true}]}}