{"id":2835,"date":"2018-02-23T10:18:17","date_gmt":"2018-02-23T15:18:17","guid":{"rendered":"https:\/\/echappetoi.com\/jeu-evasion-tv-montreal\/"},"modified":"2025-06-22T21:05:08","modified_gmt":"2025-06-23T01:05:08","slug":"jeu-evasion-tv-montreal","status":"publish","type":"page","link":"https:\/\/echappetoi.com\/en\/jeu-evasion-montreal\/jeu-evasion-tv-montreal\/","title":{"rendered":"Champlain TV &#8211; Blackout"},"content":{"rendered":"<div id=\"pl-2835\"  class=\"panel-layout\" ><div id=\"pg-2835-0\"  class=\"panel-grid panel-no-style\" ><div id=\"pgc-2835-0-0\"  class=\"panel-grid-cell\" ><div id=\"panel-2835-0-0-0\" class=\"so-panel widget widget_sow-image panel-first-child panel-last-child\" data-index=\"0\" ><div\n\t\t\t\n\t\t\tclass=\"so-widget-sow-image so-widget-sow-image-default-c67d20f9f743-2835\"\n\t\t\t\n\t\t>\n<div class=\"sow-image-container\">\n\t\t<img fetchpriority=\"high\" \n\tsrc=\"https:\/\/echappetoi.com\/wp-content\/uploads\/2018\/06\/Header-Scenario-TV-Champlain-Blackout-Echappe-Toi-EN.jpg\" width=\"1000\" height=\"372\" srcset=\"https:\/\/echappetoi.com\/wp-content\/uploads\/2018\/06\/Header-Scenario-TV-Champlain-Blackout-Echappe-Toi-EN.jpg 1000w, https:\/\/echappetoi.com\/wp-content\/uploads\/2018\/06\/Header-Scenario-TV-Champlain-Blackout-Echappe-Toi-EN-300x112.jpg 300w, https:\/\/echappetoi.com\/wp-content\/uploads\/2018\/06\/Header-Scenario-TV-Champlain-Blackout-Echappe-Toi-EN-768x286.jpg 768w\" sizes=\"(max-width: 1000px) 100vw, 1000px\" alt=\"Champlain TV Blackout - Echappe-Toi Montr\u00e9al\" \t\tclass=\"so-widget-image\"\/>\n\t<\/div>\n\n<\/div><\/div><\/div><\/div><div id=\"pg-2835-1\"  class=\"panel-grid panel-has-style\" ><div class=\"details panel-row-style panel-row-style-for-2835-1\" ><div id=\"pgc-2835-1-0\"  class=\"panel-grid-cell\" ><div id=\"panel-2835-1-0-0\" class=\"so-panel widget widget_pw_icon_box widget-icon-box panel-first-child panel-last-child\" data-index=\"1\" >\n\n\t\t<div class=\"icon-box\">\n\n\t\t<i class=\"fa  fa-users\"><\/i>\n\t\t<h4 class=\"icon-box__title\">Players<\/h4>\n\t\t<span class=\"icon-box__subtitle\">2\/6 people<\/span>\n\n\t\t<\/div>\n\n<\/div><\/div><div id=\"pgc-2835-1-1\"  class=\"panel-grid-cell\" ><div id=\"panel-2835-1-1-0\" class=\"so-panel widget widget_pw_icon_box widget-icon-box panel-first-child panel-last-child\" data-index=\"2\" >\n\n\t\t<div class=\"icon-box\">\n\n\t\t<i class=\"fa  fa-clock-o\"><\/i>\n\t\t<h4 class=\"icon-box__title\">Duration<\/h4>\n\t\t<span class=\"icon-box__subtitle\">60 minutes<\/span>\n\n\t\t<\/div>\n\n<\/div><\/div><div id=\"pgc-2835-1-2\"  class=\"panel-grid-cell\" ><div id=\"panel-2835-1-2-0\" class=\"so-panel widget widget_pw_icon_box widget-icon-box panel-first-child panel-last-child\" data-index=\"3\" >\n\n\t\t<div class=\"icon-box\">\n\n\t\t<i class=\"fa  fa-money\"><\/i>\n\t\t<h4 class=\"icon-box__title\">Adult Price<\/h4>\n\t\t<span class=\"icon-box__subtitle\">$33\/pers. + tx<\/span>\n\n\t\t<\/div>\n\n<\/div><\/div><div id=\"pgc-2835-1-3\"  class=\"panel-grid-cell\" ><div id=\"panel-2835-1-3-0\" class=\"so-panel widget widget_pw_icon_box widget-icon-box panel-first-child panel-last-child\" data-index=\"4\" >\n\n\t\t<div class=\"icon-box\">\n\n\t\t<i class=\"fa  fa-graduation-cap\"><\/i>\n\t\t<h4 class=\"icon-box__title\">Student Price<\/h4>\n\t\t<span class=\"icon-box__subtitle\">$27\/pers. + tx<\/span>\n\n\t\t<\/div>\n\n<\/div><\/div><\/div><\/div><div id=\"pg-2835-2\"  class=\"panel-grid panel-no-style\" ><div id=\"pgc-2835-2-0\"  class=\"panel-grid-cell\" ><div id=\"panel-2835-2-0-0\" class=\"so-panel widget widget_black-studio-tinymce widget_black_studio_tinymce panel-first-child panel-last-child\" data-index=\"5\" ><div class=\"textwidget\"><h1>Escape from a TV studio!<\/h1>\n<p>An abandoned TV studio in need of rehabilitation in Montreal and an owner hopeless in the face of failure. You will have to lend him a hand and support him in order to make it function within the time limit. This is the challenge ahead of you in an escape game that sets itself apart.<\/p>\n<h2>An escape game in Montreal in 1972<\/h2>\n<p>Montr\u00e9al, 1972. Quebec is mourning the death of star host \u00c9lise Melan\u00e7on after her assassination in the studios of the TV Champlain station.<\/p>\n<p>The tragedy brought on the closure of the station. It also brought forth one of the longest police investigations in Quebec history. The murder was only solved in 2017, close to 14 years after the events. The ongoing investigation was greatly mediatised. In Quebec, it prompted a nostalgic popularity for the station that closed so long ago.<\/p>\n<p>This wave of nostalgia pushed Mr. Beaulieu to a grand project: the reopening of the network TV Champlain. However, the cultural environment in Quebec has changed quite a bit since the 70s. Finding the financial resources for such a project can be quite difficult. Mr. Beaulieu managed to find a few important investors but has to inject almost the totality of his personal wealth into the project to keep it afloat. Once the renovation and updates of the station begun, frequent budgetary cuts loomed over the project, putting it in jeopardy.<\/p>\n<p>A few weeks later, the investors started to get impatient. They imposed an ultimatum on Mr. Beaulieu: In an hour, they will arrive to visit the studio to assess progress. They threaten to pull funding if it is not functional by their arrival. With his back against the wall, Mr. Beaulieu no longer has a choice. In the current state of emergency, he hires you and your team to make the station operational. Strategic choices await you!<br \/>Will you manage to return TV Champlain to its former glory before the deadline?<\/p>\n<h2>Your mission inside the studio<\/h2>\n<p>You will have to make this Montreal TV studio functional in less than 60 minutes. In order to achieve the task at hand, you will have to solve enigmas and make strategic choices. Everything will have to be prepped and readied before the arrival of the investors.<\/p>\n<p>Will you manage to escape from this room in less than an hour?<\/p>\n<h2>For who is the game destined?<\/h2>\n<p>Ideally, a team of 6 adults can manage to escape from this escape game in less than 60 minutes.<\/p>\n<h2>Additional Information<\/h2>\n<p>Info on <a href=\"https:\/\/fr.wikipedia.org\/wiki\/Studio_de_t%C3%A9l%C3%A9vision\" target=\"_blank\" rel=\"noopener\">operating a TV studio.<\/a><\/p>\n<p><span style=\"font-weight: 400;\">If you have any questions about our escape games in Montreal, you can check our <\/span><a href=\"\/en\/faq\/\">FAQS<\/a><\/p>\n<p><span style=\"font-weight: 400;\">You can also find our other escape games here:<\/span>\u00a0<a href=\"\/en\/jeu-evasion-montreal\/\">ALL SCENARIOS<\/a><\/p>\n<\/div><\/div><\/div><\/div><div id=\"pg-2835-3\"  class=\"panel-grid panel-no-style\" ><div id=\"pgc-2835-3-0\"  class=\"panel-grid-cell\" ><div id=\"panel-2835-3-0-0\" class=\"so-panel widget widget_sow-editor panel-first-child panel-last-child\" data-index=\"6\" ><div\n\t\t\t\n\t\t\tclass=\"so-widget-sow-editor so-widget-sow-editor-base\"\n\t\t\t\n\t\t>\n<div class=\"siteorigin-widget-tinymce textwidget\">\n\t<div id=\"forescape\" data-subdomain=\"echappetoi-montreal\" data-type=\"bookings\" data-rooms=\"5d6e652061b8ea1e9f4b084e\"><\/div>\n<p><script defer src=\"https:\/\/echappetoi-montreal.4escape.io\/public\/js\/iframe.min.js\"><\/script><\/p>\n<\/div>\n<\/div><\/div><\/div><\/div><\/div>","protected":false},"excerpt":{"rendered":"<p>A disused TV studio to rehabilitate in Montreal, a boss desperate not to get there: you&#8217;ll have to give him all your support and your ability to get it to work in a timely manner: that&#8217;s the challenge of the game. escape like no other!<\/p>\n","protected":false},"author":5,"featured_media":865,"parent":2849,"menu_order":0,"comment_status":"closed","ping_status":"closed","template":"","meta":{"_acf_changed":false,"footnotes":""},"class_list":["post-2835","page","type-page","status-publish","has-post-thumbnail","hentry"],"acf":[],"yoast_head":"<!-- This site is optimized with the Yoast SEO plugin v27.4 - https:\/\/yoast.com\/product\/yoast-seo-wordpress\/ -->\n<title>TV Studio Escape Room in Montreal - \u00c9chappe-toi<\/title>\n<meta name=\"description\" content=\"You have one hour at your disposal to fix a TV studio forced to shut down due to the death of a famous host, and make it run once more. Think hard and make the right decisions in this TV studio escape room in Montreal.\" \/>\n<meta name=\"robots\" content=\"index, follow, max-snippet:-1, max-image-preview:large, max-video-preview:-1\" \/>\n<link rel=\"canonical\" href=\"https:\/\/echappetoi.com\/en\/jeu-evasion-montreal\/jeu-evasion-tv-montreal\/\" \/>\n<meta property=\"og:locale\" content=\"en_US\" \/>\n<meta property=\"og:type\" content=\"article\" \/>\n<meta property=\"og:title\" content=\"TV Studio Escape Room in Montreal - \u00c9chappe-toi\" \/>\n<meta property=\"og:description\" content=\"You have one hour at your disposal to fix a TV studio forced to shut down due to the death of a famous host, and make it run once more. Think hard and make the right decisions in this TV studio escape room in Montreal.\" \/>\n<meta property=\"og:url\" content=\"https:\/\/echappetoi.com\/en\/jeu-evasion-montreal\/jeu-evasion-tv-montreal\/\" \/>\n<meta property=\"og:site_name\" content=\"\u00c9chappe Toi\" \/>\n<meta property=\"article:publisher\" content=\"https:\/\/www.facebook.com\/echappetoi\" \/>\n<meta property=\"article:modified_time\" content=\"2025-06-23T01:05:08+00:00\" \/>\n<meta property=\"og:image\" content=\"https:\/\/echappetoi.com\/wp-content\/uploads\/2018\/02\/Scenario-Blackout-Echappe-Toi-Montreal.jpg\" \/>\n\t<meta property=\"og:image:width\" content=\"250\" \/>\n\t<meta property=\"og:image:height\" content=\"310\" \/>\n\t<meta property=\"og:image:type\" content=\"image\/jpeg\" \/>\n<meta name=\"twitter:card\" content=\"summary_large_image\" \/>\n<meta name=\"twitter:site\" content=\"@echappet\" \/>\n<meta name=\"twitter:label1\" content=\"Est. reading time\" \/>\n\t<meta name=\"twitter:data1\" content=\"3 minutes\" \/>\n<script type=\"application\/ld+json\" class=\"yoast-schema-graph\">{\"@context\":\"https:\\\/\\\/schema.org\",\"@graph\":[{\"@type\":\"WebPage\",\"@id\":\"https:\\\/\\\/echappetoi.com\\\/en\\\/jeu-evasion-montreal\\\/jeu-evasion-tv-montreal\\\/\",\"url\":\"https:\\\/\\\/echappetoi.com\\\/en\\\/jeu-evasion-montreal\\\/jeu-evasion-tv-montreal\\\/\",\"name\":\"TV Studio Escape Room in Montreal - \u00c9chappe-toi\",\"isPartOf\":{\"@id\":\"https:\\\/\\\/echappetoi.com\\\/#website\"},\"primaryImageOfPage\":{\"@id\":\"https:\\\/\\\/echappetoi.com\\\/en\\\/jeu-evasion-montreal\\\/jeu-evasion-tv-montreal\\\/#primaryimage\"},\"image\":{\"@id\":\"https:\\\/\\\/echappetoi.com\\\/en\\\/jeu-evasion-montreal\\\/jeu-evasion-tv-montreal\\\/#primaryimage\"},\"thumbnailUrl\":\"https:\\\/\\\/echappetoi.com\\\/wp-content\\\/uploads\\\/2018\\\/02\\\/Scenario-Blackout-Echappe-Toi-Montreal.jpg\",\"datePublished\":\"2018-02-23T15:18:17+00:00\",\"dateModified\":\"2025-06-23T01:05:08+00:00\",\"description\":\"You have one hour at your disposal to fix a TV studio forced to shut down due to the death of a famous host, and make it run once more. Think hard and make the right decisions in this TV studio escape room in Montreal.\",\"breadcrumb\":{\"@id\":\"https:\\\/\\\/echappetoi.com\\\/en\\\/jeu-evasion-montreal\\\/jeu-evasion-tv-montreal\\\/#breadcrumb\"},\"inLanguage\":\"en-US\",\"potentialAction\":[{\"@type\":\"ReadAction\",\"target\":[\"https:\\\/\\\/echappetoi.com\\\/en\\\/jeu-evasion-montreal\\\/jeu-evasion-tv-montreal\\\/\"]}]},{\"@type\":\"ImageObject\",\"inLanguage\":\"en-US\",\"@id\":\"https:\\\/\\\/echappetoi.com\\\/en\\\/jeu-evasion-montreal\\\/jeu-evasion-tv-montreal\\\/#primaryimage\",\"url\":\"https:\\\/\\\/echappetoi.com\\\/wp-content\\\/uploads\\\/2018\\\/02\\\/Scenario-Blackout-Echappe-Toi-Montreal.jpg\",\"contentUrl\":\"https:\\\/\\\/echappetoi.com\\\/wp-content\\\/uploads\\\/2018\\\/02\\\/Scenario-Blackout-Echappe-Toi-Montreal.jpg\",\"width\":250,\"height\":310,\"caption\":\"Sc\u00e9nario Blackout - \u00c9chappe Toi\"},{\"@type\":\"BreadcrumbList\",\"@id\":\"https:\\\/\\\/echappetoi.com\\\/en\\\/jeu-evasion-montreal\\\/jeu-evasion-tv-montreal\\\/#breadcrumb\",\"itemListElement\":[{\"@type\":\"ListItem\",\"position\":1,\"name\":\"Accueil\",\"item\":\"https:\\\/\\\/echappetoi.com\\\/en\\\/\"},{\"@type\":\"ListItem\",\"position\":2,\"name\":\"Scenarios\",\"item\":\"https:\\\/\\\/echappetoi.com\\\/en\\\/jeu-evasion-montreal\\\/\"},{\"@type\":\"ListItem\",\"position\":3,\"name\":\"Champlain TV &#8211; Blackout\"}]},{\"@type\":\"WebSite\",\"@id\":\"https:\\\/\\\/echappetoi.com\\\/#website\",\"url\":\"https:\\\/\\\/echappetoi.com\\\/\",\"name\":\"\u00c9chappe Toi\",\"description\":\"Montr\u00e9al Escape Games\",\"publisher\":{\"@id\":\"https:\\\/\\\/echappetoi.com\\\/#organization\"},\"potentialAction\":[{\"@type\":\"SearchAction\",\"target\":{\"@type\":\"EntryPoint\",\"urlTemplate\":\"https:\\\/\\\/echappetoi.com\\\/?s={search_term_string}\"},\"query-input\":{\"@type\":\"PropertyValueSpecification\",\"valueRequired\":true,\"valueName\":\"search_term_string\"}}],\"inLanguage\":\"en-US\"},{\"@type\":\"Organization\",\"@id\":\"https:\\\/\\\/echappetoi.com\\\/#organization\",\"name\":\"\u00c9chappe-Toi\",\"url\":\"https:\\\/\\\/echappetoi.com\\\/\",\"logo\":{\"@type\":\"ImageObject\",\"inLanguage\":\"en-US\",\"@id\":\"https:\\\/\\\/echappetoi.com\\\/#\\\/schema\\\/logo\\\/image\\\/\",\"url\":\"https:\\\/\\\/echappetoi.com\\\/wp-content\\\/uploads\\\/2018\\\/02\\\/Logo-Echappe-Toi-Aventure-Immersive-big-with-baseline.png\",\"contentUrl\":\"https:\\\/\\\/echappetoi.com\\\/wp-content\\\/uploads\\\/2018\\\/02\\\/Logo-Echappe-Toi-Aventure-Immersive-big-with-baseline.png\",\"width\":\"400\",\"height\":\"234\",\"caption\":\"\u00c9chappe-Toi\"},\"image\":{\"@id\":\"https:\\\/\\\/echappetoi.com\\\/#\\\/schema\\\/logo\\\/image\\\/\"},\"sameAs\":[\"https:\\\/\\\/www.facebook.com\\\/echappetoi\",\"https:\\\/\\\/x.com\\\/echappet\",\"https:\\\/\\\/www.linkedin.com\\\/company\\\/echappe-toi\"]}]}<\/script>\n<!-- \/ Yoast SEO plugin. -->","yoast_head_json":{"title":"TV Studio Escape Room in Montreal - \u00c9chappe-toi","description":"You have one hour at your disposal to fix a TV studio forced to shut down due to the death of a famous host, and make it run once more. Think hard and make the right decisions in this TV studio escape room in Montreal.","robots":{"index":"index","follow":"follow","max-snippet":"max-snippet:-1","max-image-preview":"max-image-preview:large","max-video-preview":"max-video-preview:-1"},"canonical":"https:\/\/echappetoi.com\/en\/jeu-evasion-montreal\/jeu-evasion-tv-montreal\/","og_locale":"en_US","og_type":"article","og_title":"TV Studio Escape Room in Montreal - \u00c9chappe-toi","og_description":"You have one hour at your disposal to fix a TV studio forced to shut down due to the death of a famous host, and make it run once more. Think hard and make the right decisions in this TV studio escape room in Montreal.","og_url":"https:\/\/echappetoi.com\/en\/jeu-evasion-montreal\/jeu-evasion-tv-montreal\/","og_site_name":"\u00c9chappe Toi","article_publisher":"https:\/\/www.facebook.com\/echappetoi","article_modified_time":"2025-06-23T01:05:08+00:00","og_image":[{"width":250,"height":310,"url":"https:\/\/echappetoi.com\/wp-content\/uploads\/2018\/02\/Scenario-Blackout-Echappe-Toi-Montreal.jpg","type":"image\/jpeg"}],"twitter_card":"summary_large_image","twitter_site":"@echappet","twitter_misc":{"Est. reading time":"3 minutes"},"schema":{"@context":"https:\/\/schema.org","@graph":[{"@type":"WebPage","@id":"https:\/\/echappetoi.com\/en\/jeu-evasion-montreal\/jeu-evasion-tv-montreal\/","url":"https:\/\/echappetoi.com\/en\/jeu-evasion-montreal\/jeu-evasion-tv-montreal\/","name":"TV Studio Escape Room in Montreal - \u00c9chappe-toi","isPartOf":{"@id":"https:\/\/echappetoi.com\/#website"},"primaryImageOfPage":{"@id":"https:\/\/echappetoi.com\/en\/jeu-evasion-montreal\/jeu-evasion-tv-montreal\/#primaryimage"},"image":{"@id":"https:\/\/echappetoi.com\/en\/jeu-evasion-montreal\/jeu-evasion-tv-montreal\/#primaryimage"},"thumbnailUrl":"https:\/\/echappetoi.com\/wp-content\/uploads\/2018\/02\/Scenario-Blackout-Echappe-Toi-Montreal.jpg","datePublished":"2018-02-23T15:18:17+00:00","dateModified":"2025-06-23T01:05:08+00:00","description":"You have one hour at your disposal to fix a TV studio forced to shut down due to the death of a famous host, and make it run once more. Think hard and make the right decisions in this TV studio escape room in Montreal.","breadcrumb":{"@id":"https:\/\/echappetoi.com\/en\/jeu-evasion-montreal\/jeu-evasion-tv-montreal\/#breadcrumb"},"inLanguage":"en-US","potentialAction":[{"@type":"ReadAction","target":["https:\/\/echappetoi.com\/en\/jeu-evasion-montreal\/jeu-evasion-tv-montreal\/"]}]},{"@type":"ImageObject","inLanguage":"en-US","@id":"https:\/\/echappetoi.com\/en\/jeu-evasion-montreal\/jeu-evasion-tv-montreal\/#primaryimage","url":"https:\/\/echappetoi.com\/wp-content\/uploads\/2018\/02\/Scenario-Blackout-Echappe-Toi-Montreal.jpg","contentUrl":"https:\/\/echappetoi.com\/wp-content\/uploads\/2018\/02\/Scenario-Blackout-Echappe-Toi-Montreal.jpg","width":250,"height":310,"caption":"Sc\u00e9nario Blackout - \u00c9chappe Toi"},{"@type":"BreadcrumbList","@id":"https:\/\/echappetoi.com\/en\/jeu-evasion-montreal\/jeu-evasion-tv-montreal\/#breadcrumb","itemListElement":[{"@type":"ListItem","position":1,"name":"Accueil","item":"https:\/\/echappetoi.com\/en\/"},{"@type":"ListItem","position":2,"name":"Scenarios","item":"https:\/\/echappetoi.com\/en\/jeu-evasion-montreal\/"},{"@type":"ListItem","position":3,"name":"Champlain TV &#8211; Blackout"}]},{"@type":"WebSite","@id":"https:\/\/echappetoi.com\/#website","url":"https:\/\/echappetoi.com\/","name":"\u00c9chappe Toi","description":"Montr\u00e9al Escape Games","publisher":{"@id":"https:\/\/echappetoi.com\/#organization"},"potentialAction":[{"@type":"SearchAction","target":{"@type":"EntryPoint","urlTemplate":"https:\/\/echappetoi.com\/?s={search_term_string}"},"query-input":{"@type":"PropertyValueSpecification","valueRequired":true,"valueName":"search_term_string"}}],"inLanguage":"en-US"},{"@type":"Organization","@id":"https:\/\/echappetoi.com\/#organization","name":"\u00c9chappe-Toi","url":"https:\/\/echappetoi.com\/","logo":{"@type":"ImageObject","inLanguage":"en-US","@id":"https:\/\/echappetoi.com\/#\/schema\/logo\/image\/","url":"https:\/\/echappetoi.com\/wp-content\/uploads\/2018\/02\/Logo-Echappe-Toi-Aventure-Immersive-big-with-baseline.png","contentUrl":"https:\/\/echappetoi.com\/wp-content\/uploads\/2018\/02\/Logo-Echappe-Toi-Aventure-Immersive-big-with-baseline.png","width":"400","height":"234","caption":"\u00c9chappe-Toi"},"image":{"@id":"https:\/\/echappetoi.com\/#\/schema\/logo\/image\/"},"sameAs":["https:\/\/www.facebook.com\/echappetoi","https:\/\/x.com\/echappet","https:\/\/www.linkedin.com\/company\/echappe-toi"]}]}},"_links":{"self":[{"href":"https:\/\/echappetoi.com\/en\/wp-json\/wp\/v2\/pages\/2835","targetHints":{"allow":["GET"]}}],"collection":[{"href":"https:\/\/echappetoi.com\/en\/wp-json\/wp\/v2\/pages"}],"about":[{"href":"https:\/\/echappetoi.com\/en\/wp-json\/wp\/v2\/types\/page"}],"author":[{"embeddable":true,"href":"https:\/\/echappetoi.com\/en\/wp-json\/wp\/v2\/users\/5"}],"replies":[{"embeddable":true,"href":"https:\/\/echappetoi.com\/en\/wp-json\/wp\/v2\/comments?post=2835"}],"version-history":[{"count":0,"href":"https:\/\/echappetoi.com\/en\/wp-json\/wp\/v2\/pages\/2835\/revisions"}],"up":[{"embeddable":true,"href":"https:\/\/echappetoi.com\/en\/wp-json\/wp\/v2\/pages\/2849"}],"wp:featuredmedia":[{"embeddable":true,"href":"https:\/\/echappetoi.com\/en\/wp-json\/wp\/v2\/media\/865"}],"wp:attachment":[{"href":"https:\/\/echappetoi.com\/en\/wp-json\/wp\/v2\/media?parent=2835"}],"curies":[{"name":"wp","href":"https:\/\/api.w.org\/{rel}","templated":true}]}}