{"id":2828,"date":"2018-02-23T09:54:14","date_gmt":"2018-02-23T14:54:14","guid":{"rendered":"https:\/\/echappetoi.com\/jeu-evasion-hockey-montreal\/"},"modified":"2025-06-22T21:07:47","modified_gmt":"2025-06-23T01:07:47","slug":"jeu-evasion-hockey-montreal","status":"publish","type":"page","link":"https:\/\/echappetoi.com\/en\/jeu-evasion-montreal\/jeu-evasion-hockey-montreal\/","title":{"rendered":"The Locker Room &#8211; Power Play"},"content":{"rendered":"<div id=\"pl-2828\"  class=\"panel-layout\" ><div id=\"pg-2828-0\"  class=\"panel-grid panel-no-style\" ><div id=\"pgc-2828-0-0\"  class=\"panel-grid-cell\" ><div id=\"panel-2828-0-0-0\" class=\"so-panel widget widget_sow-image panel-first-child panel-last-child\" data-index=\"0\" ><div\n\t\t\t\n\t\t\tclass=\"so-widget-sow-image so-widget-sow-image-default-c67d20f9f743-2828\"\n\t\t\t\n\t\t>\n<div class=\"sow-image-container\">\n\t\t<img fetchpriority=\"high\" \n\tsrc=\"https:\/\/echappetoi.com\/wp-content\/uploads\/2018\/06\/Header-Scenario-Chambre-Joueurs-Powerplay-Echappe-Toi-EN.jpg\" width=\"1000\" height=\"372\" srcset=\"https:\/\/echappetoi.com\/wp-content\/uploads\/2018\/06\/Header-Scenario-Chambre-Joueurs-Powerplay-Echappe-Toi-EN.jpg 1000w, https:\/\/echappetoi.com\/wp-content\/uploads\/2018\/06\/Header-Scenario-Chambre-Joueurs-Powerplay-Echappe-Toi-EN-300x112.jpg 300w, https:\/\/echappetoi.com\/wp-content\/uploads\/2018\/06\/Header-Scenario-Chambre-Joueurs-Powerplay-Echappe-Toi-EN-768x286.jpg 768w\" sizes=\"(max-width: 1000px) 100vw, 1000px\" alt=\"The Locker Room Powerplay - Echappe-Toi Montr\u00e9al\" \t\tclass=\"so-widget-image\"\/>\n\t<\/div>\n\n<\/div><\/div><\/div><\/div><div id=\"pg-2828-1\"  class=\"panel-grid panel-has-style\" ><div class=\"details panel-row-style panel-row-style-for-2828-1\" ><div id=\"pgc-2828-1-0\"  class=\"panel-grid-cell\" ><div id=\"panel-2828-1-0-0\" class=\"so-panel widget widget_pw_icon_box widget-icon-box panel-first-child panel-last-child\" data-index=\"1\" >\n\n\t\t<div class=\"icon-box\">\n\n\t\t<i class=\"fa  fa-users\"><\/i>\n\t\t<h4 class=\"icon-box__title\">Players<\/h4>\n\t\t<span class=\"icon-box__subtitle\">2\/6 people<\/span>\n\n\t\t<\/div>\n\n<\/div><\/div><div id=\"pgc-2828-1-1\"  class=\"panel-grid-cell\" ><div id=\"panel-2828-1-1-0\" class=\"so-panel widget widget_pw_icon_box widget-icon-box panel-first-child panel-last-child\" data-index=\"2\" >\n\n\t\t<div class=\"icon-box\">\n\n\t\t<i class=\"fa  fa-clock-o\"><\/i>\n\t\t<h4 class=\"icon-box__title\">Duration<\/h4>\n\t\t<span class=\"icon-box__subtitle\">60 minutes<\/span>\n\n\t\t<\/div>\n\n<\/div><\/div><div id=\"pgc-2828-1-2\"  class=\"panel-grid-cell\" ><div id=\"panel-2828-1-2-0\" class=\"so-panel widget widget_pw_icon_box widget-icon-box panel-first-child panel-last-child\" data-index=\"3\" >\n\n\t\t<div class=\"icon-box\">\n\n\t\t<i class=\"fa  fa-money\"><\/i>\n\t\t<h4 class=\"icon-box__title\">Adult Price<\/h4>\n\t\t<span class=\"icon-box__subtitle\">$33\/pers. + tx<\/span>\n\n\t\t<\/div>\n\n<\/div><\/div><div id=\"pgc-2828-1-3\"  class=\"panel-grid-cell\" ><div id=\"panel-2828-1-3-0\" class=\"so-panel widget widget_pw_icon_box widget-icon-box panel-first-child panel-last-child\" data-index=\"4\" >\n\n\t\t<div class=\"icon-box\">\n\n\t\t<i class=\"fa  fa-graduation-cap\"><\/i>\n\t\t<h4 class=\"icon-box__title\">Student Price<\/h4>\n\t\t<span class=\"icon-box__subtitle\">$27\/pers. + tx<\/span>\n\n\t\t<\/div>\n\n<\/div><\/div><\/div><\/div><div id=\"pg-2828-2\"  class=\"panel-grid panel-no-style\" ><div id=\"pgc-2828-2-0\"  class=\"panel-grid-cell\" ><div id=\"panel-2828-2-0-0\" class=\"so-panel widget widget_black-studio-tinymce widget_black_studio_tinymce panel-first-child panel-last-child\" data-index=\"5\" ><div class=\"textwidget\"><h1>Escape from a hockey locker room !<\/h1>\n<p>Completely remodelled in 2015, the escape game \u201cChambre des Joueurs - Power Play\u201d will send you into the world of the Gro\u2019ver Boys. This team from a garage league found itself locked inside their own locker room. They must resolve a series of riddles and enigmas in order to be able to escape before the hour is up.<\/p>\n<h2>An escape game in Montreal in 1956<\/h2>\n<p>Last year, during the final, the Gro\u2019ver boys found themselves trapped in their locker room by a supporter of the opposite team. In order to claim the record, they must win the Tremblay cup for the second year in a row. However, during the game, Jean Richard, the star forward of the team, is thrown out for high-sticking with only 5 minutes remaining in the game. The Gro\u2019ver boys find themselves at a disadvantage and soon start to trail in the game with a score of 3-1 during the last period. Everything has gone wrong.<br \/>\nThen suddenly, the clock of the arena started falling apart on the ice. The opportunity and time came to a stop! Roars were heard all around the arena\u2026 the fans are furious! The Gro\u2019ver boys are rushed into their locker room before the fans start a riot.<br \/>\nIn their locker room, the minutes seem endless as they go by. However, due to the broken clock, the Gro\u2019ver boys are lucky enough to have an hour to rearrange their strategy. Defeat is not an option!<\/p>\n<h2>Your Mission during the hockey game<\/h2>\n<p>Come for the thrill of being locked in La Chambre des Joueurs: Power Play. Here is an adventure where you will have to solve riddles and discover hidden mechanisms. You will also have to find the missing pieces of the puzzle in order to find the exit of this room. You will have 60 minutes to escape and not one more.<br \/>\nThis will not easily be done. Do you have what it takes to succeed in La Chambre des Joueurs: Power Play? Will you manage to escape from the locker room?<\/p>\n<h2>For who is the game destined?<\/h2>\n<p>This game is ideally for a team of 6 adults in order to be able to escape within 60 minutes.<\/p>\n<h2>Additional information<\/h2>\n<p>Info on <a href=\"http:\/\/notrehistoire.canadiens.com\/player\/Jean-Claude-Tremblay\" target=\"_blank\" rel=\"noopener\">Jean-claude Tremblay<\/a> and <a href=\"http:\/\/ici.radio-canada.ca\/nouvelle\/740924\/ligue-de-garage-joueur-gardien-ville-de-quebec-region\" target=\"_blank\" rel=\"noopener\">hockey in Montreal.<\/a><\/p>\n<p><span style=\"font-weight: 400;\">If you have any questions about our escape games in Montreal, you can check our <\/span><a href=\"\/en\/faq\/\">FAQS<\/a><\/p>\n<p><span style=\"font-weight: 400;\">You can also find our other escape games here<\/span>:\u00a0<a href=\"\/en\/jeu-evasion-montreal\/\">ALL SCENARIOS<\/a><\/p>\n<\/div><\/div><\/div><\/div><div id=\"pg-2828-3\"  class=\"panel-grid panel-no-style\" ><div id=\"pgc-2828-3-0\"  class=\"panel-grid-cell\" ><div id=\"panel-2828-3-0-0\" class=\"so-panel widget widget_sow-editor panel-first-child panel-last-child\" data-index=\"6\" ><div\n\t\t\t\n\t\t\tclass=\"so-widget-sow-editor so-widget-sow-editor-base\"\n\t\t\t\n\t\t>\n<div class=\"siteorigin-widget-tinymce textwidget\">\n\t<div id=\"forescape\" data-subdomain=\"echappetoi-montreal\" data-type=\"bookings\" data-rooms=\"5d6e65e861b8ea1e9f4b0858\"><\/div>\n<p><script defer src=\"https:\/\/echappetoi-montreal.4escape.io\/public\/js\/iframe.min.js\"><\/script><\/p>\n<\/div>\n<\/div><\/div><\/div><\/div><\/div>","protected":false},"excerpt":{"rendered":"<p>Vous allez devoir r\u00e9soudre des \u00e9nigmes, d\u00e9couvrir des m\u00e9canismes cach\u00e9s et rassembler les pi\u00e8ces des casse-t\u00eates pour trouver la sortie !<\/p>\n","protected":false},"author":5,"featured_media":3042,"parent":2849,"menu_order":0,"comment_status":"closed","ping_status":"closed","template":"","meta":{"_acf_changed":false,"footnotes":""},"class_list":["post-2828","page","type-page","status-publish","has-post-thumbnail","hentry"],"acf":[],"yoast_head":"<!-- This site is optimized with the Yoast SEO plugin v27.6 - https:\/\/yoast.com\/product\/yoast-seo-wordpress\/ -->\n<title>Hockey Escape Room in Montreal: Get Out of the Locker Room - \u00c9chappe-toi<\/title>\n<meta name=\"description\" content=\"You have one hour, and not a second more, to solve the numerous puzzles and brain-teasers to escape \u201cChambre des Joueurs - Power Play\u201d. This Hockey themed escape game here in Montreal asks for strong reflection and communication to escape the locker room!\" \/>\n<meta name=\"robots\" content=\"index, follow, max-snippet:-1, max-image-preview:large, max-video-preview:-1\" \/>\n<link rel=\"canonical\" href=\"https:\/\/echappetoi.com\/en\/jeu-evasion-montreal\/jeu-evasion-hockey-montreal\/\" \/>\n<meta property=\"og:locale\" content=\"en_US\" \/>\n<meta property=\"og:type\" content=\"article\" \/>\n<meta property=\"og:title\" content=\"Hockey Escape Room in Montreal: Get Out of the Locker Room - \u00c9chappe-toi\" \/>\n<meta property=\"og:description\" content=\"You have one hour, and not a second more, to solve the numerous puzzles and brain-teasers to escape \u201cChambre des Joueurs - Power Play\u201d. This Hockey themed escape game here in Montreal asks for strong reflection and communication to escape the locker room!\" \/>\n<meta property=\"og:url\" content=\"https:\/\/echappetoi.com\/en\/jeu-evasion-montreal\/jeu-evasion-hockey-montreal\/\" \/>\n<meta property=\"og:site_name\" content=\"\u00c9chappe Toi\" \/>\n<meta property=\"article:publisher\" content=\"https:\/\/www.facebook.com\/echappetoi\" \/>\n<meta property=\"article:modified_time\" content=\"2025-06-23T01:07:47+00:00\" \/>\n<meta property=\"og:image\" content=\"https:\/\/echappetoi.com\/wp-content\/uploads\/2018\/06\/Scenario-La-Chambre-Des-Joueurs-Echappe-Toi-Montreal-EN.jpg\" \/>\n\t<meta property=\"og:image:width\" content=\"250\" \/>\n\t<meta property=\"og:image:height\" content=\"310\" \/>\n\t<meta property=\"og:image:type\" content=\"image\/jpeg\" \/>\n<meta name=\"twitter:card\" content=\"summary_large_image\" \/>\n<meta name=\"twitter:site\" content=\"@echappet\" \/>\n<meta name=\"twitter:label1\" content=\"Est. reading time\" \/>\n\t<meta name=\"twitter:data1\" content=\"3 minutes\" \/>\n<script type=\"application\/ld+json\" class=\"yoast-schema-graph\">{\"@context\":\"https:\\\/\\\/schema.org\",\"@graph\":[{\"@type\":\"WebPage\",\"@id\":\"https:\\\/\\\/echappetoi.com\\\/en\\\/jeu-evasion-montreal\\\/jeu-evasion-hockey-montreal\\\/\",\"url\":\"https:\\\/\\\/echappetoi.com\\\/en\\\/jeu-evasion-montreal\\\/jeu-evasion-hockey-montreal\\\/\",\"name\":\"Hockey Escape Room in Montreal: Get Out of the Locker Room - \u00c9chappe-toi\",\"isPartOf\":{\"@id\":\"https:\\\/\\\/echappetoi.com\\\/#website\"},\"primaryImageOfPage\":{\"@id\":\"https:\\\/\\\/echappetoi.com\\\/en\\\/jeu-evasion-montreal\\\/jeu-evasion-hockey-montreal\\\/#primaryimage\"},\"image\":{\"@id\":\"https:\\\/\\\/echappetoi.com\\\/en\\\/jeu-evasion-montreal\\\/jeu-evasion-hockey-montreal\\\/#primaryimage\"},\"thumbnailUrl\":\"https:\\\/\\\/echappetoi.com\\\/wp-content\\\/uploads\\\/2018\\\/06\\\/Scenario-La-Chambre-Des-Joueurs-Echappe-Toi-Montreal-EN.jpg\",\"datePublished\":\"2018-02-23T14:54:14+00:00\",\"dateModified\":\"2025-06-23T01:07:47+00:00\",\"description\":\"You have one hour, and not a second more, to solve the numerous puzzles and brain-teasers to escape \u201cChambre des Joueurs - Power Play\u201d. This Hockey themed escape game here in Montreal asks for strong reflection and communication to escape the locker room!\",\"breadcrumb\":{\"@id\":\"https:\\\/\\\/echappetoi.com\\\/en\\\/jeu-evasion-montreal\\\/jeu-evasion-hockey-montreal\\\/#breadcrumb\"},\"inLanguage\":\"en-US\",\"potentialAction\":[{\"@type\":\"ReadAction\",\"target\":[\"https:\\\/\\\/echappetoi.com\\\/en\\\/jeu-evasion-montreal\\\/jeu-evasion-hockey-montreal\\\/\"]}]},{\"@type\":\"ImageObject\",\"inLanguage\":\"en-US\",\"@id\":\"https:\\\/\\\/echappetoi.com\\\/en\\\/jeu-evasion-montreal\\\/jeu-evasion-hockey-montreal\\\/#primaryimage\",\"url\":\"https:\\\/\\\/echappetoi.com\\\/wp-content\\\/uploads\\\/2018\\\/06\\\/Scenario-La-Chambre-Des-Joueurs-Echappe-Toi-Montreal-EN.jpg\",\"contentUrl\":\"https:\\\/\\\/echappetoi.com\\\/wp-content\\\/uploads\\\/2018\\\/06\\\/Scenario-La-Chambre-Des-Joueurs-Echappe-Toi-Montreal-EN.jpg\",\"width\":250,\"height\":310,\"caption\":\"Locker Room Powerplay - Echappe-Toi Montr\u00e9al\"},{\"@type\":\"BreadcrumbList\",\"@id\":\"https:\\\/\\\/echappetoi.com\\\/en\\\/jeu-evasion-montreal\\\/jeu-evasion-hockey-montreal\\\/#breadcrumb\",\"itemListElement\":[{\"@type\":\"ListItem\",\"position\":1,\"name\":\"Accueil\",\"item\":\"https:\\\/\\\/echappetoi.com\\\/en\\\/\"},{\"@type\":\"ListItem\",\"position\":2,\"name\":\"Scenarios\",\"item\":\"https:\\\/\\\/echappetoi.com\\\/en\\\/jeu-evasion-montreal\\\/\"},{\"@type\":\"ListItem\",\"position\":3,\"name\":\"The Locker Room &#8211; Power Play\"}]},{\"@type\":\"WebSite\",\"@id\":\"https:\\\/\\\/echappetoi.com\\\/#website\",\"url\":\"https:\\\/\\\/echappetoi.com\\\/\",\"name\":\"\u00c9chappe Toi\",\"description\":\"Montr\u00e9al Escape Games\",\"publisher\":{\"@id\":\"https:\\\/\\\/echappetoi.com\\\/#organization\"},\"potentialAction\":[{\"@type\":\"SearchAction\",\"target\":{\"@type\":\"EntryPoint\",\"urlTemplate\":\"https:\\\/\\\/echappetoi.com\\\/?s={search_term_string}\"},\"query-input\":{\"@type\":\"PropertyValueSpecification\",\"valueRequired\":true,\"valueName\":\"search_term_string\"}}],\"inLanguage\":\"en-US\"},{\"@type\":\"Organization\",\"@id\":\"https:\\\/\\\/echappetoi.com\\\/#organization\",\"name\":\"\u00c9chappe-Toi\",\"url\":\"https:\\\/\\\/echappetoi.com\\\/\",\"logo\":{\"@type\":\"ImageObject\",\"inLanguage\":\"en-US\",\"@id\":\"https:\\\/\\\/echappetoi.com\\\/#\\\/schema\\\/logo\\\/image\\\/\",\"url\":\"https:\\\/\\\/echappetoi.com\\\/wp-content\\\/uploads\\\/2018\\\/02\\\/Logo-Echappe-Toi-Aventure-Immersive-big-with-baseline.png\",\"contentUrl\":\"https:\\\/\\\/echappetoi.com\\\/wp-content\\\/uploads\\\/2018\\\/02\\\/Logo-Echappe-Toi-Aventure-Immersive-big-with-baseline.png\",\"width\":\"400\",\"height\":\"234\",\"caption\":\"\u00c9chappe-Toi\"},\"image\":{\"@id\":\"https:\\\/\\\/echappetoi.com\\\/#\\\/schema\\\/logo\\\/image\\\/\"},\"sameAs\":[\"https:\\\/\\\/www.facebook.com\\\/echappetoi\",\"https:\\\/\\\/x.com\\\/echappet\",\"https:\\\/\\\/www.linkedin.com\\\/company\\\/echappe-toi\"]}]}<\/script>\n<!-- \/ Yoast SEO plugin. -->","yoast_head_json":{"title":"Hockey Escape Room in Montreal: Get Out of the Locker Room - \u00c9chappe-toi","description":"You have one hour, and not a second more, to solve the numerous puzzles and brain-teasers to escape \u201cChambre des Joueurs - Power Play\u201d. This Hockey themed escape game here in Montreal asks for strong reflection and communication to escape the locker room!","robots":{"index":"index","follow":"follow","max-snippet":"max-snippet:-1","max-image-preview":"max-image-preview:large","max-video-preview":"max-video-preview:-1"},"canonical":"https:\/\/echappetoi.com\/en\/jeu-evasion-montreal\/jeu-evasion-hockey-montreal\/","og_locale":"en_US","og_type":"article","og_title":"Hockey Escape Room in Montreal: Get Out of the Locker Room - \u00c9chappe-toi","og_description":"You have one hour, and not a second more, to solve the numerous puzzles and brain-teasers to escape \u201cChambre des Joueurs - Power Play\u201d. This Hockey themed escape game here in Montreal asks for strong reflection and communication to escape the locker room!","og_url":"https:\/\/echappetoi.com\/en\/jeu-evasion-montreal\/jeu-evasion-hockey-montreal\/","og_site_name":"\u00c9chappe Toi","article_publisher":"https:\/\/www.facebook.com\/echappetoi","article_modified_time":"2025-06-23T01:07:47+00:00","og_image":[{"width":250,"height":310,"url":"https:\/\/echappetoi.com\/wp-content\/uploads\/2018\/06\/Scenario-La-Chambre-Des-Joueurs-Echappe-Toi-Montreal-EN.jpg","type":"image\/jpeg"}],"twitter_card":"summary_large_image","twitter_site":"@echappet","twitter_misc":{"Est. reading time":"3 minutes"},"schema":{"@context":"https:\/\/schema.org","@graph":[{"@type":"WebPage","@id":"https:\/\/echappetoi.com\/en\/jeu-evasion-montreal\/jeu-evasion-hockey-montreal\/","url":"https:\/\/echappetoi.com\/en\/jeu-evasion-montreal\/jeu-evasion-hockey-montreal\/","name":"Hockey Escape Room in Montreal: Get Out of the Locker Room - \u00c9chappe-toi","isPartOf":{"@id":"https:\/\/echappetoi.com\/#website"},"primaryImageOfPage":{"@id":"https:\/\/echappetoi.com\/en\/jeu-evasion-montreal\/jeu-evasion-hockey-montreal\/#primaryimage"},"image":{"@id":"https:\/\/echappetoi.com\/en\/jeu-evasion-montreal\/jeu-evasion-hockey-montreal\/#primaryimage"},"thumbnailUrl":"https:\/\/echappetoi.com\/wp-content\/uploads\/2018\/06\/Scenario-La-Chambre-Des-Joueurs-Echappe-Toi-Montreal-EN.jpg","datePublished":"2018-02-23T14:54:14+00:00","dateModified":"2025-06-23T01:07:47+00:00","description":"You have one hour, and not a second more, to solve the numerous puzzles and brain-teasers to escape \u201cChambre des Joueurs - Power Play\u201d. This Hockey themed escape game here in Montreal asks for strong reflection and communication to escape the locker room!","breadcrumb":{"@id":"https:\/\/echappetoi.com\/en\/jeu-evasion-montreal\/jeu-evasion-hockey-montreal\/#breadcrumb"},"inLanguage":"en-US","potentialAction":[{"@type":"ReadAction","target":["https:\/\/echappetoi.com\/en\/jeu-evasion-montreal\/jeu-evasion-hockey-montreal\/"]}]},{"@type":"ImageObject","inLanguage":"en-US","@id":"https:\/\/echappetoi.com\/en\/jeu-evasion-montreal\/jeu-evasion-hockey-montreal\/#primaryimage","url":"https:\/\/echappetoi.com\/wp-content\/uploads\/2018\/06\/Scenario-La-Chambre-Des-Joueurs-Echappe-Toi-Montreal-EN.jpg","contentUrl":"https:\/\/echappetoi.com\/wp-content\/uploads\/2018\/06\/Scenario-La-Chambre-Des-Joueurs-Echappe-Toi-Montreal-EN.jpg","width":250,"height":310,"caption":"Locker Room Powerplay - Echappe-Toi Montr\u00e9al"},{"@type":"BreadcrumbList","@id":"https:\/\/echappetoi.com\/en\/jeu-evasion-montreal\/jeu-evasion-hockey-montreal\/#breadcrumb","itemListElement":[{"@type":"ListItem","position":1,"name":"Accueil","item":"https:\/\/echappetoi.com\/en\/"},{"@type":"ListItem","position":2,"name":"Scenarios","item":"https:\/\/echappetoi.com\/en\/jeu-evasion-montreal\/"},{"@type":"ListItem","position":3,"name":"The Locker Room &#8211; Power Play"}]},{"@type":"WebSite","@id":"https:\/\/echappetoi.com\/#website","url":"https:\/\/echappetoi.com\/","name":"\u00c9chappe Toi","description":"Montr\u00e9al Escape Games","publisher":{"@id":"https:\/\/echappetoi.com\/#organization"},"potentialAction":[{"@type":"SearchAction","target":{"@type":"EntryPoint","urlTemplate":"https:\/\/echappetoi.com\/?s={search_term_string}"},"query-input":{"@type":"PropertyValueSpecification","valueRequired":true,"valueName":"search_term_string"}}],"inLanguage":"en-US"},{"@type":"Organization","@id":"https:\/\/echappetoi.com\/#organization","name":"\u00c9chappe-Toi","url":"https:\/\/echappetoi.com\/","logo":{"@type":"ImageObject","inLanguage":"en-US","@id":"https:\/\/echappetoi.com\/#\/schema\/logo\/image\/","url":"https:\/\/echappetoi.com\/wp-content\/uploads\/2018\/02\/Logo-Echappe-Toi-Aventure-Immersive-big-with-baseline.png","contentUrl":"https:\/\/echappetoi.com\/wp-content\/uploads\/2018\/02\/Logo-Echappe-Toi-Aventure-Immersive-big-with-baseline.png","width":"400","height":"234","caption":"\u00c9chappe-Toi"},"image":{"@id":"https:\/\/echappetoi.com\/#\/schema\/logo\/image\/"},"sameAs":["https:\/\/www.facebook.com\/echappetoi","https:\/\/x.com\/echappet","https:\/\/www.linkedin.com\/company\/echappe-toi"]}]}},"_links":{"self":[{"href":"https:\/\/echappetoi.com\/en\/wp-json\/wp\/v2\/pages\/2828","targetHints":{"allow":["GET"]}}],"collection":[{"href":"https:\/\/echappetoi.com\/en\/wp-json\/wp\/v2\/pages"}],"about":[{"href":"https:\/\/echappetoi.com\/en\/wp-json\/wp\/v2\/types\/page"}],"author":[{"embeddable":true,"href":"https:\/\/echappetoi.com\/en\/wp-json\/wp\/v2\/users\/5"}],"replies":[{"embeddable":true,"href":"https:\/\/echappetoi.com\/en\/wp-json\/wp\/v2\/comments?post=2828"}],"version-history":[{"count":0,"href":"https:\/\/echappetoi.com\/en\/wp-json\/wp\/v2\/pages\/2828\/revisions"}],"up":[{"embeddable":true,"href":"https:\/\/echappetoi.com\/en\/wp-json\/wp\/v2\/pages\/2849"}],"wp:featuredmedia":[{"embeddable":true,"href":"https:\/\/echappetoi.com\/en\/wp-json\/wp\/v2\/media\/3042"}],"wp:attachment":[{"href":"https:\/\/echappetoi.com\/en\/wp-json\/wp\/v2\/media?parent=2828"}],"curies":[{"name":"wp","href":"https:\/\/api.w.org\/{rel}","templated":true}]}}