{"id":2821,"date":"2018-02-22T14:07:02","date_gmt":"2018-02-22T19:07:02","guid":{"rendered":"https:\/\/echappetoi.com\/jeu-evasion-bar-montreal\/"},"modified":"2025-06-22T20:58:52","modified_gmt":"2025-06-23T00:58:52","slug":"escape-game-diamonds-montreal","status":"publish","type":"page","link":"https:\/\/echappetoi.com\/en\/jeu-evasion-montreal\/escape-game-diamonds-montreal\/","title":{"rendered":"Prohibited Diamonds"},"content":{"rendered":"<div id=\"pl-2821\"  class=\"panel-layout\" ><div id=\"pg-2821-0\"  class=\"panel-grid panel-no-style\" ><div id=\"pgc-2821-0-0\"  class=\"panel-grid-cell\" ><div id=\"panel-2821-0-0-0\" class=\"so-panel widget widget_sow-image panel-first-child panel-last-child\" data-index=\"0\" ><div\n\t\t\t\n\t\t\tclass=\"so-widget-sow-image so-widget-sow-image-default-c67d20f9f743-2821\"\n\t\t\t\n\t\t>\n<div class=\"sow-image-container\">\n\t\t<img fetchpriority=\"high\" \n\tsrc=\"https:\/\/echappetoi.com\/wp-content\/uploads\/2020\/06\/EchappeToi_DiamantsDefendus_Header-Website-Anglais_848x315.jpg\" width=\"848\" height=\"315\" srcset=\"https:\/\/echappetoi.com\/wp-content\/uploads\/2020\/06\/EchappeToi_DiamantsDefendus_Header-Website-Anglais_848x315.jpg 848w, https:\/\/echappetoi.com\/wp-content\/uploads\/2020\/06\/EchappeToi_DiamantsDefendus_Header-Website-Anglais_848x315-300x111.jpg 300w, https:\/\/echappetoi.com\/wp-content\/uploads\/2020\/06\/EchappeToi_DiamantsDefendus_Header-Website-Anglais_848x315-768x285.jpg 768w\" sizes=\"(max-width: 848px) 100vw, 848px\" alt=\"\" \t\tclass=\"so-widget-image\"\/>\n\t<\/div>\n\n<\/div><\/div><\/div><\/div><div id=\"pg-2821-1\"  class=\"panel-grid panel-has-style\" ><div class=\"details panel-row-style panel-row-style-for-2821-1\" ><div id=\"pgc-2821-1-0\"  class=\"panel-grid-cell\" ><div id=\"panel-2821-1-0-0\" class=\"so-panel widget widget_pw_icon_box widget-icon-box panel-first-child panel-last-child\" data-index=\"1\" >\n\n\t\t<div class=\"icon-box\">\n\n\t\t<i class=\"fa  fa-users\"><\/i>\n\t\t<h4 class=\"icon-box__title\">Players<\/h4>\n\t\t<span class=\"icon-box__subtitle\">2\/6 people<\/span>\n\n\t\t<\/div>\n\n<\/div><\/div><div id=\"pgc-2821-1-1\"  class=\"panel-grid-cell\" ><div id=\"panel-2821-1-1-0\" class=\"so-panel widget widget_pw_icon_box widget-icon-box panel-first-child panel-last-child\" data-index=\"2\" >\n\n\t\t<div class=\"icon-box\">\n\n\t\t<i class=\"fa  fa-clock-o\"><\/i>\n\t\t<h4 class=\"icon-box__title\">Duration<\/h4>\n\t\t<span class=\"icon-box__subtitle\">60 minutes<\/span>\n\n\t\t<\/div>\n\n<\/div><\/div><div id=\"pgc-2821-1-2\"  class=\"panel-grid-cell\" ><div id=\"panel-2821-1-2-0\" class=\"so-panel widget widget_pw_icon_box widget-icon-box panel-first-child panel-last-child\" data-index=\"3\" >\n\n\t\t<div class=\"icon-box\">\n\n\t\t<i class=\"fa  fa-money\"><\/i>\n\t\t<h4 class=\"icon-box__title\">Adult Price<\/h4>\n\t\t<span class=\"icon-box__subtitle\">$33\/pers. + tx<\/span>\n\n\t\t<\/div>\n\n<\/div><\/div><div id=\"pgc-2821-1-3\"  class=\"panel-grid-cell\" ><div id=\"panel-2821-1-3-0\" class=\"so-panel widget widget_pw_icon_box widget-icon-box panel-first-child panel-last-child\" data-index=\"4\" >\n\n\t\t<div class=\"icon-box\">\n\n\t\t<i class=\"fa  fa-graduation-cap\"><\/i>\n\t\t<h4 class=\"icon-box__title\">Student Price<\/h4>\n\t\t<span class=\"icon-box__subtitle\">$27\/pers. + tx<\/span>\n\n\t\t<\/div>\n\n<\/div><\/div><\/div><\/div><div id=\"pg-2821-2\"  class=\"panel-grid panel-no-style\" ><div id=\"pgc-2821-2-0\"  class=\"panel-grid-cell\" ><div id=\"panel-2821-2-0-0\" class=\"so-panel widget widget_black-studio-tinymce widget_black_studio_tinymce panel-first-child panel-last-child\" data-index=\"5\" ><div class=\"textwidget\"><h1>Escape from this den of organized crime!<\/h1>\n<p>This escape game takes you to a bar that serves as a hub for diamond trafficking. This place is actually a veritable den of organized crime.\u00a0You will have to work effectively to prove this traffic and to arrest those responsible.<\/p>\n<h2>An escape game in a clandestine game room<\/h2>\n<p>For several years now, the police have been investigating the existence of an illegal diamond cartel based somewhere in Laval.<\/p>\n<p>After arresting a number of people with diamonds considered illegal when they were sold on the black market, the police noted that all these individuals had something in common: they had all been seen several times in the same bar in downtown Laval.<\/p>\n<p>The police then discovered that this bar was home to an illegal gambling hall. This room seems to be linked to organized crime. In fact, its members are the ones who frequent this bar often.<\/p>\n<p>This place is therefore the meeting place for these people, not only to play, but also to negotiate illegal diamond transactions in private.<\/p>\n<h2>What is your mission?<\/h2>\n<p>Make a surprise visit to the bar shortly before it opens: find evidence to incriminate the people responsible for this traffic. Will you be able to unravel the mysteries of this place, which is both a clandestine gambling hall and a gambling den, but also a hideout for bootleggers? Will you be able to escape with the information?<\/p>\n<h2>Who is this escape game for?<\/h2>\n<p>This game is for everyone, from 8 years old. From 2 to 6 players. An adult is required if any of the players are under 15 years old.<\/p>\n<h2>More info?<\/h2>\n<p>Find more info about <a href=\"https:\/\/www.journaldemontreal.com\/2013\/10\/01\/le-trafic-des-diamants-sales\" target=\"_blank\" rel=\"noopener\">diamond trafficking<\/a><\/p>\n<p>This scenario was until March 2020 proposed at \u00c9chappe-toi Laval but the Laval centre closed permanently in May 2020.<\/p>\n<p><span style=\"font-weight: 400;\">If you have any questions on our escape games in Montreal, you can check our\u00a0<\/span><a href=\"\/en\/faq\/\">FAQS<\/a><\/p>\n<p><span style=\"font-weight: 400;\">You can also find our other escape games here:<\/span><a href=\"\/en\/jeu-evasion-montreal\/\">\u00a0ALL SCENARIOS<\/a><\/p>\n<\/div><\/div><\/div><\/div><div id=\"pg-2821-3\"  class=\"panel-grid panel-no-style\" ><div id=\"pgc-2821-3-0\"  class=\"panel-grid-cell\" ><div id=\"panel-2821-3-0-0\" class=\"so-panel widget widget_sow-editor panel-first-child panel-last-child\" data-index=\"6\" ><div\n\t\t\t\n\t\t\tclass=\"so-widget-sow-editor so-widget-sow-editor-base\"\n\t\t\t\n\t\t>\n<div class=\"siteorigin-widget-tinymce textwidget\">\n\t<div id=\"forescape\" data-subdomain=\"echappetoi-montreal\" data-type=\"bookings\" data-rooms=\"5d6e64cc61b8ea1e9f4b083c\"><\/div>\n<p><script defer src=\"https:\/\/echappetoi-montreal.4escape.io\/public\/js\/iframe.min.js\"><\/script><\/p>\n<\/div>\n<\/div><\/div><\/div><\/div><\/div>","protected":false},"excerpt":{"rendered":"<p>Vous \u00eates dans un bar aux activit\u00e9s prohib\u00e9es et vous avez 1 heure pour \u00e9chapper \u00e0 la police, sauver le bar et votre soir\u00e9e !<\/p>\n","protected":false},"author":5,"featured_media":4964,"parent":2849,"menu_order":0,"comment_status":"closed","ping_status":"closed","template":"","meta":{"_acf_changed":false,"footnotes":""},"class_list":["post-2821","page","type-page","status-publish","has-post-thumbnail","hentry"],"acf":[],"yoast_head":"<!-- This site is optimized with the Yoast SEO plugin v27.3 - https:\/\/yoast.com\/product\/yoast-seo-wordpress\/ -->\n<title>Bar Escape Room in Montreal: Get out of the Escape Room - \u00c9chappe-toi<\/title>\n<meta name=\"description\" content=\"Will you be able to unravel the mysteries of this place, which is both a clandestine gambling hall and a gambling den, but also a hideout for bootleggers?\" \/>\n<meta name=\"robots\" content=\"index, follow, max-snippet:-1, max-image-preview:large, max-video-preview:-1\" \/>\n<link rel=\"canonical\" href=\"https:\/\/echappetoi.com\/en\/jeu-evasion-montreal\/escape-game-diamonds-montreal\/\" \/>\n<meta property=\"og:locale\" content=\"en_US\" \/>\n<meta property=\"og:type\" content=\"article\" \/>\n<meta property=\"og:title\" content=\"Bar Escape Room in Montreal: Get out of the Escape Room - \u00c9chappe-toi\" \/>\n<meta property=\"og:description\" content=\"Will you be able to unravel the mysteries of this place, which is both a clandestine gambling hall and a gambling den, but also a hideout for bootleggers?\" \/>\n<meta property=\"og:url\" content=\"https:\/\/echappetoi.com\/en\/jeu-evasion-montreal\/escape-game-diamonds-montreal\/\" \/>\n<meta property=\"og:site_name\" content=\"\u00c9chappe Toi\" \/>\n<meta property=\"article:publisher\" content=\"https:\/\/www.facebook.com\/echappetoi\" \/>\n<meta property=\"article:modified_time\" content=\"2025-06-23T00:58:52+00:00\" \/>\n<meta property=\"og:image\" content=\"https:\/\/echappetoi.com\/wp-content\/uploads\/2020\/06\/EchappeToi_DiamantsDefendus_Teaser-website-anglais_250x315-e1554143422138.jpg\" \/>\n\t<meta property=\"og:image:width\" content=\"250\" \/>\n\t<meta property=\"og:image:height\" content=\"310\" \/>\n\t<meta property=\"og:image:type\" content=\"image\/jpeg\" \/>\n<meta name=\"twitter:card\" content=\"summary_large_image\" \/>\n<meta name=\"twitter:site\" content=\"@echappet\" \/>\n<meta name=\"twitter:label1\" content=\"Est. reading time\" \/>\n\t<meta name=\"twitter:data1\" content=\"3 minutes\" \/>\n<script type=\"application\/ld+json\" class=\"yoast-schema-graph\">{\"@context\":\"https:\\\/\\\/schema.org\",\"@graph\":[{\"@type\":\"WebPage\",\"@id\":\"https:\\\/\\\/echappetoi.com\\\/en\\\/jeu-evasion-montreal\\\/escape-game-diamonds-montreal\\\/\",\"url\":\"https:\\\/\\\/echappetoi.com\\\/en\\\/jeu-evasion-montreal\\\/escape-game-diamonds-montreal\\\/\",\"name\":\"Bar Escape Room in Montreal: Get out of the Escape Room - \u00c9chappe-toi\",\"isPartOf\":{\"@id\":\"https:\\\/\\\/echappetoi.com\\\/#website\"},\"primaryImageOfPage\":{\"@id\":\"https:\\\/\\\/echappetoi.com\\\/en\\\/jeu-evasion-montreal\\\/escape-game-diamonds-montreal\\\/#primaryimage\"},\"image\":{\"@id\":\"https:\\\/\\\/echappetoi.com\\\/en\\\/jeu-evasion-montreal\\\/escape-game-diamonds-montreal\\\/#primaryimage\"},\"thumbnailUrl\":\"https:\\\/\\\/echappetoi.com\\\/wp-content\\\/uploads\\\/2020\\\/06\\\/EchappeToi_DiamantsDefendus_Teaser-website-anglais_250x315-e1554143422138.jpg\",\"datePublished\":\"2018-02-22T19:07:02+00:00\",\"dateModified\":\"2025-06-23T00:58:52+00:00\",\"description\":\"Will you be able to unravel the mysteries of this place, which is both a clandestine gambling hall and a gambling den, but also a hideout for bootleggers?\",\"breadcrumb\":{\"@id\":\"https:\\\/\\\/echappetoi.com\\\/en\\\/jeu-evasion-montreal\\\/escape-game-diamonds-montreal\\\/#breadcrumb\"},\"inLanguage\":\"en-US\",\"potentialAction\":[{\"@type\":\"ReadAction\",\"target\":[\"https:\\\/\\\/echappetoi.com\\\/en\\\/jeu-evasion-montreal\\\/escape-game-diamonds-montreal\\\/\"]}]},{\"@type\":\"ImageObject\",\"inLanguage\":\"en-US\",\"@id\":\"https:\\\/\\\/echappetoi.com\\\/en\\\/jeu-evasion-montreal\\\/escape-game-diamonds-montreal\\\/#primaryimage\",\"url\":\"https:\\\/\\\/echappetoi.com\\\/wp-content\\\/uploads\\\/2020\\\/06\\\/EchappeToi_DiamantsDefendus_Teaser-website-anglais_250x315-e1554143422138.jpg\",\"contentUrl\":\"https:\\\/\\\/echappetoi.com\\\/wp-content\\\/uploads\\\/2020\\\/06\\\/EchappeToi_DiamantsDefendus_Teaser-website-anglais_250x315-e1554143422138.jpg\",\"width\":250,\"height\":310},{\"@type\":\"BreadcrumbList\",\"@id\":\"https:\\\/\\\/echappetoi.com\\\/en\\\/jeu-evasion-montreal\\\/escape-game-diamonds-montreal\\\/#breadcrumb\",\"itemListElement\":[{\"@type\":\"ListItem\",\"position\":1,\"name\":\"Accueil\",\"item\":\"https:\\\/\\\/echappetoi.com\\\/en\\\/\"},{\"@type\":\"ListItem\",\"position\":2,\"name\":\"Scenarios\",\"item\":\"https:\\\/\\\/echappetoi.com\\\/en\\\/jeu-evasion-montreal\\\/\"},{\"@type\":\"ListItem\",\"position\":3,\"name\":\"Prohibited Diamonds\"}]},{\"@type\":\"WebSite\",\"@id\":\"https:\\\/\\\/echappetoi.com\\\/#website\",\"url\":\"https:\\\/\\\/echappetoi.com\\\/\",\"name\":\"\u00c9chappe Toi\",\"description\":\"Montr\u00e9al Escape Games\",\"publisher\":{\"@id\":\"https:\\\/\\\/echappetoi.com\\\/#organization\"},\"potentialAction\":[{\"@type\":\"SearchAction\",\"target\":{\"@type\":\"EntryPoint\",\"urlTemplate\":\"https:\\\/\\\/echappetoi.com\\\/?s={search_term_string}\"},\"query-input\":{\"@type\":\"PropertyValueSpecification\",\"valueRequired\":true,\"valueName\":\"search_term_string\"}}],\"inLanguage\":\"en-US\"},{\"@type\":\"Organization\",\"@id\":\"https:\\\/\\\/echappetoi.com\\\/#organization\",\"name\":\"\u00c9chappe-Toi\",\"url\":\"https:\\\/\\\/echappetoi.com\\\/\",\"logo\":{\"@type\":\"ImageObject\",\"inLanguage\":\"en-US\",\"@id\":\"https:\\\/\\\/echappetoi.com\\\/#\\\/schema\\\/logo\\\/image\\\/\",\"url\":\"https:\\\/\\\/echappetoi.com\\\/wp-content\\\/uploads\\\/2018\\\/02\\\/Logo-Echappe-Toi-Aventure-Immersive-big-with-baseline.png\",\"contentUrl\":\"https:\\\/\\\/echappetoi.com\\\/wp-content\\\/uploads\\\/2018\\\/02\\\/Logo-Echappe-Toi-Aventure-Immersive-big-with-baseline.png\",\"width\":\"400\",\"height\":\"234\",\"caption\":\"\u00c9chappe-Toi\"},\"image\":{\"@id\":\"https:\\\/\\\/echappetoi.com\\\/#\\\/schema\\\/logo\\\/image\\\/\"},\"sameAs\":[\"https:\\\/\\\/www.facebook.com\\\/echappetoi\",\"https:\\\/\\\/x.com\\\/echappet\",\"https:\\\/\\\/www.linkedin.com\\\/company\\\/echappe-toi\"]}]}<\/script>\n<!-- \/ Yoast SEO plugin. -->","yoast_head_json":{"title":"Bar Escape Room in Montreal: Get out of the Escape Room - \u00c9chappe-toi","description":"Will you be able to unravel the mysteries of this place, which is both a clandestine gambling hall and a gambling den, but also a hideout for bootleggers?","robots":{"index":"index","follow":"follow","max-snippet":"max-snippet:-1","max-image-preview":"max-image-preview:large","max-video-preview":"max-video-preview:-1"},"canonical":"https:\/\/echappetoi.com\/en\/jeu-evasion-montreal\/escape-game-diamonds-montreal\/","og_locale":"en_US","og_type":"article","og_title":"Bar Escape Room in Montreal: Get out of the Escape Room - \u00c9chappe-toi","og_description":"Will you be able to unravel the mysteries of this place, which is both a clandestine gambling hall and a gambling den, but also a hideout for bootleggers?","og_url":"https:\/\/echappetoi.com\/en\/jeu-evasion-montreal\/escape-game-diamonds-montreal\/","og_site_name":"\u00c9chappe Toi","article_publisher":"https:\/\/www.facebook.com\/echappetoi","article_modified_time":"2025-06-23T00:58:52+00:00","og_image":[{"width":250,"height":310,"url":"https:\/\/echappetoi.com\/wp-content\/uploads\/2020\/06\/EchappeToi_DiamantsDefendus_Teaser-website-anglais_250x315-e1554143422138.jpg","type":"image\/jpeg"}],"twitter_card":"summary_large_image","twitter_site":"@echappet","twitter_misc":{"Est. reading time":"3 minutes"},"schema":{"@context":"https:\/\/schema.org","@graph":[{"@type":"WebPage","@id":"https:\/\/echappetoi.com\/en\/jeu-evasion-montreal\/escape-game-diamonds-montreal\/","url":"https:\/\/echappetoi.com\/en\/jeu-evasion-montreal\/escape-game-diamonds-montreal\/","name":"Bar Escape Room in Montreal: Get out of the Escape Room - \u00c9chappe-toi","isPartOf":{"@id":"https:\/\/echappetoi.com\/#website"},"primaryImageOfPage":{"@id":"https:\/\/echappetoi.com\/en\/jeu-evasion-montreal\/escape-game-diamonds-montreal\/#primaryimage"},"image":{"@id":"https:\/\/echappetoi.com\/en\/jeu-evasion-montreal\/escape-game-diamonds-montreal\/#primaryimage"},"thumbnailUrl":"https:\/\/echappetoi.com\/wp-content\/uploads\/2020\/06\/EchappeToi_DiamantsDefendus_Teaser-website-anglais_250x315-e1554143422138.jpg","datePublished":"2018-02-22T19:07:02+00:00","dateModified":"2025-06-23T00:58:52+00:00","description":"Will you be able to unravel the mysteries of this place, which is both a clandestine gambling hall and a gambling den, but also a hideout for bootleggers?","breadcrumb":{"@id":"https:\/\/echappetoi.com\/en\/jeu-evasion-montreal\/escape-game-diamonds-montreal\/#breadcrumb"},"inLanguage":"en-US","potentialAction":[{"@type":"ReadAction","target":["https:\/\/echappetoi.com\/en\/jeu-evasion-montreal\/escape-game-diamonds-montreal\/"]}]},{"@type":"ImageObject","inLanguage":"en-US","@id":"https:\/\/echappetoi.com\/en\/jeu-evasion-montreal\/escape-game-diamonds-montreal\/#primaryimage","url":"https:\/\/echappetoi.com\/wp-content\/uploads\/2020\/06\/EchappeToi_DiamantsDefendus_Teaser-website-anglais_250x315-e1554143422138.jpg","contentUrl":"https:\/\/echappetoi.com\/wp-content\/uploads\/2020\/06\/EchappeToi_DiamantsDefendus_Teaser-website-anglais_250x315-e1554143422138.jpg","width":250,"height":310},{"@type":"BreadcrumbList","@id":"https:\/\/echappetoi.com\/en\/jeu-evasion-montreal\/escape-game-diamonds-montreal\/#breadcrumb","itemListElement":[{"@type":"ListItem","position":1,"name":"Accueil","item":"https:\/\/echappetoi.com\/en\/"},{"@type":"ListItem","position":2,"name":"Scenarios","item":"https:\/\/echappetoi.com\/en\/jeu-evasion-montreal\/"},{"@type":"ListItem","position":3,"name":"Prohibited Diamonds"}]},{"@type":"WebSite","@id":"https:\/\/echappetoi.com\/#website","url":"https:\/\/echappetoi.com\/","name":"\u00c9chappe Toi","description":"Montr\u00e9al Escape Games","publisher":{"@id":"https:\/\/echappetoi.com\/#organization"},"potentialAction":[{"@type":"SearchAction","target":{"@type":"EntryPoint","urlTemplate":"https:\/\/echappetoi.com\/?s={search_term_string}"},"query-input":{"@type":"PropertyValueSpecification","valueRequired":true,"valueName":"search_term_string"}}],"inLanguage":"en-US"},{"@type":"Organization","@id":"https:\/\/echappetoi.com\/#organization","name":"\u00c9chappe-Toi","url":"https:\/\/echappetoi.com\/","logo":{"@type":"ImageObject","inLanguage":"en-US","@id":"https:\/\/echappetoi.com\/#\/schema\/logo\/image\/","url":"https:\/\/echappetoi.com\/wp-content\/uploads\/2018\/02\/Logo-Echappe-Toi-Aventure-Immersive-big-with-baseline.png","contentUrl":"https:\/\/echappetoi.com\/wp-content\/uploads\/2018\/02\/Logo-Echappe-Toi-Aventure-Immersive-big-with-baseline.png","width":"400","height":"234","caption":"\u00c9chappe-Toi"},"image":{"@id":"https:\/\/echappetoi.com\/#\/schema\/logo\/image\/"},"sameAs":["https:\/\/www.facebook.com\/echappetoi","https:\/\/x.com\/echappet","https:\/\/www.linkedin.com\/company\/echappe-toi"]}]}},"_links":{"self":[{"href":"https:\/\/echappetoi.com\/en\/wp-json\/wp\/v2\/pages\/2821","targetHints":{"allow":["GET"]}}],"collection":[{"href":"https:\/\/echappetoi.com\/en\/wp-json\/wp\/v2\/pages"}],"about":[{"href":"https:\/\/echappetoi.com\/en\/wp-json\/wp\/v2\/types\/page"}],"author":[{"embeddable":true,"href":"https:\/\/echappetoi.com\/en\/wp-json\/wp\/v2\/users\/5"}],"replies":[{"embeddable":true,"href":"https:\/\/echappetoi.com\/en\/wp-json\/wp\/v2\/comments?post=2821"}],"version-history":[{"count":0,"href":"https:\/\/echappetoi.com\/en\/wp-json\/wp\/v2\/pages\/2821\/revisions"}],"up":[{"embeddable":true,"href":"https:\/\/echappetoi.com\/en\/wp-json\/wp\/v2\/pages\/2849"}],"wp:featuredmedia":[{"embeddable":true,"href":"https:\/\/echappetoi.com\/en\/wp-json\/wp\/v2\/media\/4964"}],"wp:attachment":[{"href":"https:\/\/echappetoi.com\/en\/wp-json\/wp\/v2\/media?parent=2821"}],"curies":[{"name":"wp","href":"https:\/\/api.w.org\/{rel}","templated":true}]}}