{"id":2817,"date":"2018-02-23T09:42:25","date_gmt":"2018-02-23T14:42:25","guid":{"rendered":"https:\/\/echappetoi.com\/jeu-evasion-banque-montreal\/"},"modified":"2022-06-08T18:03:51","modified_gmt":"2022-06-08T22:03:51","slug":"jeu-evasion-banque-montreal","status":"publish","type":"page","link":"https:\/\/echappetoi.com\/en\/jeu-evasion-banque-montreal\/","title":{"rendered":"The Montreal job"},"content":{"rendered":"<div id=\"pl-2817\"  class=\"panel-layout\" ><div id=\"pg-2817-0\"  class=\"panel-grid panel-no-style\" ><div id=\"pgc-2817-0-0\"  class=\"panel-grid-cell\" ><div id=\"panel-2817-0-0-0\" class=\"so-panel widget widget_sow-image panel-first-child panel-last-child\" data-index=\"0\" ><div\n\t\t\t\n\t\t\tclass=\"so-widget-sow-image so-widget-sow-image-default-c67d20f9f743-2817\"\n\t\t\t\n\t\t>\n<div class=\"sow-image-container\">\n\t\t<img fetchpriority=\"high\" \n\tsrc=\"https:\/\/echappetoi.com\/wp-content\/uploads\/2018\/06\/Header-Scenario-Braquage-Montrealaise-Echappe-Toi-EN.jpg\" width=\"1000\" height=\"372\" srcset=\"https:\/\/echappetoi.com\/wp-content\/uploads\/2018\/06\/Header-Scenario-Braquage-Montrealaise-Echappe-Toi-EN.jpg 1000w, https:\/\/echappetoi.com\/wp-content\/uploads\/2018\/06\/Header-Scenario-Braquage-Montrealaise-Echappe-Toi-EN-300x112.jpg 300w, https:\/\/echappetoi.com\/wp-content\/uploads\/2018\/06\/Header-Scenario-Braquage-Montrealaise-Echappe-Toi-EN-768x286.jpg 768w\" sizes=\"(max-width: 1000px) 100vw, 1000px\" alt=\"Header The Montreal Rob - Echappe-Toi Montr\u00e9al\" \t\tclass=\"so-widget-image\"\/>\n\t<\/div>\n\n<\/div><\/div><\/div><\/div><div id=\"pg-2817-1\"  class=\"panel-grid panel-has-style\" ><div class=\"details panel-row-style panel-row-style-for-2817-1\" ><div id=\"pgc-2817-1-0\"  class=\"panel-grid-cell\" ><div id=\"panel-2817-1-0-0\" class=\"so-panel widget widget_pw_icon_box widget-icon-box panel-first-child panel-last-child\" data-index=\"1\" >\n\n\t\t<div class=\"icon-box\">\n\n\t\t<i class=\"fa  fa-users\"><\/i>\n\t\t<h4 class=\"icon-box__title\">Players<\/h4>\n\t\t<span class=\"icon-box__subtitle\">2\/4 people<\/span>\n\n\t\t<\/div>\n\n<\/div><\/div><div id=\"pgc-2817-1-1\"  class=\"panel-grid-cell\" ><div id=\"panel-2817-1-1-0\" class=\"so-panel widget widget_pw_icon_box widget-icon-box panel-first-child panel-last-child\" data-index=\"2\" >\n\n\t\t<div class=\"icon-box\">\n\n\t\t<i class=\"fa  fa-clock-o\"><\/i>\n\t\t<h4 class=\"icon-box__title\">Duration<\/h4>\n\t\t<span class=\"icon-box__subtitle\">60 minutes<\/span>\n\n\t\t<\/div>\n\n<\/div><\/div><div id=\"pgc-2817-1-2\"  class=\"panel-grid-cell\" ><div id=\"panel-2817-1-2-0\" class=\"so-panel widget widget_pw_icon_box widget-icon-box panel-first-child panel-last-child\" data-index=\"3\" >\n\n\t\t<div class=\"icon-box\">\n\n\t\t<i class=\"fa  fa-money\"><\/i>\n\t\t<h4 class=\"icon-box__title\">Adult Price<\/h4>\n\t\t<span class=\"icon-box__subtitle\">$30\/pers. + tx<\/span>\n\n\t\t<\/div>\n\n<\/div><\/div><div id=\"pgc-2817-1-3\"  class=\"panel-grid-cell\" ><div id=\"panel-2817-1-3-0\" class=\"so-panel widget widget_pw_icon_box widget-icon-box panel-first-child panel-last-child\" data-index=\"4\" >\n\n\t\t<div class=\"icon-box\">\n\n\t\t<i class=\"fa  fa-graduation-cap\"><\/i>\n\t\t<h4 class=\"icon-box__title\">Student Price<\/h4>\n\t\t<span class=\"icon-box__subtitle\">$25\/pers. + tx<\/span>\n\n\t\t<\/div>\n\n<\/div><\/div><\/div><\/div><div id=\"pg-2817-2\"  class=\"panel-grid panel-no-style\" ><div id=\"pgc-2817-2-0\"  class=\"panel-grid-cell\" ><div id=\"panel-2817-2-0-0\" class=\"so-panel widget widget_black-studio-tinymce widget_black_studio_tinymce panel-first-child panel-last-child\" data-index=\"5\" ><div class=\"textwidget\"><h1>Escape from the bank!<\/h1>\n<p>While robbing a bank under the orders of the Canadian Secret Service, you are going to put an end to the underworld dealings of the Montreal mafia. You have 60 minutes, and not one more, to escape with their money and secrets.<\/p>\n<h2>A Montreal escape game in 2000<\/h2>\n<p>The Heirs of the Black Hand Mob have reached the number one spot amongst Montreal mobs. Despite their vast network of police and political protection, the Canadian Secret Service wants to put an end to their reign by robbing their bank. It is currently used as a means to launder their money and to stockpile precious bits of information. This sensitive information is one of the keys that will aid in shutting them down.<\/p>\n<p>You are professional bank robbers, some might even say the best in Montreal. Caught by the Canadian Secret Service, you are looking for a way to go back to your regular way of life.<\/p>\n<p>The Canadian Secret Service offers you a contract, the last heist of your career. The objective is to rob the bank of the Heirs of the Black Hand in Montreal. In exchange for your cooperation, and your success, your record will be wiped clean. You will finally return to normalcy.<\/p>\n<h2>Your mission inside the bank<\/h2>\n<p>Today is a special day: the Canadian Secret Service received Intel that a large cash transfer is going to take place at midnight tonight. It is 22h59. Your mission, should you choose to accept it, is to rob the bank and escape with the money and information on the Heirs of the Black Hand. You have 1 hour to pull off the greatest bank heist of your career.<\/p>\n<p>Your mission:<br \/>\nRob the mob bank in Montreal and escape with their secrets...<\/p>\n<h2>For who is the game destined?<\/h2>\n<p>This game is for everyone, from 8 years old. From 2 to 4 players. An adult is mandatory if any of the players are under 15 years old.<br \/>\nPlease note that this room is for a maximum of 4 players.<\/p>\n<h2>Additional information<\/h2>\n<p>You can find more information on\u00a0<a href=\"http:\/\/quebec.huffingtonpost.ca\/pierre-de-champlain\/histoire--crime-organise-montreal_b_4764223.html\" target=\"_blank\" rel=\"noopener\">organized crime and the Heirs of the Black Hand<\/a>.<\/p>\n<p><span style=\"font-weight: 400;\">If you have any questions about our escape games in Montreal, you can check our\u00a0<\/span><a href=\"\/en\/faq\/\">FAQS<\/a><\/p>\n<p><span style=\"font-weight: 400;\">You can also find our other escape games here:<\/span>\u00a0<a href=\"\/en\/jeu-evasion-montreal\/\">ALL SCENARIOS<\/a><\/p>\n<\/div><\/div><\/div><\/div><div id=\"pg-2817-3\"  class=\"panel-grid panel-no-style\" ><div id=\"pgc-2817-3-0\"  class=\"panel-grid-cell\" ><div id=\"panel-2817-3-0-0\" class=\"so-panel widget widget_sow-editor panel-first-child panel-last-child\" data-index=\"6\" ><div\n\t\t\t\n\t\t\tclass=\"so-widget-sow-editor so-widget-sow-editor-base\"\n\t\t\t\n\t\t>\n<div class=\"siteorigin-widget-tinymce textwidget\">\n\t<div id=\"forescape\" data-subdomain=\"echappetoi-montreal\" data-type=\"bookings\" data-rooms=\"5d6e6589fe26b51e98852646\"><\/div>\n<p><script defer src=\"https:\/\/echappetoi-montreal.4escape.io\/public\/js\/iframe.min.js\"><\/script><\/p>\n<\/div>\n<\/div><\/div><\/div><\/div><\/div>","protected":false},"excerpt":{"rendered":"<p>Vous aurez 60 minutes, pas une de plus, pour braquer la banque de la p\u00e8gre de Montr\u00e9al, et vous \u00e9vader avec leur argent et leurs secrets !<\/p>\n","protected":false},"author":5,"featured_media":3034,"parent":0,"menu_order":0,"comment_status":"closed","ping_status":"closed","template":"","meta":{"_acf_changed":false,"footnotes":""},"class_list":["post-2817","page","type-page","status-publish","has-post-thumbnail","hentry"],"acf":[],"yoast_head":"<!-- This site is optimized with the Yoast SEO plugin v27.4 - https:\/\/yoast.com\/product\/yoast-seo-wordpress\/ -->\n<title>Bank Heist Escape Room in Montreal: Make a Getaway - \u00c9chappe-toi<\/title>\n<meta name=\"description\" content=\"You have one hour to take part in a real Montreal bank heist and escape with both the money and the rooms\u2019 top secret documents. Experience a bank escape game in Montreal by walking a mile in the shoes of the best robbers in Montreal. Live the adventure!\" \/>\n<meta name=\"robots\" content=\"index, follow, max-snippet:-1, max-image-preview:large, max-video-preview:-1\" \/>\n<link rel=\"canonical\" href=\"https:\/\/echappetoi.com\/en\/jeu-evasion-banque-montreal\/\" \/>\n<meta property=\"og:locale\" content=\"en_US\" \/>\n<meta property=\"og:type\" content=\"article\" \/>\n<meta property=\"og:title\" content=\"Bank Heist Escape Room in Montreal: Make a Getaway - \u00c9chappe-toi\" \/>\n<meta property=\"og:description\" content=\"You have one hour to take part in a real Montreal bank heist and escape with both the money and the rooms\u2019 top secret documents. Experience a bank escape game in Montreal by walking a mile in the shoes of the best robbers in Montreal. Live the adventure!\" \/>\n<meta property=\"og:url\" content=\"https:\/\/echappetoi.com\/en\/jeu-evasion-banque-montreal\/\" \/>\n<meta property=\"og:site_name\" content=\"\u00c9chappe Toi\" \/>\n<meta property=\"article:publisher\" content=\"https:\/\/www.facebook.com\/echappetoi\" \/>\n<meta property=\"article:modified_time\" content=\"2022-06-08T22:03:51+00:00\" \/>\n<meta property=\"og:image\" content=\"https:\/\/echappetoi.com\/wp-content\/uploads\/2018\/06\/Scenario-Braquage-A-La-Montrealaise-Echappe-Toi-Montreal-EN.jpg\" \/>\n\t<meta property=\"og:image:width\" content=\"250\" \/>\n\t<meta property=\"og:image:height\" content=\"310\" \/>\n\t<meta property=\"og:image:type\" content=\"image\/jpeg\" \/>\n<meta name=\"twitter:card\" content=\"summary_large_image\" \/>\n<meta name=\"twitter:site\" content=\"@echappet\" \/>\n<meta name=\"twitter:label1\" content=\"Est. reading time\" \/>\n\t<meta name=\"twitter:data1\" content=\"3 minutes\" \/>\n<script type=\"application\/ld+json\" class=\"yoast-schema-graph\">{\"@context\":\"https:\\\/\\\/schema.org\",\"@graph\":[{\"@type\":\"WebPage\",\"@id\":\"https:\\\/\\\/echappetoi.com\\\/en\\\/jeu-evasion-banque-montreal\\\/\",\"url\":\"https:\\\/\\\/echappetoi.com\\\/en\\\/jeu-evasion-banque-montreal\\\/\",\"name\":\"Bank Heist Escape Room in Montreal: Make a Getaway - \u00c9chappe-toi\",\"isPartOf\":{\"@id\":\"https:\\\/\\\/echappetoi.com\\\/#website\"},\"primaryImageOfPage\":{\"@id\":\"https:\\\/\\\/echappetoi.com\\\/en\\\/jeu-evasion-banque-montreal\\\/#primaryimage\"},\"image\":{\"@id\":\"https:\\\/\\\/echappetoi.com\\\/en\\\/jeu-evasion-banque-montreal\\\/#primaryimage\"},\"thumbnailUrl\":\"https:\\\/\\\/echappetoi.com\\\/wp-content\\\/uploads\\\/2018\\\/06\\\/Scenario-Braquage-A-La-Montrealaise-Echappe-Toi-Montreal-EN.jpg\",\"datePublished\":\"2018-02-23T14:42:25+00:00\",\"dateModified\":\"2022-06-08T22:03:51+00:00\",\"description\":\"You have one hour to take part in a real Montreal bank heist and escape with both the money and the rooms\u2019 top secret documents. Experience a bank escape game in Montreal by walking a mile in the shoes of the best robbers in Montreal. Live the adventure!\",\"breadcrumb\":{\"@id\":\"https:\\\/\\\/echappetoi.com\\\/en\\\/jeu-evasion-banque-montreal\\\/#breadcrumb\"},\"inLanguage\":\"en-US\",\"potentialAction\":[{\"@type\":\"ReadAction\",\"target\":[\"https:\\\/\\\/echappetoi.com\\\/en\\\/jeu-evasion-banque-montreal\\\/\"]}]},{\"@type\":\"ImageObject\",\"inLanguage\":\"en-US\",\"@id\":\"https:\\\/\\\/echappetoi.com\\\/en\\\/jeu-evasion-banque-montreal\\\/#primaryimage\",\"url\":\"https:\\\/\\\/echappetoi.com\\\/wp-content\\\/uploads\\\/2018\\\/06\\\/Scenario-Braquage-A-La-Montrealaise-Echappe-Toi-Montreal-EN.jpg\",\"contentUrl\":\"https:\\\/\\\/echappetoi.com\\\/wp-content\\\/uploads\\\/2018\\\/06\\\/Scenario-Braquage-A-La-Montrealaise-Echappe-Toi-Montreal-EN.jpg\",\"width\":250,\"height\":310,\"caption\":\"The Montreal Rob - Echappe-Toi Montr\u00e9al\"},{\"@type\":\"BreadcrumbList\",\"@id\":\"https:\\\/\\\/echappetoi.com\\\/en\\\/jeu-evasion-banque-montreal\\\/#breadcrumb\",\"itemListElement\":[{\"@type\":\"ListItem\",\"position\":1,\"name\":\"Accueil\",\"item\":\"https:\\\/\\\/echappetoi.com\\\/en\\\/\"},{\"@type\":\"ListItem\",\"position\":2,\"name\":\"The Montreal job\"}]},{\"@type\":\"WebSite\",\"@id\":\"https:\\\/\\\/echappetoi.com\\\/#website\",\"url\":\"https:\\\/\\\/echappetoi.com\\\/\",\"name\":\"\u00c9chappe Toi\",\"description\":\"Montr\u00e9al Escape Games\",\"publisher\":{\"@id\":\"https:\\\/\\\/echappetoi.com\\\/#organization\"},\"potentialAction\":[{\"@type\":\"SearchAction\",\"target\":{\"@type\":\"EntryPoint\",\"urlTemplate\":\"https:\\\/\\\/echappetoi.com\\\/?s={search_term_string}\"},\"query-input\":{\"@type\":\"PropertyValueSpecification\",\"valueRequired\":true,\"valueName\":\"search_term_string\"}}],\"inLanguage\":\"en-US\"},{\"@type\":\"Organization\",\"@id\":\"https:\\\/\\\/echappetoi.com\\\/#organization\",\"name\":\"\u00c9chappe-Toi\",\"url\":\"https:\\\/\\\/echappetoi.com\\\/\",\"logo\":{\"@type\":\"ImageObject\",\"inLanguage\":\"en-US\",\"@id\":\"https:\\\/\\\/echappetoi.com\\\/#\\\/schema\\\/logo\\\/image\\\/\",\"url\":\"https:\\\/\\\/echappetoi.com\\\/wp-content\\\/uploads\\\/2018\\\/02\\\/Logo-Echappe-Toi-Aventure-Immersive-big-with-baseline.png\",\"contentUrl\":\"https:\\\/\\\/echappetoi.com\\\/wp-content\\\/uploads\\\/2018\\\/02\\\/Logo-Echappe-Toi-Aventure-Immersive-big-with-baseline.png\",\"width\":\"400\",\"height\":\"234\",\"caption\":\"\u00c9chappe-Toi\"},\"image\":{\"@id\":\"https:\\\/\\\/echappetoi.com\\\/#\\\/schema\\\/logo\\\/image\\\/\"},\"sameAs\":[\"https:\\\/\\\/www.facebook.com\\\/echappetoi\",\"https:\\\/\\\/x.com\\\/echappet\",\"https:\\\/\\\/www.linkedin.com\\\/company\\\/echappe-toi\"]}]}<\/script>\n<!-- \/ Yoast SEO plugin. -->","yoast_head_json":{"title":"Bank Heist Escape Room in Montreal: Make a Getaway - \u00c9chappe-toi","description":"You have one hour to take part in a real Montreal bank heist and escape with both the money and the rooms\u2019 top secret documents. Experience a bank escape game in Montreal by walking a mile in the shoes of the best robbers in Montreal. Live the adventure!","robots":{"index":"index","follow":"follow","max-snippet":"max-snippet:-1","max-image-preview":"max-image-preview:large","max-video-preview":"max-video-preview:-1"},"canonical":"https:\/\/echappetoi.com\/en\/jeu-evasion-banque-montreal\/","og_locale":"en_US","og_type":"article","og_title":"Bank Heist Escape Room in Montreal: Make a Getaway - \u00c9chappe-toi","og_description":"You have one hour to take part in a real Montreal bank heist and escape with both the money and the rooms\u2019 top secret documents. Experience a bank escape game in Montreal by walking a mile in the shoes of the best robbers in Montreal. Live the adventure!","og_url":"https:\/\/echappetoi.com\/en\/jeu-evasion-banque-montreal\/","og_site_name":"\u00c9chappe Toi","article_publisher":"https:\/\/www.facebook.com\/echappetoi","article_modified_time":"2022-06-08T22:03:51+00:00","og_image":[{"width":250,"height":310,"url":"https:\/\/echappetoi.com\/wp-content\/uploads\/2018\/06\/Scenario-Braquage-A-La-Montrealaise-Echappe-Toi-Montreal-EN.jpg","type":"image\/jpeg"}],"twitter_card":"summary_large_image","twitter_site":"@echappet","twitter_misc":{"Est. reading time":"3 minutes"},"schema":{"@context":"https:\/\/schema.org","@graph":[{"@type":"WebPage","@id":"https:\/\/echappetoi.com\/en\/jeu-evasion-banque-montreal\/","url":"https:\/\/echappetoi.com\/en\/jeu-evasion-banque-montreal\/","name":"Bank Heist Escape Room in Montreal: Make a Getaway - \u00c9chappe-toi","isPartOf":{"@id":"https:\/\/echappetoi.com\/#website"},"primaryImageOfPage":{"@id":"https:\/\/echappetoi.com\/en\/jeu-evasion-banque-montreal\/#primaryimage"},"image":{"@id":"https:\/\/echappetoi.com\/en\/jeu-evasion-banque-montreal\/#primaryimage"},"thumbnailUrl":"https:\/\/echappetoi.com\/wp-content\/uploads\/2018\/06\/Scenario-Braquage-A-La-Montrealaise-Echappe-Toi-Montreal-EN.jpg","datePublished":"2018-02-23T14:42:25+00:00","dateModified":"2022-06-08T22:03:51+00:00","description":"You have one hour to take part in a real Montreal bank heist and escape with both the money and the rooms\u2019 top secret documents. Experience a bank escape game in Montreal by walking a mile in the shoes of the best robbers in Montreal. Live the adventure!","breadcrumb":{"@id":"https:\/\/echappetoi.com\/en\/jeu-evasion-banque-montreal\/#breadcrumb"},"inLanguage":"en-US","potentialAction":[{"@type":"ReadAction","target":["https:\/\/echappetoi.com\/en\/jeu-evasion-banque-montreal\/"]}]},{"@type":"ImageObject","inLanguage":"en-US","@id":"https:\/\/echappetoi.com\/en\/jeu-evasion-banque-montreal\/#primaryimage","url":"https:\/\/echappetoi.com\/wp-content\/uploads\/2018\/06\/Scenario-Braquage-A-La-Montrealaise-Echappe-Toi-Montreal-EN.jpg","contentUrl":"https:\/\/echappetoi.com\/wp-content\/uploads\/2018\/06\/Scenario-Braquage-A-La-Montrealaise-Echappe-Toi-Montreal-EN.jpg","width":250,"height":310,"caption":"The Montreal Rob - Echappe-Toi Montr\u00e9al"},{"@type":"BreadcrumbList","@id":"https:\/\/echappetoi.com\/en\/jeu-evasion-banque-montreal\/#breadcrumb","itemListElement":[{"@type":"ListItem","position":1,"name":"Accueil","item":"https:\/\/echappetoi.com\/en\/"},{"@type":"ListItem","position":2,"name":"The Montreal job"}]},{"@type":"WebSite","@id":"https:\/\/echappetoi.com\/#website","url":"https:\/\/echappetoi.com\/","name":"\u00c9chappe Toi","description":"Montr\u00e9al Escape Games","publisher":{"@id":"https:\/\/echappetoi.com\/#organization"},"potentialAction":[{"@type":"SearchAction","target":{"@type":"EntryPoint","urlTemplate":"https:\/\/echappetoi.com\/?s={search_term_string}"},"query-input":{"@type":"PropertyValueSpecification","valueRequired":true,"valueName":"search_term_string"}}],"inLanguage":"en-US"},{"@type":"Organization","@id":"https:\/\/echappetoi.com\/#organization","name":"\u00c9chappe-Toi","url":"https:\/\/echappetoi.com\/","logo":{"@type":"ImageObject","inLanguage":"en-US","@id":"https:\/\/echappetoi.com\/#\/schema\/logo\/image\/","url":"https:\/\/echappetoi.com\/wp-content\/uploads\/2018\/02\/Logo-Echappe-Toi-Aventure-Immersive-big-with-baseline.png","contentUrl":"https:\/\/echappetoi.com\/wp-content\/uploads\/2018\/02\/Logo-Echappe-Toi-Aventure-Immersive-big-with-baseline.png","width":"400","height":"234","caption":"\u00c9chappe-Toi"},"image":{"@id":"https:\/\/echappetoi.com\/#\/schema\/logo\/image\/"},"sameAs":["https:\/\/www.facebook.com\/echappetoi","https:\/\/x.com\/echappet","https:\/\/www.linkedin.com\/company\/echappe-toi"]}]}},"_links":{"self":[{"href":"https:\/\/echappetoi.com\/en\/wp-json\/wp\/v2\/pages\/2817","targetHints":{"allow":["GET"]}}],"collection":[{"href":"https:\/\/echappetoi.com\/en\/wp-json\/wp\/v2\/pages"}],"about":[{"href":"https:\/\/echappetoi.com\/en\/wp-json\/wp\/v2\/types\/page"}],"author":[{"embeddable":true,"href":"https:\/\/echappetoi.com\/en\/wp-json\/wp\/v2\/users\/5"}],"replies":[{"embeddable":true,"href":"https:\/\/echappetoi.com\/en\/wp-json\/wp\/v2\/comments?post=2817"}],"version-history":[{"count":0,"href":"https:\/\/echappetoi.com\/en\/wp-json\/wp\/v2\/pages\/2817\/revisions"}],"wp:featuredmedia":[{"embeddable":true,"href":"https:\/\/echappetoi.com\/en\/wp-json\/wp\/v2\/media\/3034"}],"wp:attachment":[{"href":"https:\/\/echappetoi.com\/en\/wp-json\/wp\/v2\/media?parent=2817"}],"curies":[{"name":"wp","href":"https:\/\/api.w.org\/{rel}","templated":true}]}}