{"id":2794,"date":"2018-02-14T14:25:38","date_gmt":"2018-02-14T19:25:38","guid":{"rendered":"https:\/\/echappetoi.com\/jeu-evasion-groupe-prive-montreal\/"},"modified":"2025-06-22T21:20:42","modified_gmt":"2025-06-23T01:20:42","slug":"jeu-evasion-groupe-prive-montreal","status":"publish","type":"page","link":"https:\/\/echappetoi.com\/en\/occasions\/jeu-evasion-groupe-prive-montreal\/","title":{"rendered":"Private Events"},"content":{"rendered":"<div id=\"pl-2794\"  class=\"panel-layout\" ><div id=\"pg-2794-0\"  class=\"panel-grid panel-no-style\" ><div id=\"pgc-2794-0-0\"  class=\"panel-grid-cell\" ><div id=\"panel-2794-0-0-0\" class=\"so-panel widget widget_black-studio-tinymce widget_black_studio_tinymce panel-first-child\" data-index=\"0\" ><div class=\"widget-title--big panel-widget-style panel-widget-style-for-2794-0-0-0\" ><div class=\"textwidget\"><h1><b>An escape game for private groups in Montreal <\/b><\/h1>\n<p><span style=\"font-weight: 400;\">Whether it is for a group of friends, between colleagues, for a private adventure, or a party, escape games are an excellent socializing tool. Did you know that mankind is social and needs interactions in order to develop? Several studies demonstrate it. There are many benefits to a rich social life, such as:<\/span><\/p>\n<ul>\n<li style=\"font-weight: 400;\"><span style=\"font-weight: 400;\">Brain development<\/span><\/li>\n<li style=\"font-weight: 400;\"><span style=\"font-weight: 400;\">Being more conscious of your surroundings <\/span><\/li>\n<li style=\"font-weight: 400;\"><span style=\"font-weight: 400;\">Improving self esteem <\/span><\/li>\n<li style=\"font-weight: 400;\"><span style=\"font-weight: 400;\">Developing professional relationships<\/span><\/li>\n<li style=\"font-weight: 400;\"><span style=\"font-weight: 400;\">Increase your life expectancy <\/span><\/li>\n<\/ul>\n<h2><b>Our escape game offer for private groups in Montreal<\/b><\/h2>\n<h3><b>How to prepare for an escape game with your private group at Echappe-Toi Montreal?<\/b><\/h3>\n<ul>\n<li style=\"font-weight: 400;\"><span style=\"font-weight: 400;\">Arrive 15 minutes before the start time of your game. No need to arrive too early as you will only increase your anxiety level. Do not arrive too late either or you might not be able to experience the complete adventure.<\/span><\/li>\n<li style=\"font-weight: 400;\"><span style=\"font-weight: 400;\">Stay relaxed! Escape games are made to provide you with as much enjoyment as possible between you and your friends. They all tell stories about the history of Montreal or its culture. No need to study before as you do not need any specific knowledge to be able to enjoy it!<\/span><\/li>\n<li style=\"font-weight: 400;\"><span style=\"font-weight: 400;\">Learn to listen to each other. Your escape game experience in Montreal with your friends depends on your ability to function as a team. Communication is key!<\/span><\/li>\n<\/ul>\n<h3><b>90 minutes of happiness <\/b><\/h3>\n<p><span style=\"font-weight: 400;\">An escape game at Echappe-Toi Montreal lasts 90 minutes with the following 5 steps:<\/span><\/p>\n<ol>\n<li><b>Reception<\/b><span style=\"font-weight: 400;\">: Our ambassadors welcome you and your group. They explain the rules of the game. They also give you advice for the best possible experience.<\/span><\/li>\n<li><b>Immersion:<\/b><span style=\"font-weight: 400;\"> The group is sent to the escape game. They are welcomed by a costumed actor that introduces you to the story that you will experience together.<\/span><\/li>\n<li><b>Game<\/b><span style=\"font-weight: 400;\">: Your turn to play! You have 60 minutes to successfully complete your mission. Enigmas, codes, secret passages, and puzzles to be solved in order to exit from the escape room! <\/span><\/li>\n<li><b>Debrief<\/b><span style=\"font-weight: 400;\">: At the end of the experience, the actors come free your group if you did not manage to escape. They also answer all your questions about the escape game. <\/span><\/li>\n<li><b>Photos and departure<\/b><span style=\"font-weight: 400;\">: The photoshoot allows you to leave with souvenirs of your adventure with your friends before the end of the experience.<\/span><\/li>\n<\/ol>\n<h3><b>Useful Information<\/b><\/h3>\n<p><b>Capacity<\/b><span style=\"font-weight: 400;\"> : 9 escape games. Every room can welcome 2 to 8 players.<br \/>\n<\/span><b>Duration of the experience <\/b><span style=\"font-weight: 400;\">: 90 minutes, 60 of which inside the escape game.<br \/>\n<\/span><b>Reservation<\/b><span style=\"font-weight: 400;\">: you can\u00a0<\/span><span class=\"s1\"><a href=\"\/en\/reservation\/\">contact us<\/a><\/span><span class=\"s2\"> or\u00a0<a href=\"tel:+15149072200\"><span class=\"s3\">call us<\/span><\/a>\u00a0<\/span><span style=\"font-weight: 400;\">if your team has more than 6 participants.<br \/>\n<\/span><b>Price<\/b><span style=\"font-weight: 400;\"> : 33$ + tx per adult, 27$ + tx per child and student.<\/span><\/p>\n<\/div><\/div><\/div><div id=\"panel-2794-0-0-1\" class=\"so-panel widget widget_pw_testimonials widget-testimonials panel-last-child\" data-index=\"1\" >\n\n\t<div class=\"testimonial\">\n\n\t\t<h2 class=\"widget-title\"><span class=\"widget-title__inline\">What private groups think about their escape game at Echappe-Toi Montreal<\/span><\/h2>\n\n\t\t<div class=\"testimonial__container\">\n\n\t\t\t\t<a class=\"testimonial__carousel  testimonial__carousel--left\" href=\"#carousel-testimonials-widget-0-0-1\" data-slide=\"prev\"><i class=\"fa  fa-caret-left\" aria-hidden=\"true\"><\/i><span class=\"sr-only\" role=\"button\">Next<\/span><\/a>\n\n\t\t\t<div id=\"carousel-testimonials-widget-0-0-1\" class=\"carousel slide\" data-ride=\"carousel\" data-interval=\"4000\">\n\t\t\t\t<!-- Wrapper for slides -->\n\t\t\t\t<div class=\"testimonial__backgroundquotes\"><\/div>  <!-- fix for sticky menu -->\n\t\t\t\t<div class=\"carousel-inner\" role=\"listbox\">\n\t\t\t\t\t<div class=\"item active\">\n\t\t\t\t\t\t<blockquote>\n\t\t\t\t\t\t\t<p class=\"testimonial__quote\">\n\t\t\t\t\t\t\t\t\"Great experience, great moments, great welcome, we are coming back next week.\"\n\t\t\t\t\t\t\t<\/p>\n\t\t\t\t\t\t\t<cite class=\"testimonial__author\">\n\t\t\t\t\t\t\t\t\n\t\t\t\t\t\t\t<\/cite>\n\n\n\t\t\t\t\t\t<\/blockquote>\n\t\t\t\t\t\t<\/div>\n\t\t\t\t\t<div class=\"item \">\n\t\t\t\t\t\t<blockquote>\n\t\t\t\t\t\t\t<p class=\"testimonial__quote\">\n\t\t\t\t\t\t\t\t\"Great night, it was really nice. We were so close to succeeding. We are coming back for sure!\"\n\t\t\t\t\t\t\t<\/p>\n\t\t\t\t\t\t\t<cite class=\"testimonial__author\">\n\t\t\t\t\t\t\t\t\n\t\t\t\t\t\t\t<\/cite>\n\n\n\t\t\t\t\t\t<\/blockquote>\n\t\t\t\t\t\t<\/div>\n\t\t\t\t<\/div>\n\t\t\t<\/div>\n\n\t\t\t\t<a class=\"testimonial__carousel  testimonial__carousel--right\" href=\"#carousel-testimonials-widget-0-0-1\" data-slide=\"next\"><i class=\"fa  fa-caret-right\" aria-hidden=\"true\"><\/i><span class=\"sr-only\" role=\"button\">Previous<\/span><\/a>\n\t\t<\/div>\n\n\t<\/div>\n\n<\/div><\/div><\/div><\/div>","protected":false},"excerpt":{"rendered":"<p>The game to entertain your group of friends whatever the event&#8230;<\/p>\n","protected":false},"author":5,"featured_media":2225,"parent":2858,"menu_order":0,"comment_status":"closed","ping_status":"closed","template":"","meta":{"_acf_changed":false,"footnotes":""},"class_list":["post-2794","page","type-page","status-publish","has-post-thumbnail","hentry"],"acf":[],"yoast_head":"<!-- This site is optimized with the Yoast SEO plugin v27.4 - https:\/\/yoast.com\/product\/yoast-seo-wordpress\/ -->\n<title>Le jeu d\u2019\u00e9vasion pour les groupes priv\u00e9s \u00e0 Montr\u00e9al - Echappe-Toi<\/title>\n<meta name=\"robots\" content=\"index, follow, max-snippet:-1, max-image-preview:large, max-video-preview:-1\" \/>\n<link rel=\"canonical\" href=\"https:\/\/echappetoi.com\/en\/occasions\/jeu-evasion-groupe-prive-montreal\/\" \/>\n<meta property=\"og:locale\" content=\"en_US\" \/>\n<meta property=\"og:type\" content=\"article\" \/>\n<meta property=\"og:title\" content=\"Le jeu d\u2019\u00e9vasion pour les groupes priv\u00e9s \u00e0 Montr\u00e9al - Echappe-Toi\" \/>\n<meta property=\"og:description\" content=\"The game to entertain your group of friends whatever the event...\" \/>\n<meta property=\"og:url\" content=\"https:\/\/echappetoi.com\/en\/occasions\/jeu-evasion-groupe-prive-montreal\/\" \/>\n<meta property=\"og:site_name\" content=\"\u00c9chappe Toi\" \/>\n<meta property=\"article:publisher\" content=\"https:\/\/www.facebook.com\/echappetoi\" \/>\n<meta property=\"article:modified_time\" content=\"2025-06-23T01:20:42+00:00\" \/>\n<meta property=\"og:image\" content=\"https:\/\/echappetoi.com\/wp-content\/uploads\/2018\/02\/Occasion-Evenement-Prive-Echappe-Toi.jpg\" \/>\n\t<meta property=\"og:image:width\" content=\"360\" \/>\n\t<meta property=\"og:image:height\" content=\"203\" \/>\n\t<meta property=\"og:image:type\" content=\"image\/jpeg\" \/>\n<meta name=\"twitter:card\" content=\"summary_large_image\" \/>\n<meta name=\"twitter:site\" content=\"@echappet\" \/>\n<meta name=\"twitter:label1\" content=\"Est. reading time\" \/>\n\t<meta name=\"twitter:data1\" content=\"3 minutes\" \/>\n<script type=\"application\/ld+json\" class=\"yoast-schema-graph\">{\"@context\":\"https:\\\/\\\/schema.org\",\"@graph\":[{\"@type\":\"WebPage\",\"@id\":\"https:\\\/\\\/echappetoi.com\\\/en\\\/occasions\\\/jeu-evasion-groupe-prive-montreal\\\/\",\"url\":\"https:\\\/\\\/echappetoi.com\\\/en\\\/occasions\\\/jeu-evasion-groupe-prive-montreal\\\/\",\"name\":\"Le jeu d\u2019\u00e9vasion pour les groupes priv\u00e9s \u00e0 Montr\u00e9al - Echappe-Toi\",\"isPartOf\":{\"@id\":\"https:\\\/\\\/echappetoi.com\\\/#website\"},\"primaryImageOfPage\":{\"@id\":\"https:\\\/\\\/echappetoi.com\\\/en\\\/occasions\\\/jeu-evasion-groupe-prive-montreal\\\/#primaryimage\"},\"image\":{\"@id\":\"https:\\\/\\\/echappetoi.com\\\/en\\\/occasions\\\/jeu-evasion-groupe-prive-montreal\\\/#primaryimage\"},\"thumbnailUrl\":\"https:\\\/\\\/echappetoi.com\\\/wp-content\\\/uploads\\\/2018\\\/02\\\/Occasion-Evenement-Prive-Echappe-Toi.jpg\",\"datePublished\":\"2018-02-14T19:25:38+00:00\",\"dateModified\":\"2025-06-23T01:20:42+00:00\",\"breadcrumb\":{\"@id\":\"https:\\\/\\\/echappetoi.com\\\/en\\\/occasions\\\/jeu-evasion-groupe-prive-montreal\\\/#breadcrumb\"},\"inLanguage\":\"en-US\",\"potentialAction\":[{\"@type\":\"ReadAction\",\"target\":[\"https:\\\/\\\/echappetoi.com\\\/en\\\/occasions\\\/jeu-evasion-groupe-prive-montreal\\\/\"]}]},{\"@type\":\"ImageObject\",\"inLanguage\":\"en-US\",\"@id\":\"https:\\\/\\\/echappetoi.com\\\/en\\\/occasions\\\/jeu-evasion-groupe-prive-montreal\\\/#primaryimage\",\"url\":\"https:\\\/\\\/echappetoi.com\\\/wp-content\\\/uploads\\\/2018\\\/02\\\/Occasion-Evenement-Prive-Echappe-Toi.jpg\",\"contentUrl\":\"https:\\\/\\\/echappetoi.com\\\/wp-content\\\/uploads\\\/2018\\\/02\\\/Occasion-Evenement-Prive-Echappe-Toi.jpg\",\"width\":360,\"height\":203,\"caption\":\"Occasion \u00c9v\u00e9nements Priv\u00e9s - Echappe-Toi\"},{\"@type\":\"BreadcrumbList\",\"@id\":\"https:\\\/\\\/echappetoi.com\\\/en\\\/occasions\\\/jeu-evasion-groupe-prive-montreal\\\/#breadcrumb\",\"itemListElement\":[{\"@type\":\"ListItem\",\"position\":1,\"name\":\"Accueil\",\"item\":\"https:\\\/\\\/echappetoi.com\\\/en\\\/\"},{\"@type\":\"ListItem\",\"position\":2,\"name\":\"Occasions\",\"item\":\"https:\\\/\\\/echappetoi.com\\\/en\\\/occasions\\\/\"},{\"@type\":\"ListItem\",\"position\":3,\"name\":\"Private Events\"}]},{\"@type\":\"WebSite\",\"@id\":\"https:\\\/\\\/echappetoi.com\\\/#website\",\"url\":\"https:\\\/\\\/echappetoi.com\\\/\",\"name\":\"\u00c9chappe Toi\",\"description\":\"Montr\u00e9al Escape Games\",\"publisher\":{\"@id\":\"https:\\\/\\\/echappetoi.com\\\/#organization\"},\"potentialAction\":[{\"@type\":\"SearchAction\",\"target\":{\"@type\":\"EntryPoint\",\"urlTemplate\":\"https:\\\/\\\/echappetoi.com\\\/?s={search_term_string}\"},\"query-input\":{\"@type\":\"PropertyValueSpecification\",\"valueRequired\":true,\"valueName\":\"search_term_string\"}}],\"inLanguage\":\"en-US\"},{\"@type\":\"Organization\",\"@id\":\"https:\\\/\\\/echappetoi.com\\\/#organization\",\"name\":\"\u00c9chappe-Toi\",\"url\":\"https:\\\/\\\/echappetoi.com\\\/\",\"logo\":{\"@type\":\"ImageObject\",\"inLanguage\":\"en-US\",\"@id\":\"https:\\\/\\\/echappetoi.com\\\/#\\\/schema\\\/logo\\\/image\\\/\",\"url\":\"https:\\\/\\\/echappetoi.com\\\/wp-content\\\/uploads\\\/2018\\\/02\\\/Logo-Echappe-Toi-Aventure-Immersive-big-with-baseline.png\",\"contentUrl\":\"https:\\\/\\\/echappetoi.com\\\/wp-content\\\/uploads\\\/2018\\\/02\\\/Logo-Echappe-Toi-Aventure-Immersive-big-with-baseline.png\",\"width\":\"400\",\"height\":\"234\",\"caption\":\"\u00c9chappe-Toi\"},\"image\":{\"@id\":\"https:\\\/\\\/echappetoi.com\\\/#\\\/schema\\\/logo\\\/image\\\/\"},\"sameAs\":[\"https:\\\/\\\/www.facebook.com\\\/echappetoi\",\"https:\\\/\\\/x.com\\\/echappet\",\"https:\\\/\\\/www.linkedin.com\\\/company\\\/echappe-toi\"]}]}<\/script>\n<!-- \/ Yoast SEO plugin. -->","yoast_head_json":{"title":"Le jeu d\u2019\u00e9vasion pour les groupes priv\u00e9s \u00e0 Montr\u00e9al - Echappe-Toi","robots":{"index":"index","follow":"follow","max-snippet":"max-snippet:-1","max-image-preview":"max-image-preview:large","max-video-preview":"max-video-preview:-1"},"canonical":"https:\/\/echappetoi.com\/en\/occasions\/jeu-evasion-groupe-prive-montreal\/","og_locale":"en_US","og_type":"article","og_title":"Le jeu d\u2019\u00e9vasion pour les groupes priv\u00e9s \u00e0 Montr\u00e9al - Echappe-Toi","og_description":"The game to entertain your group of friends whatever the event...","og_url":"https:\/\/echappetoi.com\/en\/occasions\/jeu-evasion-groupe-prive-montreal\/","og_site_name":"\u00c9chappe Toi","article_publisher":"https:\/\/www.facebook.com\/echappetoi","article_modified_time":"2025-06-23T01:20:42+00:00","og_image":[{"width":360,"height":203,"url":"https:\/\/echappetoi.com\/wp-content\/uploads\/2018\/02\/Occasion-Evenement-Prive-Echappe-Toi.jpg","type":"image\/jpeg"}],"twitter_card":"summary_large_image","twitter_site":"@echappet","twitter_misc":{"Est. reading time":"3 minutes"},"schema":{"@context":"https:\/\/schema.org","@graph":[{"@type":"WebPage","@id":"https:\/\/echappetoi.com\/en\/occasions\/jeu-evasion-groupe-prive-montreal\/","url":"https:\/\/echappetoi.com\/en\/occasions\/jeu-evasion-groupe-prive-montreal\/","name":"Le jeu d\u2019\u00e9vasion pour les groupes priv\u00e9s \u00e0 Montr\u00e9al - Echappe-Toi","isPartOf":{"@id":"https:\/\/echappetoi.com\/#website"},"primaryImageOfPage":{"@id":"https:\/\/echappetoi.com\/en\/occasions\/jeu-evasion-groupe-prive-montreal\/#primaryimage"},"image":{"@id":"https:\/\/echappetoi.com\/en\/occasions\/jeu-evasion-groupe-prive-montreal\/#primaryimage"},"thumbnailUrl":"https:\/\/echappetoi.com\/wp-content\/uploads\/2018\/02\/Occasion-Evenement-Prive-Echappe-Toi.jpg","datePublished":"2018-02-14T19:25:38+00:00","dateModified":"2025-06-23T01:20:42+00:00","breadcrumb":{"@id":"https:\/\/echappetoi.com\/en\/occasions\/jeu-evasion-groupe-prive-montreal\/#breadcrumb"},"inLanguage":"en-US","potentialAction":[{"@type":"ReadAction","target":["https:\/\/echappetoi.com\/en\/occasions\/jeu-evasion-groupe-prive-montreal\/"]}]},{"@type":"ImageObject","inLanguage":"en-US","@id":"https:\/\/echappetoi.com\/en\/occasions\/jeu-evasion-groupe-prive-montreal\/#primaryimage","url":"https:\/\/echappetoi.com\/wp-content\/uploads\/2018\/02\/Occasion-Evenement-Prive-Echappe-Toi.jpg","contentUrl":"https:\/\/echappetoi.com\/wp-content\/uploads\/2018\/02\/Occasion-Evenement-Prive-Echappe-Toi.jpg","width":360,"height":203,"caption":"Occasion \u00c9v\u00e9nements Priv\u00e9s - Echappe-Toi"},{"@type":"BreadcrumbList","@id":"https:\/\/echappetoi.com\/en\/occasions\/jeu-evasion-groupe-prive-montreal\/#breadcrumb","itemListElement":[{"@type":"ListItem","position":1,"name":"Accueil","item":"https:\/\/echappetoi.com\/en\/"},{"@type":"ListItem","position":2,"name":"Occasions","item":"https:\/\/echappetoi.com\/en\/occasions\/"},{"@type":"ListItem","position":3,"name":"Private Events"}]},{"@type":"WebSite","@id":"https:\/\/echappetoi.com\/#website","url":"https:\/\/echappetoi.com\/","name":"\u00c9chappe Toi","description":"Montr\u00e9al Escape Games","publisher":{"@id":"https:\/\/echappetoi.com\/#organization"},"potentialAction":[{"@type":"SearchAction","target":{"@type":"EntryPoint","urlTemplate":"https:\/\/echappetoi.com\/?s={search_term_string}"},"query-input":{"@type":"PropertyValueSpecification","valueRequired":true,"valueName":"search_term_string"}}],"inLanguage":"en-US"},{"@type":"Organization","@id":"https:\/\/echappetoi.com\/#organization","name":"\u00c9chappe-Toi","url":"https:\/\/echappetoi.com\/","logo":{"@type":"ImageObject","inLanguage":"en-US","@id":"https:\/\/echappetoi.com\/#\/schema\/logo\/image\/","url":"https:\/\/echappetoi.com\/wp-content\/uploads\/2018\/02\/Logo-Echappe-Toi-Aventure-Immersive-big-with-baseline.png","contentUrl":"https:\/\/echappetoi.com\/wp-content\/uploads\/2018\/02\/Logo-Echappe-Toi-Aventure-Immersive-big-with-baseline.png","width":"400","height":"234","caption":"\u00c9chappe-Toi"},"image":{"@id":"https:\/\/echappetoi.com\/#\/schema\/logo\/image\/"},"sameAs":["https:\/\/www.facebook.com\/echappetoi","https:\/\/x.com\/echappet","https:\/\/www.linkedin.com\/company\/echappe-toi"]}]}},"_links":{"self":[{"href":"https:\/\/echappetoi.com\/en\/wp-json\/wp\/v2\/pages\/2794","targetHints":{"allow":["GET"]}}],"collection":[{"href":"https:\/\/echappetoi.com\/en\/wp-json\/wp\/v2\/pages"}],"about":[{"href":"https:\/\/echappetoi.com\/en\/wp-json\/wp\/v2\/types\/page"}],"author":[{"embeddable":true,"href":"https:\/\/echappetoi.com\/en\/wp-json\/wp\/v2\/users\/5"}],"replies":[{"embeddable":true,"href":"https:\/\/echappetoi.com\/en\/wp-json\/wp\/v2\/comments?post=2794"}],"version-history":[{"count":0,"href":"https:\/\/echappetoi.com\/en\/wp-json\/wp\/v2\/pages\/2794\/revisions"}],"up":[{"embeddable":true,"href":"https:\/\/echappetoi.com\/en\/wp-json\/wp\/v2\/pages\/2858"}],"wp:featuredmedia":[{"embeddable":true,"href":"https:\/\/echappetoi.com\/en\/wp-json\/wp\/v2\/media\/2225"}],"wp:attachment":[{"href":"https:\/\/echappetoi.com\/en\/wp-json\/wp\/v2\/media?parent=2794"}],"curies":[{"name":"wp","href":"https:\/\/api.w.org\/{rel}","templated":true}]}}