{"id":2782,"date":"2015-08-27T11:33:05","date_gmt":"2015-08-27T11:33:05","guid":{"rendered":"https:\/\/echappetoi.com\/contact\/"},"modified":"2023-03-16T14:50:07","modified_gmt":"2023-03-16T18:50:07","slug":"contact","status":"publish","type":"page","link":"https:\/\/echappetoi.com\/en\/contact\/","title":{"rendered":"Contact"},"content":{"rendered":"<div id=\"pl-2782\"  class=\"panel-layout\" ><div id=\"pg-2782-0\"  class=\"panel-grid panel-no-style\" ><div id=\"pgc-2782-0-0\"  class=\"panel-grid-cell\" ><div class=\"panel-cell-style panel-cell-style-for-2782-0-0\" ><div id=\"panel-2782-0-0-0\" class=\"so-panel widget widget_black-studio-tinymce widget_black_studio_tinymce panel-first-child\" data-index=\"0\" ><div class=\"panel-widget-style panel-widget-style-for-2782-0-0-0\" ><div class=\"textwidget\"><\/div><\/div><\/div><div id=\"panel-2782-0-0-1\" class=\"so-panel widget widget_black-studio-tinymce widget_black_studio_tinymce panel-last-child\" data-index=\"1\" ><div class=\"featured-widget panel-widget-style panel-widget-style-for-2782-0-0-1\" ><div class=\"textwidget\"><p><strong><span class=\"icon-container\"><span class=\"fa fa-map-marker\" style=\"color:#FFF;\"><\/span><\/span> \u00c9chappe Toi<\/strong><br \/> <a href=\"https:\/\/www.google.fr\/maps\/place\/2244+Rue+Larivi%C3%A8re,+Montr%C3%A9al,+QC+H2K+4P8\/@45.5305521,-73.5596863,17z\/data=!3m1!4b1!4m5!3m4!1s0x4cc91bbef489dc65:0x37ab72de3e736bb0!8m2!3d45.5305521!4d-73.5574976\" target=\"_blank\" rel=\"noopener\">2244 rue Larivi\u00e8re<br \/> Montr\u00e9al, QC\u00a0H2K 4P8<br \/> CANADA<\/a><\/p>\n<hr \/>\n<p><strong><span class=\"icon-container\"><span class=\"fa fa-bus\" style=\"color:#FFF;\"><\/span><\/span> Transport en commun<\/strong><\/p>\n<p><span style=\"font-weight: 400;\"><strong>M\u00e9tro<\/strong> : Frontenac \/ Papineau<br \/><\/span><span style=\"font-weight: 400;\"><strong>Bus<\/strong> : 10, 24, 29, 125, 356, 360<\/span><\/p>\n<hr \/>\n<p><span class=\"icon-container\"><span class=\"fa fa-phone\" style=\"color:#FFF;\"><\/span><\/span> <a href=\"tel:+15149072200\">(514) 907-2200<\/a><\/p>\n<\/div><\/div><\/div><\/div><\/div><div id=\"pgc-2782-0-1\"  class=\"panel-grid-cell\" ><div id=\"panel-2782-0-1-0\" class=\"so-panel widget widget_black-studio-tinymce widget_black_studio_tinymce panel-first-child\" data-index=\"2\" ><div class=\"widget-title--big panel-widget-style panel-widget-style-for-2782-0-1-0\" ><h2 class=\"widget-title\"><span class=\"widget-title__inline\">O\u00f9 nous trouver<\/span><\/h2><div class=\"textwidget\"><\/div><\/div><\/div><div id=\"panel-2782-0-1-1\" class=\"so-panel widget widget_pw_google_map\" data-index=\"3\" >\n\n\t<div\n\t\tclass=\"simple-map  js-where-we-are\"\n\t\tdata-latlng=\"45.53055209999999,-73.55749759999998\"\n\t\tdata-markers=\"[{&quot;id&quot;:&quot;1&quot;,&quot;title&quot;:&quot;\\u00c9chappe Toi - Montr\\u00e9al&quot;,&quot;locationlatlng&quot;:&quot;45.53055209999999,-73.55749759999998&quot;,&quot;custompinimage&quot;:&quot;\\\/wp-content\\\/uploads\\\/2018\\\/02\\\/Pin-Montreal-Echappe-Toi.png&quot;}]\"\n\t\tdata-zoom=\"12\"\n\t\tdata-type=\"roadmap\"\n\t\tdata-style=\"[{&quot;featureType&quot;:&quot;water&quot;,&quot;elementType&quot;:&quot;geometry&quot;,&quot;stylers&quot;:[{&quot;color&quot;:&quot;#e9e9e9&quot;},{&quot;lightness&quot;:17}]},{&quot;featureType&quot;:&quot;landscape&quot;,&quot;elementType&quot;:&quot;geometry&quot;,&quot;stylers&quot;:[{&quot;color&quot;:&quot;#f5f5f5&quot;},{&quot;lightness&quot;:20}]},{&quot;featureType&quot;:&quot;road.highway&quot;,&quot;elementType&quot;:&quot;geometry.fill&quot;,&quot;stylers&quot;:[{&quot;color&quot;:&quot;#ffffff&quot;},{&quot;lightness&quot;:17}]},{&quot;featureType&quot;:&quot;road.highway&quot;,&quot;elementType&quot;:&quot;geometry.stroke&quot;,&quot;stylers&quot;:[{&quot;color&quot;:&quot;#ffffff&quot;},{&quot;lightness&quot;:29},{&quot;weight&quot;:0.2}]},{&quot;featureType&quot;:&quot;road.arterial&quot;,&quot;elementType&quot;:&quot;geometry&quot;,&quot;stylers&quot;:[{&quot;color&quot;:&quot;#ffffff&quot;},{&quot;lightness&quot;:18}]},{&quot;featureType&quot;:&quot;road.local&quot;,&quot;elementType&quot;:&quot;geometry&quot;,&quot;stylers&quot;:[{&quot;color&quot;:&quot;#ffffff&quot;},{&quot;lightness&quot;:16}]},{&quot;featureType&quot;:&quot;poi&quot;,&quot;elementType&quot;:&quot;geometry&quot;,&quot;stylers&quot;:[{&quot;color&quot;:&quot;#f5f5f5&quot;},{&quot;lightness&quot;:21}]},{&quot;featureType&quot;:&quot;poi.park&quot;,&quot;elementType&quot;:&quot;geometry&quot;,&quot;stylers&quot;:[{&quot;color&quot;:&quot;#dedede&quot;},{&quot;lightness&quot;:21}]},{&quot;elementType&quot;:&quot;labels.text.stroke&quot;,&quot;stylers&quot;:[{&quot;visibility&quot;:&quot;on&quot;},{&quot;color&quot;:&quot;#ffffff&quot;},{&quot;lightness&quot;:16}]},{&quot;elementType&quot;:&quot;labels.text.fill&quot;,&quot;stylers&quot;:[{&quot;saturation&quot;:36},{&quot;color&quot;:&quot;#333333&quot;},{&quot;lightness&quot;:40}]},{&quot;elementType&quot;:&quot;labels.icon&quot;,&quot;stylers&quot;:[{&quot;visibility&quot;:&quot;off&quot;}]},{&quot;featureType&quot;:&quot;transit&quot;,&quot;elementType&quot;:&quot;geometry&quot;,&quot;stylers&quot;:[{&quot;color&quot;:&quot;#f2f2f2&quot;},{&quot;lightness&quot;:19}]},{&quot;featureType&quot;:&quot;administrative&quot;,&quot;elementType&quot;:&quot;geometry.fill&quot;,&quot;stylers&quot;:[{&quot;color&quot;:&quot;#fefefe&quot;},{&quot;lightness&quot;:20}]},{&quot;featureType&quot;:&quot;administrative&quot;,&quot;elementType&quot;:&quot;geometry.stroke&quot;,&quot;stylers&quot;:[{&quot;color&quot;:&quot;#fefefe&quot;},{&quot;lightness&quot;:17},{&quot;weight&quot;:1.2}]}]\"\n\t\tstyle=\"height: 316px;\"\n\t><\/div>\n\n<\/div><div id=\"panel-2782-0-1-2\" class=\"so-panel widget widget_black-studio-tinymce widget_black_studio_tinymce panel-last-child\" data-index=\"4\" ><div class=\"textwidget\"><p><span style=\"font-weight: 400;\">Il est possible et assez facile de se stationner gratuitement dans les rues avoisinantes \u00e0 votre jeu d\u2019\u00e9vasion Echappe-Toi Montr\u00e9al. Pr\u00e9voyez juste quelques minutes pour trouver une place.<\/span><\/p>\n<\/div><\/div><\/div><\/div><div id=\"pg-2782-1\"  class=\"panel-grid panel-no-style\" ><div id=\"pgc-2782-1-0\"  class=\"panel-grid-cell\" ><div class=\"panel-cell-style panel-cell-style-for-2782-1-0\" ><div id=\"panel-2782-1-0-0\" class=\"so-panel widget widget_black-studio-tinymce widget_black_studio_tinymce panel-first-child\" data-index=\"5\" ><div class=\"widget-title--big panel-widget-style panel-widget-style-for-2782-1-0-0\" ><h2 class=\"widget-title\"><span class=\"widget-title__inline\">Montr\u00e9al<\/span><\/h2><div class=\"textwidget\"><\/div><\/div><\/div><div id=\"panel-2782-1-0-1\" class=\"so-panel widget widget_pw_opening_time opening-time panel-last-child\" data-index=\"6\" ><div class=\"featured-widget panel-widget-style panel-widget-style-for-2782-1-0-1\" >\n\n\t<div class=\"time-table\">\n\n\n\t\t<div class=\"inner-bg\">\n\t\t\t\t<dl class=\"week-day  closed\">\n\t\t\t\t\t<dt>Monday<\/dt>\n\t\t\t\t\t<dd>FERM\u00c9<\/dd>\n\t\t\t\t<\/dl>\n\t\t\t\t<dl class=\"week-day  light-bg\">\n\t\t\t\t\t<dt>Tuesday<\/dt>\n\t\t\t\t\t<dd>4:00 PM - 10:00 PM<\/dd>\n\t\t\t\t<\/dl>\n\t\t\t\t<dl class=\"week-day  today\">\n\t\t\t\t\t<dt>Wednesday<\/dt>\n\t\t\t\t\t<dd>4:00 PM - 10:00 PM<\/dd>\n\t\t\t\t<\/dl>\n\t\t\t\t<dl class=\"week-day  light-bg\">\n\t\t\t\t\t<dt>Thursday<\/dt>\n\t\t\t\t\t<dd>4:00 PM - 10:00 PM<\/dd>\n\t\t\t\t<\/dl>\n\t\t\t\t<dl class=\"week-day \">\n\t\t\t\t\t<dt>Friday<\/dt>\n\t\t\t\t\t<dd>9:00 AM - 12:00 AM<\/dd>\n\t\t\t\t<\/dl>\n\t\t\t\t<dl class=\"week-day  light-bg\">\n\t\t\t\t\t<dt>Saturday<\/dt>\n\t\t\t\t\t<dd>9:00 AM - 12:00 AM<\/dd>\n\t\t\t\t<\/dl>\n\t\t\t\t<dl class=\"week-day \">\n\t\t\t\t\t<dt>Sunday<\/dt>\n\t\t\t\t\t<dd>9:00 AM - 10:00 PM<\/dd>\n\t\t\t\t<\/dl>\n\t\t<\/div>\n\n\n\t<\/div>\n\n<\/div><\/div><\/div><\/div><div id=\"pgc-2782-1-1\"  class=\"panel-grid-cell\" ><div id=\"panel-2782-1-1-0\" class=\"so-panel widget widget_text panel-first-child panel-last-child\" data-index=\"7\" ><div class=\"widget-title--big panel-widget-style panel-widget-style-for-2782-1-1-0\" ><h2 class=\"widget-title\"><span class=\"widget-title__inline\">\u00c9crivez-nous un message<\/span><\/h2>\t\t\t<div class=\"textwidget\"><p><span style=\"font-weight: 400;\">Des questions? Vous pouvez consulter notre <\/span><a href=\"\/faq\/\"><span style=\"font-weight: 400;\">FAQ<\/span><\/a><\/p>\n<p><span style=\"font-weight: 400;\">Vous pouvez \u00e9galement nous contacter via le formulaire de contact ci-dessous. <\/span><\/p>\n<p><span style=\"font-weight: 400;\">Ou encore nous t\u00e9l\u00e9phoner: \u00a0<a href=\"tel:+15149072200\">(514) 907-2200<\/a><\/span><\/p>\n<p><script type=\"text\/javascript\">\n(function(d, src, c) { var t=d.scripts[d.scripts.length - 1],s=d.createElement('script');s.id='la_x2s6df8d';s.async=true;s.src=src;s.onload=s.onreadystatechange=function(){var rs=this.readyState;if(rs&&(rs!='complete')&&(rs!='loaded')){return;}c(this);};t.parentElement.insertBefore(s,t.nextSibling);})(document,\n'https:\/\/echappetoi.ladesk.com\/scripts\/track.js',\nfunction(e){ LiveAgent.createForm('d535f5ea', e); });\n<\/script><\/p>\n<\/div>\n\t\t<\/div><\/div><\/div><\/div><\/div>","protected":false},"excerpt":{"rendered":"<p>\u00c9chappe Toi 2244 rue Larivi\u00e8re Montr\u00e9al, QC\u00a0H2K 4P8 CANADA Transport en communM\u00e9tro : Frontenac \/ PapineauBus : 10, 24, 29, 125, 356, 360 (514) 907-2200 Il est possible et assez facile de se stationner gratuitement dans les rues avoisinantes \u00e0 votre jeu d\u2019\u00e9vasion Echappe-Toi Montr\u00e9al. Pr\u00e9voyez juste quelques minutes pour trouver une place. Des questions? &hellip;<\/p>\n","protected":false},"author":5,"featured_media":0,"parent":0,"menu_order":0,"comment_status":"closed","ping_status":"closed","template":"","meta":{"_acf_changed":false,"footnotes":""},"class_list":["post-2782","page","type-page","status-publish","hentry"],"acf":[],"yoast_head":"<!-- This site is optimized with the Yoast SEO plugin v27.4 - https:\/\/yoast.com\/product\/yoast-seo-wordpress\/ -->\n<title>Contactez votre jeu d\u2019\u00e9vasion pr\u00e9f\u00e9r\u00e9 \u00e0 Montr\u00e9al - \u00c9chappe-toi<\/title>\n<meta name=\"description\" content=\"Vous aimeriez participer au c\u00e9l\u00e8bre jeu d\u2019\u00e9vasion \u00c9chappe-toi \u00e0 Montr\u00e9al mais vous avez des questions qui vous viennent \u00e0 l\u2019esprit ? Vous pouvez contacter \u00c9chappe-toi par courriel ou par t\u00e9l\u00e9phone d\u00e8s aujourd\u2019hui. Ne laissez pas vos questions sans r\u00e9ponses !\" \/>\n<meta name=\"robots\" content=\"index, follow, max-snippet:-1, max-image-preview:large, max-video-preview:-1\" \/>\n<link rel=\"canonical\" href=\"https:\/\/echappetoi.com\/en\/contact\/\" \/>\n<meta property=\"og:locale\" content=\"en_US\" \/>\n<meta property=\"og:type\" content=\"article\" \/>\n<meta property=\"og:title\" content=\"Contactez votre jeu d\u2019\u00e9vasion pr\u00e9f\u00e9r\u00e9 \u00e0 Montr\u00e9al - \u00c9chappe-toi\" \/>\n<meta property=\"og:description\" content=\"Vous aimeriez participer au c\u00e9l\u00e8bre jeu d\u2019\u00e9vasion \u00c9chappe-toi \u00e0 Montr\u00e9al mais vous avez des questions qui vous viennent \u00e0 l\u2019esprit ? Vous pouvez contacter \u00c9chappe-toi par courriel ou par t\u00e9l\u00e9phone d\u00e8s aujourd\u2019hui. Ne laissez pas vos questions sans r\u00e9ponses !\" \/>\n<meta property=\"og:url\" content=\"https:\/\/echappetoi.com\/en\/contact\/\" \/>\n<meta property=\"og:site_name\" content=\"\u00c9chappe Toi\" \/>\n<meta property=\"article:publisher\" content=\"https:\/\/www.facebook.com\/echappetoi\" \/>\n<meta property=\"article:modified_time\" content=\"2023-03-16T18:50:07+00:00\" \/>\n<meta name=\"twitter:card\" content=\"summary_large_image\" \/>\n<meta name=\"twitter:site\" content=\"@echappet\" \/>\n<meta name=\"twitter:label1\" content=\"Est. reading time\" \/>\n\t<meta name=\"twitter:data1\" content=\"1 minute\" \/>\n<script type=\"application\/ld+json\" class=\"yoast-schema-graph\">{\"@context\":\"https:\\\/\\\/schema.org\",\"@graph\":[{\"@type\":\"WebPage\",\"@id\":\"https:\\\/\\\/echappetoi.com\\\/en\\\/contact\\\/\",\"url\":\"https:\\\/\\\/echappetoi.com\\\/en\\\/contact\\\/\",\"name\":\"Contactez votre jeu d\u2019\u00e9vasion pr\u00e9f\u00e9r\u00e9 \u00e0 Montr\u00e9al - \u00c9chappe-toi\",\"isPartOf\":{\"@id\":\"https:\\\/\\\/echappetoi.com\\\/#website\"},\"datePublished\":\"2015-08-27T11:33:05+00:00\",\"dateModified\":\"2023-03-16T18:50:07+00:00\",\"description\":\"Vous aimeriez participer au c\u00e9l\u00e8bre jeu d\u2019\u00e9vasion \u00c9chappe-toi \u00e0 Montr\u00e9al mais vous avez des questions qui vous viennent \u00e0 l\u2019esprit ? Vous pouvez contacter \u00c9chappe-toi par courriel ou par t\u00e9l\u00e9phone d\u00e8s aujourd\u2019hui. Ne laissez pas vos questions sans r\u00e9ponses !\",\"breadcrumb\":{\"@id\":\"https:\\\/\\\/echappetoi.com\\\/en\\\/contact\\\/#breadcrumb\"},\"inLanguage\":\"en-US\",\"potentialAction\":[{\"@type\":\"ReadAction\",\"target\":[\"https:\\\/\\\/echappetoi.com\\\/en\\\/contact\\\/\"]}]},{\"@type\":\"BreadcrumbList\",\"@id\":\"https:\\\/\\\/echappetoi.com\\\/en\\\/contact\\\/#breadcrumb\",\"itemListElement\":[{\"@type\":\"ListItem\",\"position\":1,\"name\":\"Accueil\",\"item\":\"https:\\\/\\\/echappetoi.com\\\/en\\\/\"},{\"@type\":\"ListItem\",\"position\":2,\"name\":\"Contact\"}]},{\"@type\":\"WebSite\",\"@id\":\"https:\\\/\\\/echappetoi.com\\\/#website\",\"url\":\"https:\\\/\\\/echappetoi.com\\\/\",\"name\":\"\u00c9chappe Toi\",\"description\":\"Montr\u00e9al Escape Games\",\"publisher\":{\"@id\":\"https:\\\/\\\/echappetoi.com\\\/#organization\"},\"potentialAction\":[{\"@type\":\"SearchAction\",\"target\":{\"@type\":\"EntryPoint\",\"urlTemplate\":\"https:\\\/\\\/echappetoi.com\\\/?s={search_term_string}\"},\"query-input\":{\"@type\":\"PropertyValueSpecification\",\"valueRequired\":true,\"valueName\":\"search_term_string\"}}],\"inLanguage\":\"en-US\"},{\"@type\":\"Organization\",\"@id\":\"https:\\\/\\\/echappetoi.com\\\/#organization\",\"name\":\"\u00c9chappe-Toi\",\"url\":\"https:\\\/\\\/echappetoi.com\\\/\",\"logo\":{\"@type\":\"ImageObject\",\"inLanguage\":\"en-US\",\"@id\":\"https:\\\/\\\/echappetoi.com\\\/#\\\/schema\\\/logo\\\/image\\\/\",\"url\":\"https:\\\/\\\/echappetoi.com\\\/wp-content\\\/uploads\\\/2018\\\/02\\\/Logo-Echappe-Toi-Aventure-Immersive-big-with-baseline.png\",\"contentUrl\":\"https:\\\/\\\/echappetoi.com\\\/wp-content\\\/uploads\\\/2018\\\/02\\\/Logo-Echappe-Toi-Aventure-Immersive-big-with-baseline.png\",\"width\":\"400\",\"height\":\"234\",\"caption\":\"\u00c9chappe-Toi\"},\"image\":{\"@id\":\"https:\\\/\\\/echappetoi.com\\\/#\\\/schema\\\/logo\\\/image\\\/\"},\"sameAs\":[\"https:\\\/\\\/www.facebook.com\\\/echappetoi\",\"https:\\\/\\\/x.com\\\/echappet\",\"https:\\\/\\\/www.linkedin.com\\\/company\\\/echappe-toi\"]}]}<\/script>\n<!-- \/ Yoast SEO plugin. -->","yoast_head_json":{"title":"Contactez votre jeu d\u2019\u00e9vasion pr\u00e9f\u00e9r\u00e9 \u00e0 Montr\u00e9al - \u00c9chappe-toi","description":"Vous aimeriez participer au c\u00e9l\u00e8bre jeu d\u2019\u00e9vasion \u00c9chappe-toi \u00e0 Montr\u00e9al mais vous avez des questions qui vous viennent \u00e0 l\u2019esprit ? Vous pouvez contacter \u00c9chappe-toi par courriel ou par t\u00e9l\u00e9phone d\u00e8s aujourd\u2019hui. Ne laissez pas vos questions sans r\u00e9ponses !","robots":{"index":"index","follow":"follow","max-snippet":"max-snippet:-1","max-image-preview":"max-image-preview:large","max-video-preview":"max-video-preview:-1"},"canonical":"https:\/\/echappetoi.com\/en\/contact\/","og_locale":"en_US","og_type":"article","og_title":"Contactez votre jeu d\u2019\u00e9vasion pr\u00e9f\u00e9r\u00e9 \u00e0 Montr\u00e9al - \u00c9chappe-toi","og_description":"Vous aimeriez participer au c\u00e9l\u00e8bre jeu d\u2019\u00e9vasion \u00c9chappe-toi \u00e0 Montr\u00e9al mais vous avez des questions qui vous viennent \u00e0 l\u2019esprit ? Vous pouvez contacter \u00c9chappe-toi par courriel ou par t\u00e9l\u00e9phone d\u00e8s aujourd\u2019hui. Ne laissez pas vos questions sans r\u00e9ponses !","og_url":"https:\/\/echappetoi.com\/en\/contact\/","og_site_name":"\u00c9chappe Toi","article_publisher":"https:\/\/www.facebook.com\/echappetoi","article_modified_time":"2023-03-16T18:50:07+00:00","twitter_card":"summary_large_image","twitter_site":"@echappet","twitter_misc":{"Est. reading time":"1 minute"},"schema":{"@context":"https:\/\/schema.org","@graph":[{"@type":"WebPage","@id":"https:\/\/echappetoi.com\/en\/contact\/","url":"https:\/\/echappetoi.com\/en\/contact\/","name":"Contactez votre jeu d\u2019\u00e9vasion pr\u00e9f\u00e9r\u00e9 \u00e0 Montr\u00e9al - \u00c9chappe-toi","isPartOf":{"@id":"https:\/\/echappetoi.com\/#website"},"datePublished":"2015-08-27T11:33:05+00:00","dateModified":"2023-03-16T18:50:07+00:00","description":"Vous aimeriez participer au c\u00e9l\u00e8bre jeu d\u2019\u00e9vasion \u00c9chappe-toi \u00e0 Montr\u00e9al mais vous avez des questions qui vous viennent \u00e0 l\u2019esprit ? Vous pouvez contacter \u00c9chappe-toi par courriel ou par t\u00e9l\u00e9phone d\u00e8s aujourd\u2019hui. Ne laissez pas vos questions sans r\u00e9ponses !","breadcrumb":{"@id":"https:\/\/echappetoi.com\/en\/contact\/#breadcrumb"},"inLanguage":"en-US","potentialAction":[{"@type":"ReadAction","target":["https:\/\/echappetoi.com\/en\/contact\/"]}]},{"@type":"BreadcrumbList","@id":"https:\/\/echappetoi.com\/en\/contact\/#breadcrumb","itemListElement":[{"@type":"ListItem","position":1,"name":"Accueil","item":"https:\/\/echappetoi.com\/en\/"},{"@type":"ListItem","position":2,"name":"Contact"}]},{"@type":"WebSite","@id":"https:\/\/echappetoi.com\/#website","url":"https:\/\/echappetoi.com\/","name":"\u00c9chappe Toi","description":"Montr\u00e9al Escape Games","publisher":{"@id":"https:\/\/echappetoi.com\/#organization"},"potentialAction":[{"@type":"SearchAction","target":{"@type":"EntryPoint","urlTemplate":"https:\/\/echappetoi.com\/?s={search_term_string}"},"query-input":{"@type":"PropertyValueSpecification","valueRequired":true,"valueName":"search_term_string"}}],"inLanguage":"en-US"},{"@type":"Organization","@id":"https:\/\/echappetoi.com\/#organization","name":"\u00c9chappe-Toi","url":"https:\/\/echappetoi.com\/","logo":{"@type":"ImageObject","inLanguage":"en-US","@id":"https:\/\/echappetoi.com\/#\/schema\/logo\/image\/","url":"https:\/\/echappetoi.com\/wp-content\/uploads\/2018\/02\/Logo-Echappe-Toi-Aventure-Immersive-big-with-baseline.png","contentUrl":"https:\/\/echappetoi.com\/wp-content\/uploads\/2018\/02\/Logo-Echappe-Toi-Aventure-Immersive-big-with-baseline.png","width":"400","height":"234","caption":"\u00c9chappe-Toi"},"image":{"@id":"https:\/\/echappetoi.com\/#\/schema\/logo\/image\/"},"sameAs":["https:\/\/www.facebook.com\/echappetoi","https:\/\/x.com\/echappet","https:\/\/www.linkedin.com\/company\/echappe-toi"]}]}},"_links":{"self":[{"href":"https:\/\/echappetoi.com\/en\/wp-json\/wp\/v2\/pages\/2782","targetHints":{"allow":["GET"]}}],"collection":[{"href":"https:\/\/echappetoi.com\/en\/wp-json\/wp\/v2\/pages"}],"about":[{"href":"https:\/\/echappetoi.com\/en\/wp-json\/wp\/v2\/types\/page"}],"author":[{"embeddable":true,"href":"https:\/\/echappetoi.com\/en\/wp-json\/wp\/v2\/users\/5"}],"replies":[{"embeddable":true,"href":"https:\/\/echappetoi.com\/en\/wp-json\/wp\/v2\/comments?post=2782"}],"version-history":[{"count":0,"href":"https:\/\/echappetoi.com\/en\/wp-json\/wp\/v2\/pages\/2782\/revisions"}],"wp:attachment":[{"href":"https:\/\/echappetoi.com\/en\/wp-json\/wp\/v2\/media?parent=2782"}],"curies":[{"name":"wp","href":"https:\/\/api.w.org\/{rel}","templated":true}]}}