{"id":2775,"date":"2018-02-14T14:32:25","date_gmt":"2018-02-14T19:32:25","guid":{"rendered":"https:\/\/echappetoi.com\/certificat-cadeau-jeu-evasion-montreal\/"},"modified":"2025-12-01T02:24:35","modified_gmt":"2025-12-01T07:24:35","slug":"certificat-cadeau-jeu-evasion-montreal-2","status":"publish","type":"page","link":"https:\/\/echappetoi.com\/en\/certificat-cadeau-jeu-evasion-montreal-2\/","title":{"rendered":"Gift Certificate"},"content":{"rendered":"<div id=\"pl-2775\"  class=\"panel-layout\" ><div id=\"pg-2775-0\"  class=\"panel-grid panel-no-style\" ><div id=\"pgc-2775-0-0\"  class=\"panel-grid-cell\" ><div id=\"panel-2775-0-0-0\" class=\"so-panel widget widget_black-studio-tinymce widget_black_studio_tinymce panel-first-child\" data-index=\"0\" ><div class=\"widget-title--big panel-widget-style panel-widget-style-for-2775-0-0-0\" ><div class=\"textwidget\"><h1>Gift Certificate<\/h1>\n<p>You enjoyed the challenge offered and tried to exit from one of your escape rooms in less than 60 minutes at Echappe-Toi Montreal and want to share the fun with your friends and family? \u00a0Are you looking for an original gift idea? You want to make someone happy by offering the possibility of participating in an escape room? You want to make others discover Montreal through a fun experience?<\/p>\n<p>We suggest you get them a gift certificate! Whether it is for your family, partner, children, or friends, you can rest assured that they will be pleased to participate in an escape room at Echappe-Toi Montreal. In addition, our gift certificates are valid without time limit, and in all escape centers of the Echappe-Toi Group (<a href=\"http:\/\/findthekey.ca\">Find the Key<\/a>, <a href=\"https:\/\/vortexmontreal.ca\/#\">Vortex Montreal<\/a> and Echappe-Toi)<\/p>\n<p>How to? Nothing is simpler! To start, you need to buy the gift certificate on the Echappe-Toi Montreal website (internal link). You will receive a confirmation email. This email will also have the code for the voucher. You can then download the official gift certificate to give away the ticket(s) you purchased.<\/p>\n<p>Once the certificate is printed, all that is left for you to do is to inscribe the number of tickets and the gift certificate code that you received in the mail! Easy, isn\u2019t it?<\/p>\n<p>No need to hesitate and get your gift certificate for an unforgettable adventure at Echappe-Toi Montreal.<\/p>\n<\/div><\/div><\/div><div id=\"panel-2775-0-0-1\" class=\"so-panel widget widget_sow-editor panel-last-child\" data-index=\"1\" ><div\n\t\t\t\n\t\t\tclass=\"so-widget-sow-editor so-widget-sow-editor-base\"\n\t\t\t\n\t\t>\n<div class=\"siteorigin-widget-tinymce textwidget\">\n\t<div class=\"forescape\" data-subdomain=\"echappetoi-montreal\" data-type=\"shop\" data-products=\"5dbc96f6b832960f0018a102,5dbf4567b832960f0018a48f\" data-language=\"en\"><\/div>\n<p><script>!function(e,t){var r=e.createElement(t),a=e.getElementsByTagName(t)[0],n=new Date,s=\"\"+n.getFullYear()+(\"0\"+(n.getMonth()+1)).slice(-2)+(\"0\"+n.getDate()).slice(-2);r.defer=1,r.src=\"https:\/\/echappetoi-montreal.4escape.io\/public\/js\/iframe.min.js?v=\"+s,a.parentNode.insertBefore(r,a)}(document,\"script\");<\/script><\/p>\n<\/div>\n<\/div><\/div><\/div><\/div><div id=\"pg-2775-1\"  class=\"panel-grid panel-has-style\" ><div class=\"certificats panel-row-style panel-row-style-for-2775-1\" ><div id=\"pgc-2775-1-0\"  class=\"panel-grid-cell\" ><div id=\"panel-2775-1-0-0\" class=\"so-panel widget widget_pw_brochure_box widget-brochure-box panel-first-child panel-last-child\" data-index=\"2\" ><div class=\"panel-widget-style panel-widget-style-for-2775-1-0-0\" >\n\n\t<h2 class=\"widget-title\"><span class=\"widget-title__inline\">Adult Gift Certificate<\/span><\/h2>\n\n\t<a class=\"brochure-box\" href=\"https:\/\/echappetoi.com\/wp-content\/uploads\/2021\/08\/Gift_certificate_-_Adult_-_Anglais-1.pdf\" target=\"_blank\">\n\t\t<span class=\"brochure-box__icon\"><i class=\"fa  fa-file-pdf-o\"><\/i><\/span>\n\t\t<h5 class=\"brochure-box__text\">Download<\/h5>\n\t<\/a>\n\n<\/div><\/div><\/div><div id=\"pgc-2775-1-1\"  class=\"panel-grid-cell\" ><div id=\"panel-2775-1-1-0\" class=\"so-panel widget widget_pw_brochure_box widget-brochure-box panel-first-child panel-last-child\" data-index=\"3\" ><div class=\"panel-widget-style panel-widget-style-for-2775-1-1-0\" >\n\n\t<h2 class=\"widget-title\"><span class=\"widget-title__inline\">Student Gift Certificate<\/span><\/h2>\n\n\t<a class=\"brochure-box\" href=\"https:\/\/echappetoi.com\/wp-content\/uploads\/2021\/08\/Gift_certificate_-_student_-_Anglais.pdf\" target=\"_blank\">\n\t\t<span class=\"brochure-box__icon\"><i class=\"fa  fa-file-pdf-o\"><\/i><\/span>\n\t\t<h5 class=\"brochure-box__text\">Download<\/h5>\n\t<\/a>\n\n<\/div><\/div><\/div><div id=\"pgc-2775-1-2\"  class=\"panel-grid-cell\" ><div id=\"panel-2775-1-2-0\" class=\"so-panel widget widget_pw_brochure_box widget-brochure-box panel-first-child panel-last-child\" data-index=\"4\" ><div class=\"panel-widget-style panel-widget-style-for-2775-1-2-0\" >\n\n\t<h2 class=\"widget-title\"><span class=\"widget-title__inline\">Child Gift Certificate<\/span><\/h2>\n\n\t<a class=\"brochure-box\" href=\"https:\/\/echappetoi.com\/wp-content\/uploads\/2021\/08\/Gift_certificate_-_child_-_Anglais.pdf\" target=\"_blank\">\n\t\t<span class=\"brochure-box__icon\"><i class=\"fa  fa-file-pdf-o\"><\/i><\/span>\n\t\t<h5 class=\"brochure-box__text\">Download<\/h5>\n\t<\/a>\n\n<\/div><\/div><\/div><\/div><\/div><div id=\"pg-2775-2\"  class=\"panel-grid panel-no-style\" ><div id=\"pgc-2775-2-0\"  class=\"panel-grid-cell\" ><div id=\"panel-2775-2-0-0\" class=\"so-panel widget widget_black-studio-tinymce widget_black_studio_tinymce panel-first-child\" data-index=\"5\" ><div class=\"textwidget\"><h2>Use a gift certificate<\/h2>\n<p>Did a friend give you a gift certificate? Or did you win a gift certificate at a benefit event?<\/p>\n<p>Keep the 9-digit alphanumeric code you received. You will be asked to reserve your experience on the date of your choice - subject to availability - whether you choose to <a href=\"https:\/\/echappetoi.com\/en\/reservation\/\">reserve by Internet<\/a> or by phone (514 907-2200).<\/p>\n<p>The gift certificate is valid for all Escape Centers of Groupe \u00c9chappe-Toi (Find the Key, Vortex Montreal and \u00c9chappe-Toi)<\/p>\n<p>&nbsp;<\/p>\n<h2>Learn more about gift certificates<\/h2>\n<p>Find all the scenarios of our escape games here : <a href=\"https:\/\/echappetoi.com\/en\/jeu-evasion-montreal\/\">ALL SCENARIOS<\/a><\/p>\n<p>Learn more about <a href=\"https:\/\/en.wikipedia.org\/wiki\/Gift_card\">gift certificates<\/a>.<\/p>\n<p>&nbsp;<\/p>\n<\/div><\/div><div id=\"panel-2775-2-0-1\" class=\"so-panel widget widget_black-studio-tinymce widget_black_studio_tinymce panel-last-child\" data-index=\"6\" ><div class=\"widget-title--big panel-widget-style panel-widget-style-for-2775-2-0-1\" ><h2 class=\"widget-title\"><span class=\"widget-title__inline\">Additional information on our gift certificates<\/span><\/h2><div class=\"textwidget\"><p>You can find all our escape room scenarios here: <a href=\"\/en\/jeu-evasion-montreal\/\">ALL SCENARIOS<\/a><\/p>\n<p>All the information on <a href=\"https:\/\/fr.wikipedia.org\/wiki\/Ch%C3%A8que_cadeau\" target=\"_blank\" rel=\"noopener\">gift certificates<\/a>.<\/p>\n<\/div>\n<\/div><\/div><\/div><\/div><\/div><\/div>","protected":false},"excerpt":{"rendered":"<p>Gift Certificate You enjoyed the challenge offered and tried to exit from one of your escape rooms in less than 60 minutes at Echappe-Toi Montreal and want to share the fun with your friends and family? \u00a0Are you looking for an original gift idea? You want to make someone happy by offering the possibility of &hellip;<\/p>\n","protected":false},"author":5,"featured_media":0,"parent":0,"menu_order":0,"comment_status":"closed","ping_status":"closed","template":"","meta":{"_acf_changed":false,"footnotes":""},"class_list":["post-2775","page","type-page","status-publish","hentry"],"acf":[],"yoast_head":"<!-- This site is optimized with the Yoast SEO plugin v27.3 - https:\/\/yoast.com\/product\/yoast-seo-wordpress\/ -->\n<title>Certificat cadeau de jeu d\u2019\u00e9vasion \u00e0 Montr\u00e9al - \u00c9chappe-toi<\/title>\n<meta name=\"description\" content=\"Vous souhaitez faire plaisir \u00e0 vos proches en leur offrant un cadeau unique qui leur fera vivre une exp\u00e9rience inoubliable ? Offrez-leur un certificat cadeau de jeu d\u2019\u00e9vasion \u00e0 Montr\u00e9al ! \u00c9chappe-toi vous permet de g\u00e2ter vos proches en les faisant participer \u00e0 une aventure unique \u00e0 Montr\u00e9al.\" \/>\n<meta name=\"robots\" content=\"index, follow, max-snippet:-1, max-image-preview:large, max-video-preview:-1\" \/>\n<link rel=\"canonical\" href=\"https:\/\/echappetoi.com\/en\/certificat-cadeau-jeu-evasion-montreal-2\/\" \/>\n<meta property=\"og:locale\" content=\"en_US\" \/>\n<meta property=\"og:type\" content=\"article\" \/>\n<meta property=\"og:title\" content=\"Certificat cadeau de jeu d\u2019\u00e9vasion \u00e0 Montr\u00e9al - \u00c9chappe-toi\" \/>\n<meta property=\"og:description\" content=\"Vous souhaitez faire plaisir \u00e0 vos proches en leur offrant un cadeau unique qui leur fera vivre une exp\u00e9rience inoubliable ? Offrez-leur un certificat cadeau de jeu d\u2019\u00e9vasion \u00e0 Montr\u00e9al ! \u00c9chappe-toi vous permet de g\u00e2ter vos proches en les faisant participer \u00e0 une aventure unique \u00e0 Montr\u00e9al.\" \/>\n<meta property=\"og:url\" content=\"https:\/\/echappetoi.com\/en\/certificat-cadeau-jeu-evasion-montreal-2\/\" \/>\n<meta property=\"og:site_name\" content=\"\u00c9chappe Toi\" \/>\n<meta property=\"article:publisher\" content=\"https:\/\/www.facebook.com\/echappetoi\" \/>\n<meta property=\"article:modified_time\" content=\"2025-12-01T07:24:35+00:00\" \/>\n<meta name=\"twitter:card\" content=\"summary_large_image\" \/>\n<meta name=\"twitter:site\" content=\"@echappet\" \/>\n<meta name=\"twitter:label1\" content=\"Est. reading time\" \/>\n\t<meta name=\"twitter:data1\" content=\"2 minutes\" \/>\n<script type=\"application\/ld+json\" class=\"yoast-schema-graph\">{\"@context\":\"https:\\\/\\\/schema.org\",\"@graph\":[{\"@type\":\"WebPage\",\"@id\":\"https:\\\/\\\/echappetoi.com\\\/en\\\/certificat-cadeau-jeu-evasion-montreal-2\\\/\",\"url\":\"https:\\\/\\\/echappetoi.com\\\/en\\\/certificat-cadeau-jeu-evasion-montreal-2\\\/\",\"name\":\"Certificat cadeau de jeu d\u2019\u00e9vasion \u00e0 Montr\u00e9al - \u00c9chappe-toi\",\"isPartOf\":{\"@id\":\"https:\\\/\\\/echappetoi.com\\\/#website\"},\"datePublished\":\"2018-02-14T19:32:25+00:00\",\"dateModified\":\"2025-12-01T07:24:35+00:00\",\"description\":\"Vous souhaitez faire plaisir \u00e0 vos proches en leur offrant un cadeau unique qui leur fera vivre une exp\u00e9rience inoubliable ? Offrez-leur un certificat cadeau de jeu d\u2019\u00e9vasion \u00e0 Montr\u00e9al ! \u00c9chappe-toi vous permet de g\u00e2ter vos proches en les faisant participer \u00e0 une aventure unique \u00e0 Montr\u00e9al.\",\"breadcrumb\":{\"@id\":\"https:\\\/\\\/echappetoi.com\\\/en\\\/certificat-cadeau-jeu-evasion-montreal-2\\\/#breadcrumb\"},\"inLanguage\":\"en-US\",\"potentialAction\":[{\"@type\":\"ReadAction\",\"target\":[\"https:\\\/\\\/echappetoi.com\\\/en\\\/certificat-cadeau-jeu-evasion-montreal-2\\\/\"]}]},{\"@type\":\"BreadcrumbList\",\"@id\":\"https:\\\/\\\/echappetoi.com\\\/en\\\/certificat-cadeau-jeu-evasion-montreal-2\\\/#breadcrumb\",\"itemListElement\":[{\"@type\":\"ListItem\",\"position\":1,\"name\":\"Accueil\",\"item\":\"https:\\\/\\\/echappetoi.com\\\/en\\\/\"},{\"@type\":\"ListItem\",\"position\":2,\"name\":\"Gift Certificate\"}]},{\"@type\":\"WebSite\",\"@id\":\"https:\\\/\\\/echappetoi.com\\\/#website\",\"url\":\"https:\\\/\\\/echappetoi.com\\\/\",\"name\":\"\u00c9chappe Toi\",\"description\":\"Montr\u00e9al Escape Games\",\"publisher\":{\"@id\":\"https:\\\/\\\/echappetoi.com\\\/#organization\"},\"potentialAction\":[{\"@type\":\"SearchAction\",\"target\":{\"@type\":\"EntryPoint\",\"urlTemplate\":\"https:\\\/\\\/echappetoi.com\\\/?s={search_term_string}\"},\"query-input\":{\"@type\":\"PropertyValueSpecification\",\"valueRequired\":true,\"valueName\":\"search_term_string\"}}],\"inLanguage\":\"en-US\"},{\"@type\":\"Organization\",\"@id\":\"https:\\\/\\\/echappetoi.com\\\/#organization\",\"name\":\"\u00c9chappe-Toi\",\"url\":\"https:\\\/\\\/echappetoi.com\\\/\",\"logo\":{\"@type\":\"ImageObject\",\"inLanguage\":\"en-US\",\"@id\":\"https:\\\/\\\/echappetoi.com\\\/#\\\/schema\\\/logo\\\/image\\\/\",\"url\":\"https:\\\/\\\/echappetoi.com\\\/wp-content\\\/uploads\\\/2018\\\/02\\\/Logo-Echappe-Toi-Aventure-Immersive-big-with-baseline.png\",\"contentUrl\":\"https:\\\/\\\/echappetoi.com\\\/wp-content\\\/uploads\\\/2018\\\/02\\\/Logo-Echappe-Toi-Aventure-Immersive-big-with-baseline.png\",\"width\":\"400\",\"height\":\"234\",\"caption\":\"\u00c9chappe-Toi\"},\"image\":{\"@id\":\"https:\\\/\\\/echappetoi.com\\\/#\\\/schema\\\/logo\\\/image\\\/\"},\"sameAs\":[\"https:\\\/\\\/www.facebook.com\\\/echappetoi\",\"https:\\\/\\\/x.com\\\/echappet\",\"https:\\\/\\\/www.linkedin.com\\\/company\\\/echappe-toi\"]}]}<\/script>\n<!-- \/ Yoast SEO plugin. -->","yoast_head_json":{"title":"Certificat cadeau de jeu d\u2019\u00e9vasion \u00e0 Montr\u00e9al - \u00c9chappe-toi","description":"Vous souhaitez faire plaisir \u00e0 vos proches en leur offrant un cadeau unique qui leur fera vivre une exp\u00e9rience inoubliable ? Offrez-leur un certificat cadeau de jeu d\u2019\u00e9vasion \u00e0 Montr\u00e9al ! \u00c9chappe-toi vous permet de g\u00e2ter vos proches en les faisant participer \u00e0 une aventure unique \u00e0 Montr\u00e9al.","robots":{"index":"index","follow":"follow","max-snippet":"max-snippet:-1","max-image-preview":"max-image-preview:large","max-video-preview":"max-video-preview:-1"},"canonical":"https:\/\/echappetoi.com\/en\/certificat-cadeau-jeu-evasion-montreal-2\/","og_locale":"en_US","og_type":"article","og_title":"Certificat cadeau de jeu d\u2019\u00e9vasion \u00e0 Montr\u00e9al - \u00c9chappe-toi","og_description":"Vous souhaitez faire plaisir \u00e0 vos proches en leur offrant un cadeau unique qui leur fera vivre une exp\u00e9rience inoubliable ? Offrez-leur un certificat cadeau de jeu d\u2019\u00e9vasion \u00e0 Montr\u00e9al ! \u00c9chappe-toi vous permet de g\u00e2ter vos proches en les faisant participer \u00e0 une aventure unique \u00e0 Montr\u00e9al.","og_url":"https:\/\/echappetoi.com\/en\/certificat-cadeau-jeu-evasion-montreal-2\/","og_site_name":"\u00c9chappe Toi","article_publisher":"https:\/\/www.facebook.com\/echappetoi","article_modified_time":"2025-12-01T07:24:35+00:00","twitter_card":"summary_large_image","twitter_site":"@echappet","twitter_misc":{"Est. reading time":"2 minutes"},"schema":{"@context":"https:\/\/schema.org","@graph":[{"@type":"WebPage","@id":"https:\/\/echappetoi.com\/en\/certificat-cadeau-jeu-evasion-montreal-2\/","url":"https:\/\/echappetoi.com\/en\/certificat-cadeau-jeu-evasion-montreal-2\/","name":"Certificat cadeau de jeu d\u2019\u00e9vasion \u00e0 Montr\u00e9al - \u00c9chappe-toi","isPartOf":{"@id":"https:\/\/echappetoi.com\/#website"},"datePublished":"2018-02-14T19:32:25+00:00","dateModified":"2025-12-01T07:24:35+00:00","description":"Vous souhaitez faire plaisir \u00e0 vos proches en leur offrant un cadeau unique qui leur fera vivre une exp\u00e9rience inoubliable ? Offrez-leur un certificat cadeau de jeu d\u2019\u00e9vasion \u00e0 Montr\u00e9al ! \u00c9chappe-toi vous permet de g\u00e2ter vos proches en les faisant participer \u00e0 une aventure unique \u00e0 Montr\u00e9al.","breadcrumb":{"@id":"https:\/\/echappetoi.com\/en\/certificat-cadeau-jeu-evasion-montreal-2\/#breadcrumb"},"inLanguage":"en-US","potentialAction":[{"@type":"ReadAction","target":["https:\/\/echappetoi.com\/en\/certificat-cadeau-jeu-evasion-montreal-2\/"]}]},{"@type":"BreadcrumbList","@id":"https:\/\/echappetoi.com\/en\/certificat-cadeau-jeu-evasion-montreal-2\/#breadcrumb","itemListElement":[{"@type":"ListItem","position":1,"name":"Accueil","item":"https:\/\/echappetoi.com\/en\/"},{"@type":"ListItem","position":2,"name":"Gift Certificate"}]},{"@type":"WebSite","@id":"https:\/\/echappetoi.com\/#website","url":"https:\/\/echappetoi.com\/","name":"\u00c9chappe Toi","description":"Montr\u00e9al Escape Games","publisher":{"@id":"https:\/\/echappetoi.com\/#organization"},"potentialAction":[{"@type":"SearchAction","target":{"@type":"EntryPoint","urlTemplate":"https:\/\/echappetoi.com\/?s={search_term_string}"},"query-input":{"@type":"PropertyValueSpecification","valueRequired":true,"valueName":"search_term_string"}}],"inLanguage":"en-US"},{"@type":"Organization","@id":"https:\/\/echappetoi.com\/#organization","name":"\u00c9chappe-Toi","url":"https:\/\/echappetoi.com\/","logo":{"@type":"ImageObject","inLanguage":"en-US","@id":"https:\/\/echappetoi.com\/#\/schema\/logo\/image\/","url":"https:\/\/echappetoi.com\/wp-content\/uploads\/2018\/02\/Logo-Echappe-Toi-Aventure-Immersive-big-with-baseline.png","contentUrl":"https:\/\/echappetoi.com\/wp-content\/uploads\/2018\/02\/Logo-Echappe-Toi-Aventure-Immersive-big-with-baseline.png","width":"400","height":"234","caption":"\u00c9chappe-Toi"},"image":{"@id":"https:\/\/echappetoi.com\/#\/schema\/logo\/image\/"},"sameAs":["https:\/\/www.facebook.com\/echappetoi","https:\/\/x.com\/echappet","https:\/\/www.linkedin.com\/company\/echappe-toi"]}]}},"_links":{"self":[{"href":"https:\/\/echappetoi.com\/en\/wp-json\/wp\/v2\/pages\/2775","targetHints":{"allow":["GET"]}}],"collection":[{"href":"https:\/\/echappetoi.com\/en\/wp-json\/wp\/v2\/pages"}],"about":[{"href":"https:\/\/echappetoi.com\/en\/wp-json\/wp\/v2\/types\/page"}],"author":[{"embeddable":true,"href":"https:\/\/echappetoi.com\/en\/wp-json\/wp\/v2\/users\/5"}],"replies":[{"embeddable":true,"href":"https:\/\/echappetoi.com\/en\/wp-json\/wp\/v2\/comments?post=2775"}],"version-history":[{"count":0,"href":"https:\/\/echappetoi.com\/en\/wp-json\/wp\/v2\/pages\/2775\/revisions"}],"wp:attachment":[{"href":"https:\/\/echappetoi.com\/en\/wp-json\/wp\/v2\/media?parent=2775"}],"curies":[{"name":"wp","href":"https:\/\/api.w.org\/{rel}","templated":true}]}}